{"id":17799,"date":"2026-02-27T00:36:41","date_gmt":"2026-02-27T00:36:41","guid":{"rendered":"https:\/\/nordicmart.andreevmaster.com\/product\/little-tikes-bla-gungval\/"},"modified":"2026-02-27T08:25:57","modified_gmt":"2026-02-27T08:25:57","slug":"little-tikes-bla-gungval","status":"publish","type":"product","link":"https:\/\/nordicmart.andreevmaster.com\/sv\/produkt\/little-tikes-bla-gungval\/","title":{"rendered":"LITTLE TIKES Bl\u00e5 gungval"},"content":{"rendered":"<p>Den bl\u00e5 gungvalen fr\u00e5n det v\u00e4lk\u00e4nda varum\u00e4rket Little Tikes \u00e4r den perfekta presentid\u00e9n. Gungning \u00e4r en av de aktiviteter som barn tycker om, eftersom det p\u00e5minner dem om hur de blev omhuldade n\u00e4r de gungades, sv\u00e4ngdes och bars i sina f\u00f6r\u00e4ldrars armar. Om ditt barn gillar djur, s\u00e4tt det p\u00e5 v\u00e5r s\u00f6ta val och se hur snabbt ditt barn blir v\u00e4n med den. Lek ger inte bara mycket gl\u00e4dje, utan s\u00e4kerst\u00e4ller ocks\u00e5 att ditt barn utvecklas p\u00e5 r\u00e4tt s\u00e4tt. Gungningen stimulerar vestibul\u00e4ra systemet i ditt barns hj\u00e4rna, vilket hj\u00e4lper det att utvecklas p\u00e5 r\u00e4tt s\u00e4tt och l\u00e4ra sig att sitta och g\u00e5 snabbare. <\/p>\n<p>Med tanke p\u00e5 de allra minsta barnens s\u00e4kerhet har s\u00e4tet placerats l\u00e5gt, handtagen \u00e4r s\u00e4kert f\u00e4sta och fotst\u00f6det \u00e4r utformat s\u00e5 att ditt barns f\u00f6tter inte glider under leken och s\u00e5 att det finns gott om utrymme f\u00f6r ditt barn att k\u00e4nna sig bekv\u00e4mt.<\/p>\n<p>Egenskaper:<\/p>\n<p>* &#8211; 1, 2 eller 3 barn kan gunga samtidigt p\u00e5 den s\u00f6ta valen,<br \/>\n* &#8211; dess m\u00e5tt g\u00f6r att den kan anv\u00e4ndas b\u00e5de i tr\u00e4dg\u00e5rden och hemma,<br \/>\n* &#8211; valen \u00e4r utrustad med robusta, bekv\u00e4ma handtag,<br \/>\n* &#8211; breda och bekv\u00e4ma fotst\u00f6d.<\/p>\n<p>Little Tikes erbjuder kreativa l\u00f6sningar och h\u00e5llbarhet som g\u00f6r att barn kan leka i m\u00e5nga \u00e5r. D\u00e4rf\u00f6r \u00e4r en av deras flaggskeppsprodukter Cozy Coupe\u00ae-leksaksbilen, som har glatt barn i \u00f6ver trettio \u00e5r. De har ocks\u00e5 leksaker i f\u00f6ljande kategorier: lekstugor, hush\u00e5llsartiklar, gungor och lekplatser, gungh\u00e4star och g\u00e5stolar, m\u00f6bler, tr\u00e4dg\u00e5rdsleksaker, barnfordon, rutschkanor och kl\u00e4tterst\u00e4llningar.<\/p>\n","protected":false},"excerpt":{"rendered":"<p>Den bl\u00e5 gungvalen fr\u00e5n det v\u00e4lk\u00e4nda varum\u00e4rket Little Tikes \u00e4r den perfekta presentid\u00e9n. Gungning \u00e4r en av de aktiviteter som barn tycker om, eftersom det p\u00e5minner dem om hur de blev omhuldade n\u00e4r de gungades, sv\u00e4ngdes och bars i sina f\u00f6r\u00e4ldrars armar. Om ditt barn gillar djur, s\u00e4tt det p\u00e5 v\u00e5r s\u00f6ta val och se [&hellip;]<\/p>\n","protected":false},"featured_media":0,"comment_status":"open","ping_status":"closed","template":"","meta":[],"product_brand":[],"product_cat":[33],"product_tag":[],"class_list":{"0":"post-17799","1":"product","2":"type-product","3":"status-publish","5":"product_cat-okategoriserad","7":"first","8":"instock","9":"shipping-taxable","10":"purchasable","11":"product-type-simple"},"_links":{"self":[{"href":"https:\/\/nordicmart.andreevmaster.com\/sv\/wp-json\/wp\/v2\/product\/17799","targetHints":{"allow":["GET"]}}],"collection":[{"href":"https:\/\/nordicmart.andreevmaster.com\/sv\/wp-json\/wp\/v2\/product"}],"about":[{"href":"https:\/\/nordicmart.andreevmaster.com\/sv\/wp-json\/wp\/v2\/types\/product"}],"replies":[{"embeddable":true,"href":"https:\/\/nordicmart.andreevmaster.com\/sv\/wp-json\/wp\/v2\/comments?post=17799"}],"wp:attachment":[{"href":"https:\/\/nordicmart.andreevmaster.com\/sv\/wp-json\/wp\/v2\/media?parent=17799"}],"wp:term":[{"taxonomy":"product_brand","embeddable":true,"href":"https:\/\/nordicmart.andreevmaster.com\/sv\/wp-json\/wp\/v2\/product_brand?post=17799"},{"taxonomy":"product_cat","embeddable":true,"href":"https:\/\/nordicmart.andreevmaster.com\/sv\/wp-json\/wp\/v2\/product_cat?post=17799"},{"taxonomy":"product_tag","embeddable":true,"href":"https:\/\/nordicmart.andreevmaster.com\/sv\/wp-json\/wp\/v2\/product_tag?post=17799"}],"curies":[{"name":"wp","href":"https:\/\/api.w.org\/{rel}","templated":true}]}}