{"id":17798,"date":"2026-02-27T00:36:41","date_gmt":"2026-02-27T00:36:41","guid":{"rendered":"https:\/\/nordicmart.andreevmaster.com\/product\/little-tikes-garden-playhouse-log-cabin-2\/"},"modified":"2026-02-27T08:25:57","modified_gmt":"2026-02-27T08:25:57","slug":"little-tikes-garden-playhouse-log-cabin-2","status":"publish","type":"product","link":"https:\/\/nordicmart.andreevmaster.com\/sv\/produkt\/little-tikes-garden-playhouse-log-cabin-2\/","title":{"rendered":"Little Tikes Garden Playhouse Log Cabin"},"content":{"rendered":"<p>Denna tr\u00e4dg\u00e5rdslekstuga fr\u00e5n det v\u00e4lk\u00e4nda amerikanska f\u00f6retaget Little Tikes \u00e4r formad som en timmerstuga och ser extremt realistisk ut. Den h\u00e5llbara bruna stugan ser ut som en tr\u00e4konstruktion med dubbla v\u00e4ggar och kommer att ge m\u00e5nga \u00e5rs lekgl\u00e4dje. Den \u00e4r den perfekta l\u00f6sningen f\u00f6r v\u00e5r- och sommardagar. Ditt barn kommer att utvecklas fysiskt och l\u00e4ra sig att leka i grupp.<\/p>\n<p>* Lekstugan \u00e4r tillverkad av &#8221;tr\u00e4&#8221;balkv\u00e4ggar, med en passande gr\u00f6n takkonstruktion, l\u00e5sbara f\u00f6nsterluckor och en inredning med bord och lektelefon, och liknar en riktig j\u00e4garkoja, men med en modern twist.* Tr\u00e4huset \u00e4r l\u00e4tt att montera.<br \/>\n* Stolar och porslin ing\u00e5r inte i stugan. <\/p>\n<p>Att leka i detta hus \u00e4r ett riktigt \u00e4ventyr! <\/p>\n<p>F\u00f6rpackningens vikt: 50 kg <\/p>\n<p>Little Tikes produkter \u00e4r k\u00e4nda och \u00e4lskade p\u00e5 alla kontinenter, i m\u00e5nga hem, av otaliga leende barn och n\u00f6jda f\u00f6r\u00e4ldrar. Med barnens s\u00e4kerhet i \u00e5tanke tillverkar Little Tikes produkter som uppfyller alla n\u00f6dv\u00e4ndiga s\u00e4kerhetsstandarder. Med produktens h\u00e5llbarhet i \u00e5tanke \u00e4r leksakerna designade och tillverkade med den mest l\u00e4mpliga tekniken, n\u00e4mligen &#8221;rotationsgjutning&#8221;, vilket garanterar m\u00e5nga \u00e5rs lekgl\u00e4dje. Varning. Endast f\u00f6r hemmabruk.<\/p>\n","protected":false},"excerpt":{"rendered":"<p>Denna tr\u00e4dg\u00e5rdslekstuga fr\u00e5n det v\u00e4lk\u00e4nda amerikanska f\u00f6retaget Little Tikes \u00e4r formad som en timmerstuga och ser extremt realistisk ut. Den h\u00e5llbara bruna stugan ser ut som en tr\u00e4konstruktion med dubbla v\u00e4ggar och kommer att ge m\u00e5nga \u00e5rs lekgl\u00e4dje. Den \u00e4r den perfekta l\u00f6sningen f\u00f6r v\u00e5r- och sommardagar. Ditt barn kommer att utvecklas fysiskt och l\u00e4ra [&hellip;]<\/p>\n","protected":false},"featured_media":0,"comment_status":"open","ping_status":"closed","template":"","meta":[],"product_brand":[],"product_cat":[33],"product_tag":[],"class_list":{"0":"post-17798","1":"product","2":"type-product","3":"status-publish","5":"product_cat-okategoriserad","7":"first","8":"instock","9":"shipping-taxable","10":"purchasable","11":"product-type-simple"},"_links":{"self":[{"href":"https:\/\/nordicmart.andreevmaster.com\/sv\/wp-json\/wp\/v2\/product\/17798","targetHints":{"allow":["GET"]}}],"collection":[{"href":"https:\/\/nordicmart.andreevmaster.com\/sv\/wp-json\/wp\/v2\/product"}],"about":[{"href":"https:\/\/nordicmart.andreevmaster.com\/sv\/wp-json\/wp\/v2\/types\/product"}],"replies":[{"embeddable":true,"href":"https:\/\/nordicmart.andreevmaster.com\/sv\/wp-json\/wp\/v2\/comments?post=17798"}],"wp:attachment":[{"href":"https:\/\/nordicmart.andreevmaster.com\/sv\/wp-json\/wp\/v2\/media?parent=17798"}],"wp:term":[{"taxonomy":"product_brand","embeddable":true,"href":"https:\/\/nordicmart.andreevmaster.com\/sv\/wp-json\/wp\/v2\/product_brand?post=17798"},{"taxonomy":"product_cat","embeddable":true,"href":"https:\/\/nordicmart.andreevmaster.com\/sv\/wp-json\/wp\/v2\/product_cat?post=17798"},{"taxonomy":"product_tag","embeddable":true,"href":"https:\/\/nordicmart.andreevmaster.com\/sv\/wp-json\/wp\/v2\/product_tag?post=17798"}],"curies":[{"name":"wp","href":"https:\/\/api.w.org\/{rel}","templated":true}]}}