{"id":17797,"date":"2026-02-27T00:36:41","date_gmt":"2026-02-27T00:36:41","guid":{"rendered":"https:\/\/nordicmart.andreevmaster.com\/product\/stalriddarsvard-med-massingsornament-replika-96-cm-sp-c\/"},"modified":"2026-02-27T08:25:56","modified_gmt":"2026-02-27T08:25:56","slug":"stalriddarsvard-med-massingsornament-replika-96-cm-sp-c","status":"publish","type":"product","link":"https:\/\/nordicmart.andreevmaster.com\/sv\/produkt\/stalriddarsvard-med-massingsornament-replika-96-cm-sp-c\/","title":{"rendered":"St\u00e5lriddarsv\u00e4rd med m\u00e4ssingsornament \u2013 Replika 96 cm \u2013 SP-C"},"content":{"rendered":"<p>St\u00e5lriddarsv\u00e4rd med m\u00e4ssingsornament \u2013 Replika 96 cm \u2013 SP-C&nbsp;&nbsp;&nbsp;St\u00e5lriddarsv\u00e4rd \u2013 Replika 96 cm \u2013 SP-C \u00e4r en majest\u00e4tisk replika av ett riddarsv\u00e4rd fr\u00e5n 1500-talet, som tar oss tillbaka till en svunnen tid med \u00e4rofulla riddare och en era full av heroiska er\u00f6vringar. Denna rikt dekorerade replika v\u00e4cker uppm\u00e4rksamhet med sitt precisa hantverk och sin detaljrikedom.&nbsp;Denna noggrant reproducerade replika \u00e4r en unik present f\u00f6r historie\u00e4lskare, vapensamlare och fans av riddarlegender. Den \u00e4r ocks\u00e5 en utm\u00e4rkt present till reenactors. Den kan ocks\u00e5 vara en intressant inredningsdetalj.&nbsp;&nbsp;Produktinformation:&nbsp;M\u00e5tt: 96 cmReplika av ett sv\u00e4rd fr\u00e5n 1500-taletBlad av rostfritt st\u00e5l (sl\u00f6 blad)Rika dekorationer p\u00e5 handtaget och f\u00e4stet &#8211; tillverkade av m\u00e4ssing&nbsp;<\/p>\n","protected":false},"excerpt":{"rendered":"<p>St\u00e5lriddarsv\u00e4rd med m\u00e4ssingsornament \u2013 Replika 96 cm \u2013 SP-C&nbsp;&nbsp;&nbsp;St\u00e5lriddarsv\u00e4rd \u2013 Replika 96 cm \u2013 SP-C \u00e4r en majest\u00e4tisk replika av ett riddarsv\u00e4rd fr\u00e5n 1500-talet, som tar oss tillbaka till en svunnen tid med \u00e4rofulla riddare och en era full av heroiska er\u00f6vringar. Denna rikt dekorerade replika v\u00e4cker uppm\u00e4rksamhet med sitt precisa hantverk och sin detaljrikedom.&nbsp;Denna [&hellip;]<\/p>\n","protected":false},"featured_media":45024,"comment_status":"open","ping_status":"closed","template":"","meta":[],"product_brand":[],"product_cat":[33],"product_tag":[],"class_list":{"0":"post-17797","1":"product","2":"type-product","3":"status-publish","4":"has-post-thumbnail","6":"product_cat-okategoriserad","8":"first","9":"instock","10":"shipping-taxable","11":"purchasable","12":"product-type-simple"},"_links":{"self":[{"href":"https:\/\/nordicmart.andreevmaster.com\/sv\/wp-json\/wp\/v2\/product\/17797","targetHints":{"allow":["GET"]}}],"collection":[{"href":"https:\/\/nordicmart.andreevmaster.com\/sv\/wp-json\/wp\/v2\/product"}],"about":[{"href":"https:\/\/nordicmart.andreevmaster.com\/sv\/wp-json\/wp\/v2\/types\/product"}],"replies":[{"embeddable":true,"href":"https:\/\/nordicmart.andreevmaster.com\/sv\/wp-json\/wp\/v2\/comments?post=17797"}],"wp:featuredmedia":[{"embeddable":true,"href":"https:\/\/nordicmart.andreevmaster.com\/sv\/wp-json\/wp\/v2\/media\/45024"}],"wp:attachment":[{"href":"https:\/\/nordicmart.andreevmaster.com\/sv\/wp-json\/wp\/v2\/media?parent=17797"}],"wp:term":[{"taxonomy":"product_brand","embeddable":true,"href":"https:\/\/nordicmart.andreevmaster.com\/sv\/wp-json\/wp\/v2\/product_brand?post=17797"},{"taxonomy":"product_cat","embeddable":true,"href":"https:\/\/nordicmart.andreevmaster.com\/sv\/wp-json\/wp\/v2\/product_cat?post=17797"},{"taxonomy":"product_tag","embeddable":true,"href":"https:\/\/nordicmart.andreevmaster.com\/sv\/wp-json\/wp\/v2\/product_tag?post=17797"}],"curies":[{"name":"wp","href":"https:\/\/api.w.org\/{rel}","templated":true}]}}