{"id":17796,"date":"2026-02-27T00:36:40","date_gmt":"2026-02-27T00:36:40","guid":{"rendered":"https:\/\/nordicmart.andreevmaster.com\/product\/morning-star-replica-2\/"},"modified":"2026-02-27T08:25:56","modified_gmt":"2026-02-27T08:25:56","slug":"morning-star-replica-2","status":"publish","type":"product","link":"https:\/\/nordicmart.andreevmaster.com\/sv\/produkt\/morning-star-replica-2\/","title":{"rendered":"Morning Star Replica"},"content":{"rendered":"<p>Morning Star Replica&nbsp;&nbsp;&nbsp;Replika av ett historiskt vapen \u2013 Morning Star, tillverkad med omsorg om detaljerna. Kombinationen av tr\u00e4, metall och l\u00e4derliknande material ger den ett autentiskt utseende som passar perfekt till atmosf\u00e4ren i medeltida strider och tornerspel.&nbsp;&nbsp;Produktinformation:&nbsp;Material: tr\u00e4, metall, l\u00e4derliknande materialHandtagets l\u00e4ngd: 25 cmTotal l\u00e4ngd: 46 cmPerfekt f\u00f6r historie\u00e4lskare \u2013 en perfekt present till medeltidsentusiaster, reenactors och samlare av vita vapen.Originaldekoration \u2013 ett fantastiskt inslag i inredningen i historisk eller fantasystil.Rekvisita f\u00f6r cosplay och reenactment \u2013 ett perfekt komplement till riddardr\u00e4kter och temaf\u00f6rest\u00e4llningar.&nbsp;<\/p>\n","protected":false},"excerpt":{"rendered":"<p>Morning Star Replica&nbsp;&nbsp;&nbsp;Replika av ett historiskt vapen \u2013 Morning Star, tillverkad med omsorg om detaljerna. Kombinationen av tr\u00e4, metall och l\u00e4derliknande material ger den ett autentiskt utseende som passar perfekt till atmosf\u00e4ren i medeltida strider och tornerspel.&nbsp;&nbsp;Produktinformation:&nbsp;Material: tr\u00e4, metall, l\u00e4derliknande materialHandtagets l\u00e4ngd: 25 cmTotal l\u00e4ngd: 46 cmPerfekt f\u00f6r historie\u00e4lskare \u2013 en perfekt present till medeltidsentusiaster, [&hellip;]<\/p>\n","protected":false},"featured_media":45023,"comment_status":"open","ping_status":"closed","template":"","meta":[],"product_brand":[],"product_cat":[33],"product_tag":[],"class_list":{"0":"post-17796","1":"product","2":"type-product","3":"status-publish","4":"has-post-thumbnail","6":"product_cat-okategoriserad","8":"first","9":"instock","10":"shipping-taxable","11":"purchasable","12":"product-type-simple"},"_links":{"self":[{"href":"https:\/\/nordicmart.andreevmaster.com\/sv\/wp-json\/wp\/v2\/product\/17796","targetHints":{"allow":["GET"]}}],"collection":[{"href":"https:\/\/nordicmart.andreevmaster.com\/sv\/wp-json\/wp\/v2\/product"}],"about":[{"href":"https:\/\/nordicmart.andreevmaster.com\/sv\/wp-json\/wp\/v2\/types\/product"}],"replies":[{"embeddable":true,"href":"https:\/\/nordicmart.andreevmaster.com\/sv\/wp-json\/wp\/v2\/comments?post=17796"}],"wp:featuredmedia":[{"embeddable":true,"href":"https:\/\/nordicmart.andreevmaster.com\/sv\/wp-json\/wp\/v2\/media\/45023"}],"wp:attachment":[{"href":"https:\/\/nordicmart.andreevmaster.com\/sv\/wp-json\/wp\/v2\/media?parent=17796"}],"wp:term":[{"taxonomy":"product_brand","embeddable":true,"href":"https:\/\/nordicmart.andreevmaster.com\/sv\/wp-json\/wp\/v2\/product_brand?post=17796"},{"taxonomy":"product_cat","embeddable":true,"href":"https:\/\/nordicmart.andreevmaster.com\/sv\/wp-json\/wp\/v2\/product_cat?post=17796"},{"taxonomy":"product_tag","embeddable":true,"href":"https:\/\/nordicmart.andreevmaster.com\/sv\/wp-json\/wp\/v2\/product_tag?post=17796"}],"curies":[{"name":"wp","href":"https:\/\/api.w.org\/{rel}","templated":true}]}}