{"id":17795,"date":"2026-02-27T00:36:40","date_gmt":"2026-02-27T00:36:40","guid":{"rendered":"https:\/\/nordicmart.andreevmaster.com\/product\/woopie-baby-push-toy-walker-educational-table-scooter-ride-on-toy-4-in-1-2\/"},"modified":"2026-02-27T08:25:56","modified_gmt":"2026-02-27T08:25:56","slug":"woopie-baby-push-toy-walker-educational-table-scooter-ride-on-toy-4-in-1-2","status":"publish","type":"product","link":"https:\/\/nordicmart.andreevmaster.com\/sv\/produkt\/woopie-baby-push-toy-walker-educational-table-scooter-ride-on-toy-4-in-1-2\/","title":{"rendered":"WOOPIE BABY Push Toy Walker Educational Table Scooter Ride-on Toy 4-in-1"},"content":{"rendered":"<p>Uppt\u00e4ck o\u00e4ndliga m\u00f6jligheter till lek med det multifunktionella interaktiva \u00e5kleksaken 4-i-1 fr\u00e5n WOOPIE! Denna pedagogiska pushleksak kommer att bli din lilles favoritkompis och f\u00f6lja dem steg f\u00f6r steg fr\u00e5n de f\u00f6rsta dagarna av krypande till att r\u00f6ra sig fritt. <\/p>\n<p>Leksaken \u00e4r en riktig skattkista full av \u00f6verraskningar som ditt barn kan uppt\u00e4cka p\u00e5 egen hand. Detta underl\u00e4ttas av kombinationen av flera funktioner i en leksak: en pushleksak, scooter, \u00e5kleksak och pedagogiskt bord, vilket inneb\u00e4r att ditt barn inte kommer att tr\u00f6ttna p\u00e5 den p\u00e5 l\u00e4nge.Huvudpanelen erbjuder en m\u00e4ngd attraktioner: en miniorgelkrabba f\u00f6r musikalisk utveckling, r\u00f6rliga &#8221;d\u00f6rrar&#8221; med glada djur, roterande kugghjul, f\u00e4rgglada block p\u00e5 sn\u00f6ren f\u00f6r att l\u00e4ra sig former och f\u00e4rger, en roterande skallra, en minikalkylator med skivor och mycket mer. S\u00e4kerheten kommer f\u00f6rst \u2013 leksaken \u00e4r tillverkad av certifierade och estetiska material av h\u00f6gsta kvalitet. Leksaken har inga oj\u00e4mna ytor eller vassa kanter, vilket garanterar fullst\u00e4ndig s\u00e4kerhet vid anv\u00e4ndning. Produktegenskaper:<\/p>\n<p>* &#8211; leksak f\u00f6r barn fr\u00e5n 12 m\u00e5nader,<br \/>\n* &#8211; 4-i-1 pedagogisk leksak: skjutleksak, sparkcykel, \u00e5kleksak, bord,<br \/>\n* &#8211; pedagogisk panel med interaktiva element,<br \/>\n* &#8211; tillverkad av certifierade material av h\u00f6gsta kvalitet,* &#8211; bakhjulen kan l\u00e5sas,<br \/>\n* &#8211; tysta hjul som inte repar ytor<\/p>\n<p>Leksaken utvecklar:<\/p>\n<p>* &#8211; manuell skicklighet,<br \/>\n* &#8211; motorisk koordination,<br \/>\n* &#8211; f\u00f6rm\u00e5gan att urskilja former och f\u00e4rger,<br \/>\n* &#8211; kreativitet och fantasi,<br \/>\n* &#8211; logiskt t\u00e4nkande.<\/p>\n","protected":false},"excerpt":{"rendered":"<p>Uppt\u00e4ck o\u00e4ndliga m\u00f6jligheter till lek med det multifunktionella interaktiva \u00e5kleksaken 4-i-1 fr\u00e5n WOOPIE! Denna pedagogiska pushleksak kommer att bli din lilles favoritkompis och f\u00f6lja dem steg f\u00f6r steg fr\u00e5n de f\u00f6rsta dagarna av krypande till att r\u00f6ra sig fritt. Leksaken \u00e4r en riktig skattkista full av \u00f6verraskningar som ditt barn kan uppt\u00e4cka p\u00e5 egen hand. [&hellip;]<\/p>\n","protected":false},"featured_media":0,"comment_status":"open","ping_status":"closed","template":"","meta":[],"product_brand":[],"product_cat":[33],"product_tag":[],"class_list":{"0":"post-17795","1":"product","2":"type-product","3":"status-publish","5":"product_cat-okategoriserad","7":"first","8":"instock","9":"shipping-taxable","10":"purchasable","11":"product-type-simple"},"_links":{"self":[{"href":"https:\/\/nordicmart.andreevmaster.com\/sv\/wp-json\/wp\/v2\/product\/17795","targetHints":{"allow":["GET"]}}],"collection":[{"href":"https:\/\/nordicmart.andreevmaster.com\/sv\/wp-json\/wp\/v2\/product"}],"about":[{"href":"https:\/\/nordicmart.andreevmaster.com\/sv\/wp-json\/wp\/v2\/types\/product"}],"replies":[{"embeddable":true,"href":"https:\/\/nordicmart.andreevmaster.com\/sv\/wp-json\/wp\/v2\/comments?post=17795"}],"wp:attachment":[{"href":"https:\/\/nordicmart.andreevmaster.com\/sv\/wp-json\/wp\/v2\/media?parent=17795"}],"wp:term":[{"taxonomy":"product_brand","embeddable":true,"href":"https:\/\/nordicmart.andreevmaster.com\/sv\/wp-json\/wp\/v2\/product_brand?post=17795"},{"taxonomy":"product_cat","embeddable":true,"href":"https:\/\/nordicmart.andreevmaster.com\/sv\/wp-json\/wp\/v2\/product_cat?post=17795"},{"taxonomy":"product_tag","embeddable":true,"href":"https:\/\/nordicmart.andreevmaster.com\/sv\/wp-json\/wp\/v2\/product_tag?post=17795"}],"curies":[{"name":"wp","href":"https:\/\/api.w.org\/{rel}","templated":true}]}}