{"id":17794,"date":"2026-02-27T00:36:40","date_gmt":"2026-02-27T00:36:40","guid":{"rendered":"https:\/\/nordicmart.andreevmaster.com\/product\/woopie-castle-playground-3-in-1-swing-slide-166-cm-2\/"},"modified":"2026-02-27T08:25:56","modified_gmt":"2026-02-27T08:25:56","slug":"woopie-castle-playground-3-in-1-swing-slide-166-cm-2","status":"publish","type":"product","link":"https:\/\/nordicmart.andreevmaster.com\/sv\/produkt\/woopie-castle-playground-3-in-1-swing-slide-166-cm-2\/","title":{"rendered":"WOOPIE Castle Playground 3-in-1 Swing Slide 166 cm"},"content":{"rendered":"<p>Castle Playground \u00e4r en enorm f\u00e4stning d\u00e4r ditt barn och dess v\u00e4nner kan leka! Lekplatsen best\u00e5r av ett torn med rutschkana och gunga. Tornet har m\u00e5nga f\u00f6nster och \u00f6ppningar som sl\u00e4pper in mycket ljus. Dessutom kan man g\u00e5 ut genom sidod\u00f6rren och anv\u00e4nda trappan med stabila r\u00e4cken f\u00f6r att kl\u00e4ttra upp till toppen av tornet och \u00e5ka nerf\u00f6r den 166 cm l\u00e5nga rutschkanan. Tornet har h\u00f6ga sidoskydd som skyddar barnen n\u00e4r de anv\u00e4nder rutschkanan, som \u00e4r l\u00e5ng och ganska brant, vilket g\u00f6r alla barn n\u00f6jda. Denna underbara lekplats kompletteras av en gunga som kan st\u00e4llas in p\u00e5 tre olika s\u00e4tt beroende p\u00e5 barnens \u00e5lder och behov (maximal belastning 50 kg). Den \u00e4r tillverkad av h\u00f6gkvalitativ UV-skyddad plast \u2013 idealisk f\u00f6r utomhusbruk och perfekt f\u00f6r lek hemma!<\/p>\n<p>Egenskaper:<\/p>\n<p>* &#8211; leksak f\u00f6r barn fr\u00e5n 3 \u00e5r<br \/>\n* &#8211; 3-i-1 \u2013 torn, rutschkana och gunga<br \/>\n* &#8211; rutschkanans l\u00e4ngd: 166 cm<br \/>\n* &#8211; max. belastning: 50 (kg)<br \/>\n* &#8211; medeltida design<br \/>\n* &#8211; tillverkad av barnv\u00e4nligt, s\u00e4kert, UV-skyddat och h\u00e5llbart material<br \/>\n* &#8211; utvecklar grovmotorik, fantasi och kreativitet hos barn<br \/>\n* &#8211; f\u00f6r inomhus- och utomhusbruk<\/p>\n","protected":false},"excerpt":{"rendered":"<p>Castle Playground \u00e4r en enorm f\u00e4stning d\u00e4r ditt barn och dess v\u00e4nner kan leka! Lekplatsen best\u00e5r av ett torn med rutschkana och gunga. Tornet har m\u00e5nga f\u00f6nster och \u00f6ppningar som sl\u00e4pper in mycket ljus. Dessutom kan man g\u00e5 ut genom sidod\u00f6rren och anv\u00e4nda trappan med stabila r\u00e4cken f\u00f6r att kl\u00e4ttra upp till toppen av tornet [&hellip;]<\/p>\n","protected":false},"featured_media":0,"comment_status":"open","ping_status":"closed","template":"","meta":[],"product_brand":[],"product_cat":[33],"product_tag":[],"class_list":{"0":"post-17794","1":"product","2":"type-product","3":"status-publish","5":"product_cat-okategoriserad","7":"first","8":"instock","9":"shipping-taxable","10":"purchasable","11":"product-type-simple"},"_links":{"self":[{"href":"https:\/\/nordicmart.andreevmaster.com\/sv\/wp-json\/wp\/v2\/product\/17794","targetHints":{"allow":["GET"]}}],"collection":[{"href":"https:\/\/nordicmart.andreevmaster.com\/sv\/wp-json\/wp\/v2\/product"}],"about":[{"href":"https:\/\/nordicmart.andreevmaster.com\/sv\/wp-json\/wp\/v2\/types\/product"}],"replies":[{"embeddable":true,"href":"https:\/\/nordicmart.andreevmaster.com\/sv\/wp-json\/wp\/v2\/comments?post=17794"}],"wp:attachment":[{"href":"https:\/\/nordicmart.andreevmaster.com\/sv\/wp-json\/wp\/v2\/media?parent=17794"}],"wp:term":[{"taxonomy":"product_brand","embeddable":true,"href":"https:\/\/nordicmart.andreevmaster.com\/sv\/wp-json\/wp\/v2\/product_brand?post=17794"},{"taxonomy":"product_cat","embeddable":true,"href":"https:\/\/nordicmart.andreevmaster.com\/sv\/wp-json\/wp\/v2\/product_cat?post=17794"},{"taxonomy":"product_tag","embeddable":true,"href":"https:\/\/nordicmart.andreevmaster.com\/sv\/wp-json\/wp\/v2\/product_tag?post=17794"}],"curies":[{"name":"wp","href":"https:\/\/api.w.org\/{rel}","templated":true}]}}