{"id":17793,"date":"2026-02-27T00:36:40","date_gmt":"2026-02-27T00:36:40","guid":{"rendered":"https:\/\/nordicmart.andreevmaster.com\/product\/woopie-lekhus-med-rutschkana-123-cm\/"},"modified":"2026-02-27T08:25:55","modified_gmt":"2026-02-27T08:25:55","slug":"woopie-lekhus-med-rutschkana-123-cm","status":"publish","type":"product","link":"https:\/\/nordicmart.andreevmaster.com\/sv\/produkt\/woopie-lekhus-med-rutschkana-123-cm\/","title":{"rendered":"WOOPIE Lekhus med rutschkana 123 cm"},"content":{"rendered":"<p>WOOPIE lekplats \u00e4r den perfekta platsen f\u00f6r ditt barn och dess v\u00e4nner att leka p\u00e5! Lekplatsen best\u00e5r av tv\u00e5 hus och en rutschkana. Huset har gott om utrymme att leka p\u00e5 och \u00f6ppningsbara d\u00f6rrar och f\u00f6nster. Rutschkanan \u00e4r 123 cm l\u00e5ng. Den \u00e4r tillverkad av h\u00f6gkvalitativ UV-skyddad plast \u2013 idealisk f\u00f6r utomhusbruk och perfekt f\u00f6r lek hemma!<br \/>\nEgenskaper:<br \/>\n* &#8211; leksak f\u00f6r barn fr\u00e5n 3 \u00e5r<br \/>\n* &#8211; rutschkanans l\u00e4ngd: 123 cm<br \/>\n* &#8211; utrustad med 2 hus och rutschkanor<br \/>\n* &#8211; tillverkad av barnv\u00e4nligt, s\u00e4kert, UV-skyddat och h\u00e5llbart material<br \/>\n* &#8211; utvecklar grovmotorik, fantasi och kreativitet hos barn<br \/>\n* &#8211; f\u00f6r inomhus- och utomhusbruk.<\/p>\n","protected":false},"excerpt":{"rendered":"<p>WOOPIE lekplats \u00e4r den perfekta platsen f\u00f6r ditt barn och dess v\u00e4nner att leka p\u00e5! Lekplatsen best\u00e5r av tv\u00e5 hus och en rutschkana. Huset har gott om utrymme att leka p\u00e5 och \u00f6ppningsbara d\u00f6rrar och f\u00f6nster. Rutschkanan \u00e4r 123 cm l\u00e5ng. Den \u00e4r tillverkad av h\u00f6gkvalitativ UV-skyddad plast \u2013 idealisk f\u00f6r utomhusbruk och perfekt f\u00f6r [&hellip;]<\/p>\n","protected":false},"featured_media":0,"comment_status":"open","ping_status":"closed","template":"","meta":[],"product_brand":[],"product_cat":[33],"product_tag":[],"class_list":{"0":"post-17793","1":"product","2":"type-product","3":"status-publish","5":"product_cat-okategoriserad","7":"first","8":"instock","9":"shipping-taxable","10":"purchasable","11":"product-type-simple"},"_links":{"self":[{"href":"https:\/\/nordicmart.andreevmaster.com\/sv\/wp-json\/wp\/v2\/product\/17793","targetHints":{"allow":["GET"]}}],"collection":[{"href":"https:\/\/nordicmart.andreevmaster.com\/sv\/wp-json\/wp\/v2\/product"}],"about":[{"href":"https:\/\/nordicmart.andreevmaster.com\/sv\/wp-json\/wp\/v2\/types\/product"}],"replies":[{"embeddable":true,"href":"https:\/\/nordicmart.andreevmaster.com\/sv\/wp-json\/wp\/v2\/comments?post=17793"}],"wp:attachment":[{"href":"https:\/\/nordicmart.andreevmaster.com\/sv\/wp-json\/wp\/v2\/media?parent=17793"}],"wp:term":[{"taxonomy":"product_brand","embeddable":true,"href":"https:\/\/nordicmart.andreevmaster.com\/sv\/wp-json\/wp\/v2\/product_brand?post=17793"},{"taxonomy":"product_cat","embeddable":true,"href":"https:\/\/nordicmart.andreevmaster.com\/sv\/wp-json\/wp\/v2\/product_cat?post=17793"},{"taxonomy":"product_tag","embeddable":true,"href":"https:\/\/nordicmart.andreevmaster.com\/sv\/wp-json\/wp\/v2\/product_tag?post=17793"}],"curies":[{"name":"wp","href":"https:\/\/api.w.org\/{rel}","templated":true}]}}