{"id":17792,"date":"2026-02-27T00:36:39","date_gmt":"2026-02-27T00:36:39","guid":{"rendered":"https:\/\/nordicmart.andreevmaster.com\/product\/little-tikes-stort-picknickbord-blatt-bord\/"},"modified":"2026-02-27T08:25:55","modified_gmt":"2026-02-27T08:25:55","slug":"little-tikes-stort-picknickbord-blatt-bord","status":"publish","type":"product","link":"https:\/\/nordicmart.andreevmaster.com\/sv\/produkt\/little-tikes-stort-picknickbord-blatt-bord\/","title":{"rendered":"Little Tikes Stort picknickbord Bl\u00e5tt bord"},"content":{"rendered":"<p>Utrustning och funktioner:<\/p>\n<p>-6 barn kan sitta vid det stora picknickbordet samtidigt<\/p>\n<p>-Bordet \u00e4r perfekt f\u00f6r alla typer av aktiviteter och lek<\/p>\n<p>-Det \u00e4r utrustat med bekv\u00e4ma sittplatser<\/p>\n<p>-Rundade och sl\u00e4ta kanter f\u00f6r s\u00e4kerhet<\/p>\n<p>-L\u00e4tt att h\u00e5lla rent<\/p>\n<p>Little Tikes produkter \u00e4r k\u00e4nda och \u00e4lskade p\u00e5 alla kontinenter, i m\u00e5nga hem, av otaliga leende barn och n\u00f6jda f\u00f6r\u00e4ldrar. Little Tikes tillverkar produkter som garanterar alla n\u00f6dv\u00e4ndiga s\u00e4kerhetsstandarder. Med produktens h\u00e5llbarhet i \u00e5tanke \u00e4r leksakerna designade och tillverkade med den mest l\u00e4mpliga tekniken, rotationsgjutning, vilket garanterar m\u00e5nga \u00e5rs lekgl\u00e4dje.<\/p>\n","protected":false},"excerpt":{"rendered":"<p>Utrustning och funktioner: -6 barn kan sitta vid det stora picknickbordet samtidigt -Bordet \u00e4r perfekt f\u00f6r alla typer av aktiviteter och lek -Det \u00e4r utrustat med bekv\u00e4ma sittplatser -Rundade och sl\u00e4ta kanter f\u00f6r s\u00e4kerhet -L\u00e4tt att h\u00e5lla rent Little Tikes produkter \u00e4r k\u00e4nda och \u00e4lskade p\u00e5 alla kontinenter, i m\u00e5nga hem, av otaliga leende barn [&hellip;]<\/p>\n","protected":false},"featured_media":0,"comment_status":"open","ping_status":"closed","template":"","meta":[],"product_brand":[],"product_cat":[33],"product_tag":[],"class_list":{"0":"post-17792","1":"product","2":"type-product","3":"status-publish","5":"product_cat-okategoriserad","7":"first","8":"instock","9":"shipping-taxable","10":"purchasable","11":"product-type-simple"},"_links":{"self":[{"href":"https:\/\/nordicmart.andreevmaster.com\/sv\/wp-json\/wp\/v2\/product\/17792","targetHints":{"allow":["GET"]}}],"collection":[{"href":"https:\/\/nordicmart.andreevmaster.com\/sv\/wp-json\/wp\/v2\/product"}],"about":[{"href":"https:\/\/nordicmart.andreevmaster.com\/sv\/wp-json\/wp\/v2\/types\/product"}],"replies":[{"embeddable":true,"href":"https:\/\/nordicmart.andreevmaster.com\/sv\/wp-json\/wp\/v2\/comments?post=17792"}],"wp:attachment":[{"href":"https:\/\/nordicmart.andreevmaster.com\/sv\/wp-json\/wp\/v2\/media?parent=17792"}],"wp:term":[{"taxonomy":"product_brand","embeddable":true,"href":"https:\/\/nordicmart.andreevmaster.com\/sv\/wp-json\/wp\/v2\/product_brand?post=17792"},{"taxonomy":"product_cat","embeddable":true,"href":"https:\/\/nordicmart.andreevmaster.com\/sv\/wp-json\/wp\/v2\/product_cat?post=17792"},{"taxonomy":"product_tag","embeddable":true,"href":"https:\/\/nordicmart.andreevmaster.com\/sv\/wp-json\/wp\/v2\/product_tag?post=17792"}],"curies":[{"name":"wp","href":"https:\/\/api.w.org\/{rel}","templated":true}]}}