{"id":17791,"date":"2026-02-27T00:36:39","date_gmt":"2026-02-27T00:36:39","guid":{"rendered":"https:\/\/nordicmart.andreevmaster.com\/product\/woopie-sensorisk-ortopedisk-matta-for-hemma-spa-12-st\/"},"modified":"2026-02-27T08:25:55","modified_gmt":"2026-02-27T08:25:55","slug":"woopie-sensorisk-ortopedisk-matta-for-hemma-spa-12-st","status":"publish","type":"product","link":"https:\/\/nordicmart.andreevmaster.com\/sv\/produkt\/woopie-sensorisk-ortopedisk-matta-for-hemma-spa-12-st\/","title":{"rendered":"WOOPIE Sensorisk ortopedisk matta f\u00f6r hemma-SPA 12 st."},"content":{"rendered":"<p>Ett set med sensoriska mattor f\u00f6r hemma-SPA rekommenderade av varum\u00e4rket Woopie ger dig avkoppling och h\u00e4lsa. Mattan kan placeras i duschen och anv\u00e4ndas f\u00f6r en avkopplande fotmassage. P\u00e5 kv\u00e4llen lindrar massagen tr\u00f6tta och svullna ben, och p\u00e5 morgonen ger den ny energi inf\u00f6r dagen. Mattan kan ocks\u00e5 placeras i badrummet vid spegeln och anv\u00e4ndas f\u00f6r att stimulera receptorerna i f\u00f6tterna medan du till exempel torkar h\u00e5ret. Setet inneh\u00e5ller 12 delar. Det best\u00e5r av ytor som st\u00e4rker k\u00e4rnan och s\u00e4kerst\u00e4ller balans och stabilitet under tr\u00e4ningen. En ytterligare f\u00f6rdel \u00e4r att det st\u00e4rker vristerna och de inre musklerna, vilket hj\u00e4lper till att uppr\u00e4tth\u00e5lla en korrekt h\u00e5llning.Anv\u00e4ndningen av mattan stimulerar sinnena, masserar f\u00f6tterna och minskar f\u00f6rekomsten av platta f\u00f6tter. Mattorna p\u00e5verkar ocks\u00e5 barnets sensoriska integration, dvs. f\u00f6rm\u00e5gan att k\u00e4nna och reagera p\u00e5 information fr\u00e5n kroppen och omgivningen.<\/p>\n<p>Egenskaper:<\/p>\n<p>* &#8211; sensorisk, ortopedisk matta<br \/>\n* &#8211; fotmassage<br \/>\n* &#8211; kan placeras i duschen, spegeln<br \/>\n* &#8211; h\u00e4lsa och n\u00f6je<br \/>\n* &#8211; f\u00f6r barn och vuxna som \u00e4lskar att g\u00e5 barfota<\/p>\n<p>F\u00f6rdelar och funktion:<\/p>\n<p>* &#8211; st\u00e4rker k\u00e4rnan och s\u00e4kerst\u00e4ller balans och stabilitet under tr\u00e4ningen<br \/>\n* &#8211; st\u00e4rker vristerna och de inre musklerna, vilket hj\u00e4lper till att uppr\u00e4tth\u00e5lla en korrekt h\u00e5llning<br \/>\n* &#8211; stimulerar sinnena, masserar f\u00f6tterna och minskar platta f\u00f6tter<br \/>\n* &#8211; p\u00e5verkar barnets sensoriska integration, dvs. f\u00f6rm\u00e5gan att k\u00e4nna och reagera p\u00e5 information fr\u00e5n kroppen och omgivningen<br \/>\n* &#8211; ger avkoppling<\/p>\n<p>Mattan best\u00e5r av 12 delar: &#8211; 4x mattor: mjuk beige \u00e4ng, h\u00e5rda beige r\u00f6tter, stora h\u00e5rda gr\u00e5 stenar, sm\u00e5 h\u00e5rda gr\u00e5 sm\u00e5stenar &#8211; 8x beige avslutningsdelar<\/p>\n","protected":false},"excerpt":{"rendered":"<p>Ett set med sensoriska mattor f\u00f6r hemma-SPA rekommenderade av varum\u00e4rket Woopie ger dig avkoppling och h\u00e4lsa. Mattan kan placeras i duschen och anv\u00e4ndas f\u00f6r en avkopplande fotmassage. P\u00e5 kv\u00e4llen lindrar massagen tr\u00f6tta och svullna ben, och p\u00e5 morgonen ger den ny energi inf\u00f6r dagen. Mattan kan ocks\u00e5 placeras i badrummet vid spegeln och anv\u00e4ndas f\u00f6r [&hellip;]<\/p>\n","protected":false},"featured_media":0,"comment_status":"open","ping_status":"closed","template":"","meta":[],"product_brand":[],"product_cat":[33],"product_tag":[],"class_list":{"0":"post-17791","1":"product","2":"type-product","3":"status-publish","5":"product_cat-okategoriserad","7":"first","8":"instock","9":"shipping-taxable","10":"purchasable","11":"product-type-simple"},"_links":{"self":[{"href":"https:\/\/nordicmart.andreevmaster.com\/sv\/wp-json\/wp\/v2\/product\/17791","targetHints":{"allow":["GET"]}}],"collection":[{"href":"https:\/\/nordicmart.andreevmaster.com\/sv\/wp-json\/wp\/v2\/product"}],"about":[{"href":"https:\/\/nordicmart.andreevmaster.com\/sv\/wp-json\/wp\/v2\/types\/product"}],"replies":[{"embeddable":true,"href":"https:\/\/nordicmart.andreevmaster.com\/sv\/wp-json\/wp\/v2\/comments?post=17791"}],"wp:attachment":[{"href":"https:\/\/nordicmart.andreevmaster.com\/sv\/wp-json\/wp\/v2\/media?parent=17791"}],"wp:term":[{"taxonomy":"product_brand","embeddable":true,"href":"https:\/\/nordicmart.andreevmaster.com\/sv\/wp-json\/wp\/v2\/product_brand?post=17791"},{"taxonomy":"product_cat","embeddable":true,"href":"https:\/\/nordicmart.andreevmaster.com\/sv\/wp-json\/wp\/v2\/product_cat?post=17791"},{"taxonomy":"product_tag","embeddable":true,"href":"https:\/\/nordicmart.andreevmaster.com\/sv\/wp-json\/wp\/v2\/product_tag?post=17791"}],"curies":[{"name":"wp","href":"https:\/\/api.w.org\/{rel}","templated":true}]}}