{"id":17787,"date":"2026-02-27T00:36:38","date_gmt":"2026-02-27T00:36:38","guid":{"rendered":"https:\/\/nordicmart.andreevmaster.com\/product\/woopie-sensorisk-ortopedisk-pusselmattor-for-hander-och-fotter-16-st-gra\/"},"modified":"2026-02-27T08:25:54","modified_gmt":"2026-02-27T08:25:54","slug":"woopie-sensorisk-ortopedisk-pusselmattor-for-hander-och-fotter-16-st-gra","status":"publish","type":"product","link":"https:\/\/nordicmart.andreevmaster.com\/sv\/produkt\/woopie-sensorisk-ortopedisk-pusselmattor-for-hander-och-fotter-16-st-gra\/","title":{"rendered":"WOOPIE Sensorisk ortopedisk pusselmattor f\u00f6r h\u00e4nder och f\u00f6tter 16 st. &#8211; Gr\u00e5"},"content":{"rendered":"<p>Denna sensoriska matta rekommenderas av Woopie och har utm\u00e4rkta ortopediska egenskaper som \u00e4r viktiga f\u00f6r att st\u00f6dja ditt barns utveckling. Den kan ocks\u00e5 vara mycket rolig f\u00f6r barn som \u00e4lskar att g\u00e5 barfota. Setet inneh\u00e5ller 16 delar\/pussel f\u00f6r anv\u00e4ndning av v\u00e4nster och h\u00f6ger hand och fot. En matta f\u00f6r tr\u00e4ning av b\u00e5de kropp och sinne. Den l\u00e5ter ditt barn engagera b\u00e5da hj\u00e4rnhalvorna samtidigt som det har roligt och l\u00e4r sig h\u00f6ger och v\u00e4nster. Barn utvecklar sin f\u00f6rm\u00e5ga att best\u00e4mma riktningar i rummet genom att aktivt anv\u00e4nda h\u00f6ger och v\u00e4nster hand och fot omv\u00e4xlande, vilket formar deras riktningsorientering. Att f\u00f6rv\u00e4rva f\u00f6rm\u00e5gan att skilja mellan v\u00e4nster och h\u00f6ger \u00e4r en av de st\u00f6rsta utmaningarna f\u00f6r alla barn. \u00d6vningar p\u00e5 mattan g\u00f6r att de kan &#8221;ta tjuren vid hornen&#8221; och bekanta sig med \u00e4mnet. Denna upps\u00e4ttning s\u00e4kerst\u00e4ller en omfattande utveckling och mycket roligt genom att engagera och tr\u00e4na b\u00e5da hj\u00e4rnhalvorna. Anv\u00e4ndning av ortopediska mattor stimulerar sinnena, masserar f\u00f6tterna och minskar f\u00f6rekomsten av platta f\u00f6tter. Mattor p\u00e5verkar ocks\u00e5 barnets sensoriska integration, dvs. f\u00f6rm\u00e5gan att k\u00e4nna och reagera p\u00e5 information fr\u00e5n kroppen och omgivningen.<\/p>\n<p>Egenskaper:<\/p>\n<p>* &#8211; sensorisk, ortopedisk matta som kan l\u00e4ggas som ett pussel<br \/>\n* &#8211; ytor f\u00f6r anv\u00e4ndning av v\u00e4nster och h\u00f6ger hand och fot<br \/>\n* &#8211; h\u00e4lsa och n\u00f6je<br \/>\n* &#8211; f\u00f6r barn som \u00e4lskar att g\u00e5 barfota<\/p>\n<p>F\u00f6rdelar och funktioner:<\/p>\n<p>* &#8211; engagerar b\u00e5da hj\u00e4rnhalvorna<br \/>\n* &#8211; l\u00e4r ut h\u00f6ger och v\u00e4nster sida<br \/>\n* &#8211; utvecklar rumslig orienteringsf\u00f6rm\u00e5ga<br \/>\n* &#8211; mjuka ytor f\u00f6rbereder eller lindrar trycket f\u00f6re h\u00e5rda ytor<br \/>\n* &#8211; stimulerar sinnena, masserar f\u00f6tterna och minskar f\u00f6rekomsten av platta f\u00f6tter<br \/>\n* &#8211; p\u00e5verkar barnets sensoriska integration, dvs. f\u00f6rm\u00e5gan att k\u00e4nna och reagera p\u00e5 information fr\u00e5n kroppen och omgivningen<\/p>\n<p>Element:<\/p>\n<p>* &#8211; 4x h\u00f6ger handtag<br \/>\n* &#8211; 4x v\u00e4nster hand<br \/>\n* &#8211; 4x h\u00f6ger fot<br \/>\n* &#8211; 4x v\u00e4nster fot<\/p>\n<p>## Setet \u00e4r ett perfekt komplement till andra set i denna serie.<\/p>\n<p>## Seten kan kombineras f\u00f6r att skapa en st\u00f6rre yta.<\/p>\n","protected":false},"excerpt":{"rendered":"<p>Denna sensoriska matta rekommenderas av Woopie och har utm\u00e4rkta ortopediska egenskaper som \u00e4r viktiga f\u00f6r att st\u00f6dja ditt barns utveckling. Den kan ocks\u00e5 vara mycket rolig f\u00f6r barn som \u00e4lskar att g\u00e5 barfota. Setet inneh\u00e5ller 16 delar\/pussel f\u00f6r anv\u00e4ndning av v\u00e4nster och h\u00f6ger hand och fot. En matta f\u00f6r tr\u00e4ning av b\u00e5de kropp och sinne. [&hellip;]<\/p>\n","protected":false},"featured_media":0,"comment_status":"open","ping_status":"closed","template":"","meta":[],"product_brand":[],"product_cat":[33],"product_tag":[],"class_list":{"0":"post-17787","1":"product","2":"type-product","3":"status-publish","5":"product_cat-okategoriserad","7":"first","8":"instock","9":"shipping-taxable","10":"purchasable","11":"product-type-simple"},"_links":{"self":[{"href":"https:\/\/nordicmart.andreevmaster.com\/sv\/wp-json\/wp\/v2\/product\/17787","targetHints":{"allow":["GET"]}}],"collection":[{"href":"https:\/\/nordicmart.andreevmaster.com\/sv\/wp-json\/wp\/v2\/product"}],"about":[{"href":"https:\/\/nordicmart.andreevmaster.com\/sv\/wp-json\/wp\/v2\/types\/product"}],"replies":[{"embeddable":true,"href":"https:\/\/nordicmart.andreevmaster.com\/sv\/wp-json\/wp\/v2\/comments?post=17787"}],"wp:attachment":[{"href":"https:\/\/nordicmart.andreevmaster.com\/sv\/wp-json\/wp\/v2\/media?parent=17787"}],"wp:term":[{"taxonomy":"product_brand","embeddable":true,"href":"https:\/\/nordicmart.andreevmaster.com\/sv\/wp-json\/wp\/v2\/product_brand?post=17787"},{"taxonomy":"product_cat","embeddable":true,"href":"https:\/\/nordicmart.andreevmaster.com\/sv\/wp-json\/wp\/v2\/product_cat?post=17787"},{"taxonomy":"product_tag","embeddable":true,"href":"https:\/\/nordicmart.andreevmaster.com\/sv\/wp-json\/wp\/v2\/product_tag?post=17787"}],"curies":[{"name":"wp","href":"https:\/\/api.w.org\/{rel}","templated":true}]}}