{"id":17786,"date":"2026-02-27T00:36:38","date_gmt":"2026-02-27T00:36:38","guid":{"rendered":"https:\/\/nordicmart.andreevmaster.com\/product\/woopie-xxl-byggklossar-med-bil-43-st\/"},"modified":"2026-02-27T08:25:54","modified_gmt":"2026-02-27T08:25:54","slug":"woopie-xxl-byggklossar-med-bil-43-st","status":"publish","type":"product","link":"https:\/\/nordicmart.andreevmaster.com\/sv\/produkt\/woopie-xxl-byggklossar-med-bil-43-st\/","title":{"rendered":"WOOPIE XXL byggklossar med bil, 43 st."},"content":{"rendered":"<p>Detta f\u00e4rgglada set med stora byggklossar fr\u00e5n Woopie \u00e4r perfekt f\u00f6r sm\u00e5 uppt\u00e4cktsresande som \u00e4lskar att bygga, koppla ihop och skapa sina egna v\u00e4rldar. Klossarna \u00e4r designade f\u00f6r barn fr\u00e5n ett \u00e5rs \u00e5lder \u2013 de \u00e4r l\u00e4tta, s\u00e4kra och mycket l\u00e4tta att koppla ihop, och deras stora storlek garanterar bekv\u00e4mt och pedagogiskt lekande b\u00e5de hemma och utomhus. Setet inneh\u00e5ller \u00e4ven hjul och delar f\u00f6r att bygga fordon, s\u00e5 att ditt barn kan skapa sin egen lastbil, traktor, vagn eller andra fantasifulla transportmedel. Klossarna l\u00e4r ut logiskt t\u00e4nkande, rumslig planering och stimulerar kreativiteten \u2013 det \u00e4r inte bara roligt, utan ocks\u00e5 l\u00e4rande genom handling!<\/p>\n<p>Egenskaper:<\/p>\n<p>* &#8211; Leksak f\u00f6r barn fr\u00e5n 12 m\u00e5naders \u00e5lder<br \/>\n* &#8211; 43 delar \u2013 inklusive stora klossar och tillbeh\u00f6r f\u00f6r att bygga fordon<br \/>\n* &#8211; Mycket l\u00e4tta och enkla att koppla ihop \u2013 perfekta f\u00f6r sm\u00e5 h\u00e4nder<br \/>\n* &#8211; Stora klossar \u2013 garanterar s\u00e4kerhet och komfort under leken<br \/>\n* &#8211; M\u00f6jlighet att bygga strukturer och fordon \u2013 med hjul och sn\u00f6ren<br \/>\n* &#8211; H\u00f6gkvalitativ plast \u2013 h\u00e5llbar, giftfri och l\u00e4tt att reng\u00f6ra<br \/>\n* &#8211; Flerf\u00e4rgade element \u2013 v\u00e4cker barnets uppm\u00e4rksamhet och st\u00f6der inl\u00e4rningen av f\u00e4rger<\/p>\n<p>Satsen inneh\u00e5ller:<\/p>\n<p>* &#8211; 18 stora rektangul\u00e4ra block (22,5 x 11 x 8 cm)<br \/>\n* &#8211; 18 fyrkantiga block (11,5 x 11 x 8 cm)<br \/>\n* &#8211; 6 par hjul<br \/>\n* &#8211; 1 draglina (l\u00e4ngd 20 cm)<\/p>\n<p>Leksaken utvecklar:<\/p>\n<p>* &#8211; Fantasi och kreativitet<br \/>\n* &#8211; Hand-\u00f6ga-koordination<br \/>\n* &#8211; Logiskt t\u00e4nkande<br \/>\n* &#8211; Finmotorik<br \/>\n* &#8211; Sj\u00e4lvst\u00e4ndighet och t\u00e5lamod<\/p>\n<p>F\u00f6rpackningens m\u00e5tt: 59 x 47 x 25 (cm)<\/p>\n","protected":false},"excerpt":{"rendered":"<p>Detta f\u00e4rgglada set med stora byggklossar fr\u00e5n Woopie \u00e4r perfekt f\u00f6r sm\u00e5 uppt\u00e4cktsresande som \u00e4lskar att bygga, koppla ihop och skapa sina egna v\u00e4rldar. Klossarna \u00e4r designade f\u00f6r barn fr\u00e5n ett \u00e5rs \u00e5lder \u2013 de \u00e4r l\u00e4tta, s\u00e4kra och mycket l\u00e4tta att koppla ihop, och deras stora storlek garanterar bekv\u00e4mt och pedagogiskt lekande b\u00e5de hemma [&hellip;]<\/p>\n","protected":false},"featured_media":0,"comment_status":"open","ping_status":"closed","template":"","meta":[],"product_brand":[],"product_cat":[33],"product_tag":[],"class_list":{"0":"post-17786","1":"product","2":"type-product","3":"status-publish","5":"product_cat-okategoriserad","7":"first","8":"instock","9":"shipping-taxable","10":"purchasable","11":"product-type-simple"},"_links":{"self":[{"href":"https:\/\/nordicmart.andreevmaster.com\/sv\/wp-json\/wp\/v2\/product\/17786","targetHints":{"allow":["GET"]}}],"collection":[{"href":"https:\/\/nordicmart.andreevmaster.com\/sv\/wp-json\/wp\/v2\/product"}],"about":[{"href":"https:\/\/nordicmart.andreevmaster.com\/sv\/wp-json\/wp\/v2\/types\/product"}],"replies":[{"embeddable":true,"href":"https:\/\/nordicmart.andreevmaster.com\/sv\/wp-json\/wp\/v2\/comments?post=17786"}],"wp:attachment":[{"href":"https:\/\/nordicmart.andreevmaster.com\/sv\/wp-json\/wp\/v2\/media?parent=17786"}],"wp:term":[{"taxonomy":"product_brand","embeddable":true,"href":"https:\/\/nordicmart.andreevmaster.com\/sv\/wp-json\/wp\/v2\/product_brand?post=17786"},{"taxonomy":"product_cat","embeddable":true,"href":"https:\/\/nordicmart.andreevmaster.com\/sv\/wp-json\/wp\/v2\/product_cat?post=17786"},{"taxonomy":"product_tag","embeddable":true,"href":"https:\/\/nordicmart.andreevmaster.com\/sv\/wp-json\/wp\/v2\/product_tag?post=17786"}],"curies":[{"name":"wp","href":"https:\/\/api.w.org\/{rel}","templated":true}]}}