{"id":17785,"date":"2026-02-27T00:36:38","date_gmt":"2026-02-27T00:36:38","guid":{"rendered":"https:\/\/nordicmart.andreevmaster.com\/product\/woopie-magnetiska-pedagogiska-byggklossar-76-delar\/"},"modified":"2026-02-27T08:25:53","modified_gmt":"2026-02-27T08:25:53","slug":"woopie-magnetiska-pedagogiska-byggklossar-76-delar","status":"publish","type":"product","link":"https:\/\/nordicmart.andreevmaster.com\/sv\/produkt\/woopie-magnetiska-pedagogiska-byggklossar-76-delar\/","title":{"rendered":"WOOPIE Magnetiska pedagogiska byggklossar, 76 delar"},"content":{"rendered":"<p>Satsen med tjocka magnetiska klossar fr\u00e5n WOOPIE kombinerar lek och l\u00e4rande! Allt den unga byggaren beh\u00f6ver g\u00f6ra \u00e4r att koppla ihop elementen och b\u00f6rja skapa fantasifulla strukturer och m\u00e5nga andra arrangemang, s\u00e5som geometriska figurer eller ett minihus! Den enda begr\u00e4nsningen \u00e4r din fantasi. Satsen inneh\u00e5ller 76 element och ett kort med m\u00f6nster. Klossarna \u00e4r tjocka, f\u00e4rgglada och s\u00e4kra \u2013 perfekta f\u00f6r sm\u00e5 barns h\u00e4nder. Blockens pedagogiska funktioner: l\u00e4ra sig alfabetet, l\u00e4ra sig r\u00e4kna och l\u00e4ra sig former. Bollarna har bland annat djur och leenden. Allt \u00e4r f\u00f6rpackat i en praktisk l\u00e5da. Att bygga strukturer med block utvecklar barns kreativitet, manuella f\u00e4rdigheter (&#8221;finmotorik&#8221;), rumslig fantasi och koncentration. <\/p>\n<p>Egenskaper: <\/p>\n<p>* &#8211; leksak f\u00f6r barn fr\u00e5n 3 \u00e5r,* &#8211; set med 76 magnetiska klossar,<br \/>\n* &#8211; tjocka, s\u00e4kra klossar som \u00e4r perfekta f\u00f6r sm\u00e5 barns h\u00e4nder,<br \/>\n* &#8211; obegr\u00e4nsade m\u00f6jligheter att bygga olika strukturer,<br \/>\n* &#8211; utvecklar kreativitet, fantasi, finmotorik, rumslig fantasi och koncentration,<br \/>\n* &#8211; perfekt presentf\u00f6rpackning \u2013 l\u00e5dan har minihjul.<\/p>\n<p>Blockens pedagogiska funktioner:<\/p>\n<p>* &#8211; l\u00e4ra sig alfabetet \u2013 de l\u00e4ngre, avl\u00e5nga blocken har alfabetets f\u00f6rsta bokst\u00e4ver,<br \/>\n* &#8211; l\u00e4ra sig former \u2013 de kortare blocken har formen av ett hj\u00e4rta, en stj\u00e4rna och en m\u00e5ne,<br \/>\n* &#8211; l\u00e4ra sig r\u00e4kna \u2013 b\u00e5garna har matematiska symboler.<\/p>\n<p>Satsen inneh\u00e5ller:<\/p>\n<p>* &#8211; 20 x metallkulor,<br \/>\n* &#8211; 12 x b\u00e5gformade pinnar,<br \/>\n* &#8211; 28 x kortare pinnar,<br \/>\n* &#8211; 16 x l\u00e4ngre pinnar,<br \/>\n* &#8211; 1 x ark med m\u00f6nster.<\/p>\n<p>Blockens m\u00e5tt:<\/p>\n<p>* &#8211; blockens tjocklek &#8211; 2 cm,<br \/>\n* &#8211; l\u00e4ngd (t.ex. l\u00e4ngre rak pinne) &#8211; 8,7 cm,<br \/>\n* &#8211; kula &#8211; diameter 3,5 cm.<\/p>\n","protected":false},"excerpt":{"rendered":"<p>Satsen med tjocka magnetiska klossar fr\u00e5n WOOPIE kombinerar lek och l\u00e4rande! Allt den unga byggaren beh\u00f6ver g\u00f6ra \u00e4r att koppla ihop elementen och b\u00f6rja skapa fantasifulla strukturer och m\u00e5nga andra arrangemang, s\u00e5som geometriska figurer eller ett minihus! Den enda begr\u00e4nsningen \u00e4r din fantasi. Satsen inneh\u00e5ller 76 element och ett kort med m\u00f6nster. Klossarna \u00e4r tjocka, [&hellip;]<\/p>\n","protected":false},"featured_media":0,"comment_status":"open","ping_status":"closed","template":"","meta":[],"product_brand":[],"product_cat":[33],"product_tag":[],"class_list":{"0":"post-17785","1":"product","2":"type-product","3":"status-publish","5":"product_cat-okategoriserad","7":"first","8":"instock","9":"shipping-taxable","10":"purchasable","11":"product-type-simple"},"_links":{"self":[{"href":"https:\/\/nordicmart.andreevmaster.com\/sv\/wp-json\/wp\/v2\/product\/17785","targetHints":{"allow":["GET"]}}],"collection":[{"href":"https:\/\/nordicmart.andreevmaster.com\/sv\/wp-json\/wp\/v2\/product"}],"about":[{"href":"https:\/\/nordicmart.andreevmaster.com\/sv\/wp-json\/wp\/v2\/types\/product"}],"replies":[{"embeddable":true,"href":"https:\/\/nordicmart.andreevmaster.com\/sv\/wp-json\/wp\/v2\/comments?post=17785"}],"wp:attachment":[{"href":"https:\/\/nordicmart.andreevmaster.com\/sv\/wp-json\/wp\/v2\/media?parent=17785"}],"wp:term":[{"taxonomy":"product_brand","embeddable":true,"href":"https:\/\/nordicmart.andreevmaster.com\/sv\/wp-json\/wp\/v2\/product_brand?post=17785"},{"taxonomy":"product_cat","embeddable":true,"href":"https:\/\/nordicmart.andreevmaster.com\/sv\/wp-json\/wp\/v2\/product_cat?post=17785"},{"taxonomy":"product_tag","embeddable":true,"href":"https:\/\/nordicmart.andreevmaster.com\/sv\/wp-json\/wp\/v2\/product_tag?post=17785"}],"curies":[{"name":"wp","href":"https:\/\/api.w.org\/{rel}","templated":true}]}}