{"id":17784,"date":"2026-02-27T00:36:37","date_gmt":"2026-02-27T00:36:37","guid":{"rendered":"https:\/\/nordicmart.andreevmaster.com\/product\/viga-trabondgard-med-tradgard-och-traktor-21-delar\/"},"modified":"2026-02-27T08:25:53","modified_gmt":"2026-02-27T08:25:53","slug":"viga-trabondgard-med-tradgard-och-traktor-21-delar","status":"publish","type":"product","link":"https:\/\/nordicmart.andreevmaster.com\/sv\/produkt\/viga-trabondgard-med-tradgard-och-traktor-21-delar\/","title":{"rendered":"VIGA Tr\u00e4bondg\u00e5rd med tr\u00e4dg\u00e5rd och traktor, 21 delar"},"content":{"rendered":"<p>VIGA Tr\u00e4bondg\u00e5rd \u00e4r ett fascinerande erbjudande f\u00f6r sm\u00e5 \u00e4lskare av lantlivet! Denna rikt utrustade konstruktion ger timmar av kreativ lek och l\u00e5ter barnen l\u00e4ra sig hemligheterna med jordbruk och djurv\u00e5rd. Tack vare en m\u00e4ngd olika element kan barnen skapa realistiska scenarier fr\u00e5n lantlivet och utveckla sin fantasi och sociala f\u00e4rdigheter.<\/p>\n<p>\u2705 Egenskaper:<\/p>\n<p>\u2714\ufe0f F\u00f6r barn fr\u00e5n 3 \u00e5r \u2714\ufe0f Tr\u00e4lada f\u00f6r f\u00f6rvaring av jordbruksredskap och djur \u2714\ufe0f Tillverkad av h\u00f6gkvalitativt tr\u00e4 \u2714\ufe0f Odlingsomr\u00e5de f\u00f6r att l\u00e4ra sig om gr\u00f6dor \u2714\ufe0f Robusta staket f\u00f6r att h\u00e5lla djuren s\u00e4kra \u2714\ufe0f Tredje v\u00e5ningen med landningsplatta f\u00f6r en brandbek\u00e4mpningshelikopter, vilket m\u00f6jligg\u00f6r luftoperationer<\/p>\n<p>\u2705 Satsen inneh\u00e5ller:<\/p>\n<p>\u25fe Tr\u00e4lada \u25fe Figurer: bonde, f\u00e5rhund, h\u00f6na, anka, f\u00e5r, ko \u25fe Stabil traktor med sl\u00e4p \u25fe Liten sj\u00f6 \u25fe 4 staket f\u00f6r att skapa en inh\u00e4gnad\/tr\u00e4dg\u00e5rd \u25fe 3 planteringsb\u00e4ddar \u25fe 3 figurer av v\u00e4xande v\u00e4xter: r\u00e4disor, mor\u00f6tter och pumpor \u25fe 2 h\u00f6balar<\/p>\n<p>\u2705 Leksaken utvecklar:<\/p>\n<p>\u2714\ufe0f Kreativitet och fantasi \u2714\ufe0f Sociala f\u00e4rdigheter och lagarbete \u2714\ufe0f Motoriska f\u00e4rdigheter \u2714\ufe0f Empati och omsorg om djur och v\u00e4xter \u2714\ufe0f Hand-\u00f6ga-koordination \u2714\ufe0f Logiskt t\u00e4nkande<\/p>\n","protected":false},"excerpt":{"rendered":"<p>VIGA Tr\u00e4bondg\u00e5rd \u00e4r ett fascinerande erbjudande f\u00f6r sm\u00e5 \u00e4lskare av lantlivet! Denna rikt utrustade konstruktion ger timmar av kreativ lek och l\u00e5ter barnen l\u00e4ra sig hemligheterna med jordbruk och djurv\u00e5rd. Tack vare en m\u00e4ngd olika element kan barnen skapa realistiska scenarier fr\u00e5n lantlivet och utveckla sin fantasi och sociala f\u00e4rdigheter. \u2705 Egenskaper: \u2714\ufe0f F\u00f6r barn [&hellip;]<\/p>\n","protected":false},"featured_media":0,"comment_status":"open","ping_status":"closed","template":"","meta":[],"product_brand":[],"product_cat":[33],"product_tag":[],"class_list":{"0":"post-17784","1":"product","2":"type-product","3":"status-publish","5":"product_cat-okategoriserad","7":"first","8":"instock","9":"shipping-taxable","10":"purchasable","11":"product-type-simple"},"_links":{"self":[{"href":"https:\/\/nordicmart.andreevmaster.com\/sv\/wp-json\/wp\/v2\/product\/17784","targetHints":{"allow":["GET"]}}],"collection":[{"href":"https:\/\/nordicmart.andreevmaster.com\/sv\/wp-json\/wp\/v2\/product"}],"about":[{"href":"https:\/\/nordicmart.andreevmaster.com\/sv\/wp-json\/wp\/v2\/types\/product"}],"replies":[{"embeddable":true,"href":"https:\/\/nordicmart.andreevmaster.com\/sv\/wp-json\/wp\/v2\/comments?post=17784"}],"wp:attachment":[{"href":"https:\/\/nordicmart.andreevmaster.com\/sv\/wp-json\/wp\/v2\/media?parent=17784"}],"wp:term":[{"taxonomy":"product_brand","embeddable":true,"href":"https:\/\/nordicmart.andreevmaster.com\/sv\/wp-json\/wp\/v2\/product_brand?post=17784"},{"taxonomy":"product_cat","embeddable":true,"href":"https:\/\/nordicmart.andreevmaster.com\/sv\/wp-json\/wp\/v2\/product_cat?post=17784"},{"taxonomy":"product_tag","embeddable":true,"href":"https:\/\/nordicmart.andreevmaster.com\/sv\/wp-json\/wp\/v2\/product_tag?post=17784"}],"curies":[{"name":"wp","href":"https:\/\/api.w.org\/{rel}","templated":true}]}}