{"id":17782,"date":"2026-02-27T00:36:37","date_gmt":"2026-02-27T00:36:37","guid":{"rendered":"https:\/\/nordicmart.andreevmaster.com\/product\/viga-trasjukhus-med-ambulanshiss-15-delar\/"},"modified":"2026-02-27T08:25:53","modified_gmt":"2026-02-27T08:25:53","slug":"viga-trasjukhus-med-ambulanshiss-15-delar","status":"publish","type":"product","link":"https:\/\/nordicmart.andreevmaster.com\/sv\/produkt\/viga-trasjukhus-med-ambulanshiss-15-delar\/","title":{"rendered":"VIGA Tr\u00e4sjukhus med ambulanshiss, 15 delar"},"content":{"rendered":"<p>Det 3-v\u00e5ningars VIGA sjukhuset \u00e4r en fascinerande leksak f\u00f6r sm\u00e5 l\u00e4kare och sjuksk\u00f6terskor! Denna v\u00e4lutrustade byggnad ger timmar av kreativ lek d\u00e4r man r\u00e4ddar liv och tar hand om patienter. Tack vare en m\u00e4ngd olika element kan barn skapa realistiska medicinska scenarier och utveckla empati och sociala f\u00e4rdigheter. \u2705 Egenskaper:<\/p>\n<p>\u2714\ufe0f F\u00f6r barn fr\u00e5n 3 \u00e5r \u2714\ufe0f Tillverkad av h\u00f6gkvalitativt tr\u00e4 \u2714\ufe0f Bottenv\u00e5ningen \u00e4r fullt utrustad med en CT-skanner, ultraljudsstation och medicinf\u00f6rr\u00e5d \u2714\ufe0f Andra v\u00e5ningen har en detaljerad replika av ett operationsrum \u2714\ufe0f Tredje v\u00e5ningen har en landningsplatta f\u00f6r en r\u00e4ddningshelikopter<\/p>\n<p>\u2705 Satsen inneh\u00e5ller:<\/p>\n<p>\u25fe Tr\u00e4hus i tre v\u00e5ningar som f\u00f6rest\u00e4ller ett sjukhus \u25fe Ambulans \u25fe R\u00e4ddningshelikopter \u25fe L\u00e4kare, sjuksk\u00f6terska och tv\u00e5 patientfigurer \u25fe Medicinsk utrustning: CT-skanner, ultraljudsapparat, pulsm\u00e4tare \u25fe 2 sjukhuss\u00e4ngar \u25fe Operationslampa<\/p>\n<p>\u2705 Leksaken utvecklar:<\/p>\n<p>\u2714\ufe0f Kreativitet och fantasi \u2714\ufe0f Sociala f\u00e4rdigheter och lagarbete \u2714\ufe0f Motoriska f\u00e4rdigheter \u2714\ufe0f Empati och omtanke om andra \u2714\ufe0f Hand-\u00f6ga-koordination \u2714\ufe0f Logiskt t\u00e4nkande<\/p>\n","protected":false},"excerpt":{"rendered":"<p>Det 3-v\u00e5ningars VIGA sjukhuset \u00e4r en fascinerande leksak f\u00f6r sm\u00e5 l\u00e4kare och sjuksk\u00f6terskor! Denna v\u00e4lutrustade byggnad ger timmar av kreativ lek d\u00e4r man r\u00e4ddar liv och tar hand om patienter. Tack vare en m\u00e4ngd olika element kan barn skapa realistiska medicinska scenarier och utveckla empati och sociala f\u00e4rdigheter. \u2705 Egenskaper: \u2714\ufe0f F\u00f6r barn fr\u00e5n 3 [&hellip;]<\/p>\n","protected":false},"featured_media":0,"comment_status":"open","ping_status":"closed","template":"","meta":[],"product_brand":[],"product_cat":[33],"product_tag":[],"class_list":{"0":"post-17782","1":"product","2":"type-product","3":"status-publish","5":"product_cat-okategoriserad","7":"first","8":"instock","9":"shipping-taxable","10":"purchasable","11":"product-type-simple"},"_links":{"self":[{"href":"https:\/\/nordicmart.andreevmaster.com\/sv\/wp-json\/wp\/v2\/product\/17782","targetHints":{"allow":["GET"]}}],"collection":[{"href":"https:\/\/nordicmart.andreevmaster.com\/sv\/wp-json\/wp\/v2\/product"}],"about":[{"href":"https:\/\/nordicmart.andreevmaster.com\/sv\/wp-json\/wp\/v2\/types\/product"}],"replies":[{"embeddable":true,"href":"https:\/\/nordicmart.andreevmaster.com\/sv\/wp-json\/wp\/v2\/comments?post=17782"}],"wp:attachment":[{"href":"https:\/\/nordicmart.andreevmaster.com\/sv\/wp-json\/wp\/v2\/media?parent=17782"}],"wp:term":[{"taxonomy":"product_brand","embeddable":true,"href":"https:\/\/nordicmart.andreevmaster.com\/sv\/wp-json\/wp\/v2\/product_brand?post=17782"},{"taxonomy":"product_cat","embeddable":true,"href":"https:\/\/nordicmart.andreevmaster.com\/sv\/wp-json\/wp\/v2\/product_cat?post=17782"},{"taxonomy":"product_tag","embeddable":true,"href":"https:\/\/nordicmart.andreevmaster.com\/sv\/wp-json\/wp\/v2\/product_tag?post=17782"}],"curies":[{"name":"wp","href":"https:\/\/api.w.org\/{rel}","templated":true}]}}