{"id":17781,"date":"2026-02-27T00:36:37","date_gmt":"2026-02-27T00:36:37","guid":{"rendered":"https:\/\/nordicmart.andreevmaster.com\/product\/viga-trabrandstation-garage-set-14-st\/"},"modified":"2026-02-27T08:25:53","modified_gmt":"2026-02-27T08:25:53","slug":"viga-trabrandstation-garage-set-14-st","status":"publish","type":"product","link":"https:\/\/nordicmart.andreevmaster.com\/sv\/produkt\/viga-trabrandstation-garage-set-14-st\/","title":{"rendered":"VIGA Tr\u00e4brandstation Garage Set 14 st"},"content":{"rendered":"<p>Den 3-v\u00e5ningars brandstationen fr\u00e5n VIGA \u00e4r den perfekta presenten f\u00f6r sm\u00e5 hj\u00e4ltar! Denna rymliga, f\u00e4rgglada konstruktion ger timmar av actionfylld lek d\u00e4r man r\u00e4ddar och hj\u00e4lper andra. Med en m\u00e4ngd olika element och niv\u00e5er kan barnen skapa otaliga r\u00e4ddningsscenarier och utveckla sin kreativitet och sociala f\u00e4rdigheter.<\/p>\n<p>\u2705 Egenskaper:<\/p>\n<p>\u2714\ufe0f F\u00f6r barn fr\u00e5n 3 \u00e5r \u2714\ufe0f Tillverkad av h\u00f6gkvalitativt tr\u00e4 \u2714\ufe0f Rymlig bottenv\u00e5ning med plats f\u00f6r en brandbil och f\u00f6rvaring av n\u00f6dv\u00e4ndiga verktyg \u2714\ufe0f Andra v\u00e5ningen med en mysig viloplats f\u00f6r brandm\u00e4n, en fungerande klocka och en rutschkana f\u00f6r snabb respons p\u00e5 larm \u2714\ufe0f Tredje v\u00e5ningen med en landningsplatta f\u00f6r en brandhelikopter, vilket m\u00f6jligg\u00f6r luftoperationer<\/p>\n<p>\u2705 Satsen inneh\u00e5ller:<\/p>\n<p>\u25fe Tr\u00e4brandstation i tre v\u00e5ningar \u25fe Brandbil \u25fe Brandhelikopter med vattenbeh\u00e5llare \u25fe 2 brandmansfigurer \u25fe Flamelement f\u00f6r sl\u00e4ckning \u25fe 2 trafikkoner \u25fe Brandsl\u00e4ckare \u25fe Brandstationsm\u00f6bler: s\u00e4ng, skrivbord, stol<\/p>\n<p>\u2705 Leksaken utvecklar:<\/p>\n<p>\u2714\ufe0f Kreativitet och fantasi \u2714\ufe0f Motorik \u2714\ufe0f Hand-\u00f6ga-koordination \u2714\ufe0f Logiskt t\u00e4nkande<\/p>\n","protected":false},"excerpt":{"rendered":"<p>Den 3-v\u00e5ningars brandstationen fr\u00e5n VIGA \u00e4r den perfekta presenten f\u00f6r sm\u00e5 hj\u00e4ltar! Denna rymliga, f\u00e4rgglada konstruktion ger timmar av actionfylld lek d\u00e4r man r\u00e4ddar och hj\u00e4lper andra. Med en m\u00e4ngd olika element och niv\u00e5er kan barnen skapa otaliga r\u00e4ddningsscenarier och utveckla sin kreativitet och sociala f\u00e4rdigheter. \u2705 Egenskaper: \u2714\ufe0f F\u00f6r barn fr\u00e5n 3 \u00e5r \u2714\ufe0f [&hellip;]<\/p>\n","protected":false},"featured_media":0,"comment_status":"open","ping_status":"closed","template":"","meta":[],"product_brand":[],"product_cat":[33],"product_tag":[],"class_list":{"0":"post-17781","1":"product","2":"type-product","3":"status-publish","5":"product_cat-okategoriserad","7":"first","8":"instock","9":"shipping-taxable","10":"purchasable","11":"product-type-simple"},"_links":{"self":[{"href":"https:\/\/nordicmart.andreevmaster.com\/sv\/wp-json\/wp\/v2\/product\/17781","targetHints":{"allow":["GET"]}}],"collection":[{"href":"https:\/\/nordicmart.andreevmaster.com\/sv\/wp-json\/wp\/v2\/product"}],"about":[{"href":"https:\/\/nordicmart.andreevmaster.com\/sv\/wp-json\/wp\/v2\/types\/product"}],"replies":[{"embeddable":true,"href":"https:\/\/nordicmart.andreevmaster.com\/sv\/wp-json\/wp\/v2\/comments?post=17781"}],"wp:attachment":[{"href":"https:\/\/nordicmart.andreevmaster.com\/sv\/wp-json\/wp\/v2\/media?parent=17781"}],"wp:term":[{"taxonomy":"product_brand","embeddable":true,"href":"https:\/\/nordicmart.andreevmaster.com\/sv\/wp-json\/wp\/v2\/product_brand?post=17781"},{"taxonomy":"product_cat","embeddable":true,"href":"https:\/\/nordicmart.andreevmaster.com\/sv\/wp-json\/wp\/v2\/product_cat?post=17781"},{"taxonomy":"product_tag","embeddable":true,"href":"https:\/\/nordicmart.andreevmaster.com\/sv\/wp-json\/wp\/v2\/product_tag?post=17781"}],"curies":[{"name":"wp","href":"https:\/\/api.w.org\/{rel}","templated":true}]}}