{"id":17780,"date":"2026-02-27T00:36:36","date_gmt":"2026-02-27T00:36:36","guid":{"rendered":"https:\/\/nordicmart.andreevmaster.com\/product\/viga-tra-5-i-1-pedagogisk-kub\/"},"modified":"2026-02-27T08:25:52","modified_gmt":"2026-02-27T08:25:52","slug":"viga-tra-5-i-1-pedagogisk-kub","status":"publish","type":"product","link":"https:\/\/nordicmart.andreevmaster.com\/sv\/produkt\/viga-tra-5-i-1-pedagogisk-kub\/","title":{"rendered":"Viga Tr\u00e4 5-i-1 pedagogisk kub"},"content":{"rendered":"<p>Uppt\u00e4ck v\u00e4rlden av f\u00e4rger, former och ljud med v\u00e5r pedagogiska aktivitetskub! Det \u00e4r en multifunktionell leksak som ger timmar av engagerande lek samtidigt som den st\u00f6der ditt barns utveckling. Varje sida av kuben \u00e4r ett nytt, fascinerande \u00e4ventyr fullt av utmaningar som stimulerar sinnena, utvecklar motoriska f\u00e4rdigheter och l\u00e4r genom lek. Det \u00e4r det perfekta valet f\u00f6r sm\u00e5 uppt\u00e4cktsresande som \u00e4lskar att experimentera och uppt\u00e4cka v\u00e4rlden!<\/p>\n<p>\u2705 Egenskaper:<\/p>\n<p>\u2714\ufe0f Leksak f\u00f6r barn fr\u00e5n 18 m\u00e5nader \u2714\ufe0f 5-i-1 pedagogisk kub \u2013 varje sida erbjuder en annan aktivitet \u2714\ufe0f Tillverkad av massivt tr\u00e4 f\u00f6r h\u00e5llbarhet och s\u00e4kerhet \u2714\ufe0f Livfulla f\u00e4rger och noggrant hantverk som f\u00e5ngar barnets uppm\u00e4rksamhet<\/p>\n<p>\u2705 Leksakens funktioner:<\/p>\n<p>\u2714\ufe0f P\u00e4rllabyrint \u2013 utm\u00e4rkt \u00f6vning f\u00f6r sm\u00e5 h\u00e4nder, utvecklar hand-\u00f6ga-koordinationen och st\u00f6der logiskt t\u00e4nkande . \u2714\ufe0f Formsorterare \u2013 l\u00e4r ut igenk\u00e4nning av geometriska former och f\u00e4rger och st\u00f6der utvecklingen av manuella f\u00e4rdigheter. \u2714\ufe0f Kugghjul \u2013 barn kan manipulera dem, vilket l\u00e4r ut orsak och verkan och utvecklar manuella f\u00e4rdigheter. \u2714\ufe0f Klocka med r\u00f6rliga visare \u2013 f\u00f6rsta stegen i att l\u00e4ra sig att l\u00e4sa klockan och f\u00f6rst\u00e5 begreppet tid. \u2714\ufe0f Cymbaler \u2013 uppmuntrar utforskning av ljudv\u00e4rlden, utvecklar musikaliskt \u00f6ra och kreativitet. \u2714\ufe0f Avtagbar v\u00e4gg med sorterare \u2013 extra kul och m\u00f6jlighet att matcha element. \u2714\ufe0f Block i olika former \u2013 perfekta f\u00f6r att stapla och bygga, hj\u00e4lper till att utveckla rumslig fantasi.<\/p>\n","protected":false},"excerpt":{"rendered":"<p>Uppt\u00e4ck v\u00e4rlden av f\u00e4rger, former och ljud med v\u00e5r pedagogiska aktivitetskub! Det \u00e4r en multifunktionell leksak som ger timmar av engagerande lek samtidigt som den st\u00f6der ditt barns utveckling. Varje sida av kuben \u00e4r ett nytt, fascinerande \u00e4ventyr fullt av utmaningar som stimulerar sinnena, utvecklar motoriska f\u00e4rdigheter och l\u00e4r genom lek. Det \u00e4r det perfekta [&hellip;]<\/p>\n","protected":false},"featured_media":0,"comment_status":"open","ping_status":"closed","template":"","meta":[],"product_brand":[],"product_cat":[33],"product_tag":[],"class_list":{"0":"post-17780","1":"product","2":"type-product","3":"status-publish","5":"product_cat-okategoriserad","7":"first","8":"instock","9":"shipping-taxable","10":"purchasable","11":"product-type-simple"},"_links":{"self":[{"href":"https:\/\/nordicmart.andreevmaster.com\/sv\/wp-json\/wp\/v2\/product\/17780","targetHints":{"allow":["GET"]}}],"collection":[{"href":"https:\/\/nordicmart.andreevmaster.com\/sv\/wp-json\/wp\/v2\/product"}],"about":[{"href":"https:\/\/nordicmart.andreevmaster.com\/sv\/wp-json\/wp\/v2\/types\/product"}],"replies":[{"embeddable":true,"href":"https:\/\/nordicmart.andreevmaster.com\/sv\/wp-json\/wp\/v2\/comments?post=17780"}],"wp:attachment":[{"href":"https:\/\/nordicmart.andreevmaster.com\/sv\/wp-json\/wp\/v2\/media?parent=17780"}],"wp:term":[{"taxonomy":"product_brand","embeddable":true,"href":"https:\/\/nordicmart.andreevmaster.com\/sv\/wp-json\/wp\/v2\/product_brand?post=17780"},{"taxonomy":"product_cat","embeddable":true,"href":"https:\/\/nordicmart.andreevmaster.com\/sv\/wp-json\/wp\/v2\/product_cat?post=17780"},{"taxonomy":"product_tag","embeddable":true,"href":"https:\/\/nordicmart.andreevmaster.com\/sv\/wp-json\/wp\/v2\/product_tag?post=17780"}],"curies":[{"name":"wp","href":"https:\/\/api.w.org\/{rel}","templated":true}]}}