{"id":17779,"date":"2026-02-27T00:36:36","date_gmt":"2026-02-27T00:36:36","guid":{"rendered":"https:\/\/nordicmart.andreevmaster.com\/product\/viga-stort-vitt-och-rosa-toalettbord-i-tra-med-spegel-och-stol\/"},"modified":"2026-02-27T08:25:52","modified_gmt":"2026-02-27T08:25:52","slug":"viga-stort-vitt-och-rosa-toalettbord-i-tra-med-spegel-och-stol","status":"publish","type":"product","link":"https:\/\/nordicmart.andreevmaster.com\/sv\/produkt\/viga-stort-vitt-och-rosa-toalettbord-i-tra-med-spegel-och-stol\/","title":{"rendered":"VIGA Stort vitt och rosa toalettbord i tr\u00e4 med spegel och stol"},"content":{"rendered":"<p>Det stora tr\u00e4toalettbordet fr\u00e5n Viga \u00e4r ett unikt tr\u00e4toalettbord f\u00f6r en liten prinsessa som kommer att f\u00f6rverkliga varje flickas dr\u00f6mmar! Tillverkat av tr\u00e4 av h\u00f6gsta kvalitet, i delikata nyanser av rosa och vitt, f\u00f6rtjusar detta charmiga toalettbord med sin sagolika design. Stilfulla, rundade former, subtila dekorationer och eleganta ben g\u00f6r det perfekt f\u00f6r ett barnrum och tillf\u00f6r charm och magi. Toalettbordet utvecklar kreativitet, fantasi och uppmuntrar till rollspel. Det \u00e4r ocks\u00e5 en utm\u00e4rkt presentid\u00e9 \u2013 dess solida konstruktion och estetiska utseende g\u00f6r att det kommer att h\u00e5lla i m\u00e5nga \u00e5r fram\u00f6ver.<\/p>\n<p>\u2705 Egenskaper:<\/p>\n<p>\u2714\ufe0f Sminkbord med spegel \u2013 en s\u00e4ker spegel i en elegant rosa ram med en dekorativ krona. \u2714\ufe0f Bekv\u00e4m pall \u2013 matchar sminkbordet, stabil och charmigt dekorerad. \u2714\ufe0f Rymlig l\u00e5da \u2013 perfekt f\u00f6r f\u00f6rvaring av tillbeh\u00f6r och skatter f\u00f6r en liten prinsessa. \u2714\ufe0fLeksaken har inga vassa kanter. \u2714\ufe0fM\u00e5lad med giftfria f\u00e4rger.<\/p>\n<p>\u2705 Sminkbordet inneh\u00e5ller:<\/p>\n<p>\u2714\ufe0fSminkpalett i tr\u00e4 med pensel \u2714\ufe0fL\u00e4ppstift i elegant f\u00f6rpackning \u2714\ufe0fNagellack i tr\u00e4 \u2714\ufe0fRosa parfymflaska \u2714\ufe0fH\u00e5rkam \u2714\ufe0fMjuk puderborste \u2714\ufe0fH\u00e5rtork med utbytbara munstycken<\/p>\n<p>\u2705 Leksaken utvecklar:<\/p>\n<p>\u2714\ufe0f kreativitet \u2714\ufe0f fingerf\u00e4rdighet \u2714\ufe0f fantasi \u2714\ufe0f hand-\u00f6ga-koordination \u2714\ufe0f handens flexibilitet<\/p>\n","protected":false},"excerpt":{"rendered":"<p>Det stora tr\u00e4toalettbordet fr\u00e5n Viga \u00e4r ett unikt tr\u00e4toalettbord f\u00f6r en liten prinsessa som kommer att f\u00f6rverkliga varje flickas dr\u00f6mmar! Tillverkat av tr\u00e4 av h\u00f6gsta kvalitet, i delikata nyanser av rosa och vitt, f\u00f6rtjusar detta charmiga toalettbord med sin sagolika design. Stilfulla, rundade former, subtila dekorationer och eleganta ben g\u00f6r det perfekt f\u00f6r ett barnrum [&hellip;]<\/p>\n","protected":false},"featured_media":0,"comment_status":"open","ping_status":"closed","template":"","meta":[],"product_brand":[],"product_cat":[33],"product_tag":[],"class_list":{"0":"post-17779","1":"product","2":"type-product","3":"status-publish","5":"product_cat-okategoriserad","7":"first","8":"instock","9":"shipping-taxable","10":"purchasable","11":"product-type-simple"},"_links":{"self":[{"href":"https:\/\/nordicmart.andreevmaster.com\/sv\/wp-json\/wp\/v2\/product\/17779","targetHints":{"allow":["GET"]}}],"collection":[{"href":"https:\/\/nordicmart.andreevmaster.com\/sv\/wp-json\/wp\/v2\/product"}],"about":[{"href":"https:\/\/nordicmart.andreevmaster.com\/sv\/wp-json\/wp\/v2\/types\/product"}],"replies":[{"embeddable":true,"href":"https:\/\/nordicmart.andreevmaster.com\/sv\/wp-json\/wp\/v2\/comments?post=17779"}],"wp:attachment":[{"href":"https:\/\/nordicmart.andreevmaster.com\/sv\/wp-json\/wp\/v2\/media?parent=17779"}],"wp:term":[{"taxonomy":"product_brand","embeddable":true,"href":"https:\/\/nordicmart.andreevmaster.com\/sv\/wp-json\/wp\/v2\/product_brand?post=17779"},{"taxonomy":"product_cat","embeddable":true,"href":"https:\/\/nordicmart.andreevmaster.com\/sv\/wp-json\/wp\/v2\/product_cat?post=17779"},{"taxonomy":"product_tag","embeddable":true,"href":"https:\/\/nordicmart.andreevmaster.com\/sv\/wp-json\/wp\/v2\/product_tag?post=17779"}],"curies":[{"name":"wp","href":"https:\/\/api.w.org\/{rel}","templated":true}]}}