{"id":17778,"date":"2026-02-27T00:36:36","date_gmt":"2026-02-27T00:36:36","guid":{"rendered":"https:\/\/nordicmart.andreevmaster.com\/product\/viga-montessori-vaggmanipulerande-tavla\/"},"modified":"2026-02-27T08:25:52","modified_gmt":"2026-02-27T08:25:52","slug":"viga-montessori-vaggmanipulerande-tavla","status":"publish","type":"product","link":"https:\/\/nordicmart.andreevmaster.com\/sv\/produkt\/viga-montessori-vaggmanipulerande-tavla\/","title":{"rendered":"VIGA Montessori v\u00e4ggmanipulerande tavla"},"content":{"rendered":"<p>VIGA Montessori sensoriska v\u00e4ggmanipulerande tavla \u00e4r ett pedagogiskt leksak som utvecklar manuella f\u00e4rdigheter och stimulerar barns nyfikenhet. Med en m\u00e4ngd olika element ger den timmar av engagerande lek samtidigt som den st\u00f6der sensorisk utveckling och hand-\u00f6ga-koordination. Det solida hantverket och uppm\u00e4rksamheten p\u00e5 detaljer g\u00f6r tavlan till ett utm\u00e4rkt val f\u00f6r hemmet, f\u00f6rskolan eller lekrummet! Egenskaper:<\/p>\n<p>* \u00c5lder: 18 m\u00e5nader<br \/>\n* B\u00f6jd design: anpassad f\u00f6r barn av olika l\u00e4ngd<br \/>\n* Fritt konfigurerbar: tavlan best\u00e5r av 5 delar som kan ordnas i olika ordningar<br \/>\n* L\u00e4tt att transportera och montera<\/p>\n<p>12 interaktiva element:<\/p>\n<p>* &#8211; roterande kugghjul,<br \/>\n* &#8211; v\u00e4derbr\u00e4da,<br \/>\n* &#8211; rullande skiva,<br \/>\n* &#8211; formpassande klossar,<br \/>\n* &#8211; cymbaler,<br \/>\n* &#8211; konkava och konvexa speglar,<br \/>\n* &#8211; gong<br \/>\n* &#8211; r\u00f6rliga p\u00e4rlor<br \/>\n* &#8211; labyrint<br \/>\n* &#8211; Termometer<br \/>\n* &#8211; \u00c5rstidernas v\u00e4xlingar<\/p>\n<p>Leksaken utvecklar:<\/p>\n<p>* Manuell fingerf\u00e4rdighet och hand-\u00f6ga-koordination<br \/>\n* Form- och f\u00e4rgigenk\u00e4nning<br \/>\n* Sensorisk perception<br \/>\n* Musikalisk f\u00f6rm\u00e5ga och kreativitet<br \/>\n* Koncentration och logiskt t\u00e4nkande<\/p>\n","protected":false},"excerpt":{"rendered":"<p>VIGA Montessori sensoriska v\u00e4ggmanipulerande tavla \u00e4r ett pedagogiskt leksak som utvecklar manuella f\u00e4rdigheter och stimulerar barns nyfikenhet. Med en m\u00e4ngd olika element ger den timmar av engagerande lek samtidigt som den st\u00f6der sensorisk utveckling och hand-\u00f6ga-koordination. Det solida hantverket och uppm\u00e4rksamheten p\u00e5 detaljer g\u00f6r tavlan till ett utm\u00e4rkt val f\u00f6r hemmet, f\u00f6rskolan eller lekrummet! Egenskaper: [&hellip;]<\/p>\n","protected":false},"featured_media":0,"comment_status":"open","ping_status":"closed","template":"","meta":[],"product_brand":[],"product_cat":[33],"product_tag":[],"class_list":{"0":"post-17778","1":"product","2":"type-product","3":"status-publish","5":"product_cat-okategoriserad","7":"first","8":"instock","9":"shipping-taxable","10":"purchasable","11":"product-type-simple"},"_links":{"self":[{"href":"https:\/\/nordicmart.andreevmaster.com\/sv\/wp-json\/wp\/v2\/product\/17778","targetHints":{"allow":["GET"]}}],"collection":[{"href":"https:\/\/nordicmart.andreevmaster.com\/sv\/wp-json\/wp\/v2\/product"}],"about":[{"href":"https:\/\/nordicmart.andreevmaster.com\/sv\/wp-json\/wp\/v2\/types\/product"}],"replies":[{"embeddable":true,"href":"https:\/\/nordicmart.andreevmaster.com\/sv\/wp-json\/wp\/v2\/comments?post=17778"}],"wp:attachment":[{"href":"https:\/\/nordicmart.andreevmaster.com\/sv\/wp-json\/wp\/v2\/media?parent=17778"}],"wp:term":[{"taxonomy":"product_brand","embeddable":true,"href":"https:\/\/nordicmart.andreevmaster.com\/sv\/wp-json\/wp\/v2\/product_brand?post=17778"},{"taxonomy":"product_cat","embeddable":true,"href":"https:\/\/nordicmart.andreevmaster.com\/sv\/wp-json\/wp\/v2\/product_cat?post=17778"},{"taxonomy":"product_tag","embeddable":true,"href":"https:\/\/nordicmart.andreevmaster.com\/sv\/wp-json\/wp\/v2\/product_tag?post=17778"}],"curies":[{"name":"wp","href":"https:\/\/api.w.org\/{rel}","templated":true}]}}