{"id":17777,"date":"2026-02-27T00:36:35","date_gmt":"2026-02-27T00:36:35","guid":{"rendered":"https:\/\/nordicmart.andreevmaster.com\/product\/viga-traparkering-med-hiss-4-bilar-och-helikopter\/"},"modified":"2026-02-27T08:25:52","modified_gmt":"2026-02-27T08:25:52","slug":"viga-traparkering-med-hiss-4-bilar-och-helikopter","status":"publish","type":"product","link":"https:\/\/nordicmart.andreevmaster.com\/sv\/produkt\/viga-traparkering-med-hiss-4-bilar-och-helikopter\/","title":{"rendered":"VIGA Tr\u00e4parkering med hiss, 4 bilar och helikopter"},"content":{"rendered":"<p>### Viga Tr\u00e4parkering \u2013 kreativ lek f\u00f6r de sm\u00e5!<\/p>\n<p>Tr\u00e4parkeringen fr\u00e5n Viga \u00e4r det perfekta setet f\u00f6r barn fr\u00e5n 3 \u00e5r och upp\u00e5t, som utvecklar deras fantasi, motorik och sociala f\u00f6rm\u00e5gor. Med sin robusta konstruktion, realistiska detaljer och stora storlek kommer detta set att ge timmar av lekgl\u00e4dje. Utrustat med hiss, biltv\u00e4tt och helikopterplatta kommer det att uppfylla dr\u00f6mmarna f\u00f6r alla sm\u00e5 bil- och flygfans!<\/p>\n<p>### Egenskaper:<\/p>\n<p>* &#8211; Leksak f\u00f6r barn fr\u00e5n 3 \u00e5r<br \/>\n* &#8211; S\u00e4kert och h\u00e5llbart material<br \/>\n* &#8211; Handvevad hiss<br \/>\n* &#8211; 4 bilar och en helikopter ing\u00e5r!<br \/>\n* &#8211; Tre parkeringsniv\u00e5er och en landningsplatta<br \/>\n* &#8211; Storlek anpassad f\u00f6r gruppspel \u2013 parkeringsgaraget rymmer inte bara de medf\u00f6ljande fordonen, utan \u00e4ven andra leksaker<br \/>\n* &#8211; Parkeringsplatsen m\u00e4ter 58 x 45,3 cm!<\/p>\n<p>### Vad ing\u00e5r i setet?<\/p>\n<p>* Ett parkeringsgarage i tr\u00e4 med tre niv\u00e5er, hiss och biltv\u00e4tt.* 4 tr\u00e4bilar i olika f\u00e4rger.<br \/>\n* En tr\u00e4helikopter med landningsplatta p\u00e5 taket av parkeringshuset.<br \/>\n* Rampelement f\u00f6r in- och utfart.<br \/>\n* Detaljerade markeringar som parkeringsplatser och hiss.<\/p>\n","protected":false},"excerpt":{"rendered":"<p>### Viga Tr\u00e4parkering \u2013 kreativ lek f\u00f6r de sm\u00e5! Tr\u00e4parkeringen fr\u00e5n Viga \u00e4r det perfekta setet f\u00f6r barn fr\u00e5n 3 \u00e5r och upp\u00e5t, som utvecklar deras fantasi, motorik och sociala f\u00f6rm\u00e5gor. Med sin robusta konstruktion, realistiska detaljer och stora storlek kommer detta set att ge timmar av lekgl\u00e4dje. Utrustat med hiss, biltv\u00e4tt och helikopterplatta kommer [&hellip;]<\/p>\n","protected":false},"featured_media":0,"comment_status":"open","ping_status":"closed","template":"","meta":[],"product_brand":[],"product_cat":[33],"product_tag":[],"class_list":{"0":"post-17777","1":"product","2":"type-product","3":"status-publish","5":"product_cat-okategoriserad","7":"first","8":"instock","9":"shipping-taxable","10":"purchasable","11":"product-type-simple"},"_links":{"self":[{"href":"https:\/\/nordicmart.andreevmaster.com\/sv\/wp-json\/wp\/v2\/product\/17777","targetHints":{"allow":["GET"]}}],"collection":[{"href":"https:\/\/nordicmart.andreevmaster.com\/sv\/wp-json\/wp\/v2\/product"}],"about":[{"href":"https:\/\/nordicmart.andreevmaster.com\/sv\/wp-json\/wp\/v2\/types\/product"}],"replies":[{"embeddable":true,"href":"https:\/\/nordicmart.andreevmaster.com\/sv\/wp-json\/wp\/v2\/comments?post=17777"}],"wp:attachment":[{"href":"https:\/\/nordicmart.andreevmaster.com\/sv\/wp-json\/wp\/v2\/media?parent=17777"}],"wp:term":[{"taxonomy":"product_brand","embeddable":true,"href":"https:\/\/nordicmart.andreevmaster.com\/sv\/wp-json\/wp\/v2\/product_brand?post=17777"},{"taxonomy":"product_cat","embeddable":true,"href":"https:\/\/nordicmart.andreevmaster.com\/sv\/wp-json\/wp\/v2\/product_cat?post=17777"},{"taxonomy":"product_tag","embeddable":true,"href":"https:\/\/nordicmart.andreevmaster.com\/sv\/wp-json\/wp\/v2\/product_tag?post=17777"}],"curies":[{"name":"wp","href":"https:\/\/api.w.org\/{rel}","templated":true}]}}