{"id":17776,"date":"2026-02-27T00:36:35","date_gmt":"2026-02-27T00:36:35","guid":{"rendered":"https:\/\/nordicmart.andreevmaster.com\/product\/viga-tragynga-2-i-1-montessori-rainbow-swing\/"},"modified":"2026-02-27T08:25:52","modified_gmt":"2026-02-27T08:25:52","slug":"viga-tragynga-2-i-1-montessori-rainbow-swing","status":"publish","type":"product","link":"https:\/\/nordicmart.andreevmaster.com\/sv\/produkt\/viga-tragynga-2-i-1-montessori-rainbow-swing\/","title":{"rendered":"VIGA Tr\u00e4gynga 2-i-1 Montessori Rainbow Swing"},"content":{"rendered":"<p>En gungbr\u00e4da och gunga fr\u00e5n VIGA som kommer att dra in dem i en virvelvind av kul och f\u00e5 dem att anv\u00e4nda sin o\u00e4ndliga energi! Gungbr\u00e4dans design och funktionalitet passar perfekt med Montessori-filosofin. Gungbr\u00e4dan anv\u00e4nds f\u00f6r balanslek och st\u00f6der utvecklingen av motoriska f\u00e4rdigheter. Egenskaper:<\/p>\n<p>* &#8211; leksak f\u00f6r barn \u00f6ver 3 \u00e5r<br \/>\n* &#8211; produkt tillverkad av tr\u00e4<br \/>\n* &#8211; multifunktionell anv\u00e4ndning, kan anv\u00e4ndas som gungstol eller gunga<br \/>\n* &#8211; produkt m\u00e5lad med ljusa, giftfria f\u00e4rger<br \/>\n* &#8211; gungstolen st\u00f6der barnets motoriska utveckling<\/p>\n<p>Leken utvecklar:<\/p>\n<p>* &#8211; hand-\u00f6ga-koordination<br \/>\n* &#8211; fantasi<br \/>\n* &#8211; t\u00e4vlingsinstinkt<br \/>\n* &#8211; grovmotorik<\/p>\n","protected":false},"excerpt":{"rendered":"<p>En gungbr\u00e4da och gunga fr\u00e5n VIGA som kommer att dra in dem i en virvelvind av kul och f\u00e5 dem att anv\u00e4nda sin o\u00e4ndliga energi! Gungbr\u00e4dans design och funktionalitet passar perfekt med Montessori-filosofin. Gungbr\u00e4dan anv\u00e4nds f\u00f6r balanslek och st\u00f6der utvecklingen av motoriska f\u00e4rdigheter. Egenskaper: * &#8211; leksak f\u00f6r barn \u00f6ver 3 \u00e5r * &#8211; produkt [&hellip;]<\/p>\n","protected":false},"featured_media":0,"comment_status":"open","ping_status":"closed","template":"","meta":[],"product_brand":[],"product_cat":[33],"product_tag":[],"class_list":{"0":"post-17776","1":"product","2":"type-product","3":"status-publish","5":"product_cat-okategoriserad","7":"first","8":"instock","9":"shipping-taxable","10":"purchasable","11":"product-type-simple"},"_links":{"self":[{"href":"https:\/\/nordicmart.andreevmaster.com\/sv\/wp-json\/wp\/v2\/product\/17776","targetHints":{"allow":["GET"]}}],"collection":[{"href":"https:\/\/nordicmart.andreevmaster.com\/sv\/wp-json\/wp\/v2\/product"}],"about":[{"href":"https:\/\/nordicmart.andreevmaster.com\/sv\/wp-json\/wp\/v2\/types\/product"}],"replies":[{"embeddable":true,"href":"https:\/\/nordicmart.andreevmaster.com\/sv\/wp-json\/wp\/v2\/comments?post=17776"}],"wp:attachment":[{"href":"https:\/\/nordicmart.andreevmaster.com\/sv\/wp-json\/wp\/v2\/media?parent=17776"}],"wp:term":[{"taxonomy":"product_brand","embeddable":true,"href":"https:\/\/nordicmart.andreevmaster.com\/sv\/wp-json\/wp\/v2\/product_brand?post=17776"},{"taxonomy":"product_cat","embeddable":true,"href":"https:\/\/nordicmart.andreevmaster.com\/sv\/wp-json\/wp\/v2\/product_cat?post=17776"},{"taxonomy":"product_tag","embeddable":true,"href":"https:\/\/nordicmart.andreevmaster.com\/sv\/wp-json\/wp\/v2\/product_tag?post=17776"}],"curies":[{"name":"wp","href":"https:\/\/api.w.org\/{rel}","templated":true}]}}