{"id":17775,"date":"2026-02-27T00:36:35","date_gmt":"2026-02-27T00:36:35","guid":{"rendered":"https:\/\/nordicmart.andreevmaster.com\/product\/viga-trabrada-for-sensorisk-manipulation-edu-triceratops\/"},"modified":"2026-02-27T08:25:51","modified_gmt":"2026-02-27T08:25:51","slug":"viga-trabrada-for-sensorisk-manipulation-edu-triceratops","status":"publish","type":"product","link":"https:\/\/nordicmart.andreevmaster.com\/sv\/produkt\/viga-trabrada-for-sensorisk-manipulation-edu-triceratops\/","title":{"rendered":"VIGA Tr\u00e4br\u00e4da f\u00f6r sensorisk manipulation EDU Triceratops"},"content":{"rendered":"<p>Den f\u00e4rgglada Triceratops Manipulative Board fr\u00e5n Viga Toys \u00e4r en multifunktionell v\u00e4ggleksak i tr\u00e4 som ger barn timmar av lek och l\u00e4rande. Br\u00e4det \u00e4r en leksak som flera barn kan leka med samtidigt. Det har aktiviteter som kugghjul, en motorisk \u00f6vningsslinga med en p\u00e4rlkastare, en glidande labyrint med \u00e4gg som kan \u00f6ppnas, ett xylofon, en gonggong och roterande dinosaurie\u00f6gon. En briljant kombination av leksaker f\u00f6r skolor, f\u00f6rskolor, l\u00e4rcentra och offentliga platser.<br \/>\nEgenskaper:<br \/>\n* &#8211; Leksak f\u00f6r barn fr\u00e5n 3 \u00e5r<br \/>\n* &#8211; Den sensoriska och manipulerbara tr\u00e4skivan i form av en triceratops \u00e4r i\u00f6gonfallande och uppmuntrar till lek<br \/>\n* &#8211; Manen har ett regnb\u00e5gsxylofon med en klubba och en gonggong<br \/>\n* &#8211; Dinosauriernas \u00f6gon kan \u00e4ndras med hj\u00e4lp av en tr\u00e4knopp<br \/>\n* &#8211; I mitten finns en skjutbar labyrint med 5 \u00e4gg som kan \u00f6ppnas, varav ett d\u00f6ljer en spegel och 4 sm\u00e5 dinosaurier<br \/>\n* &#8211; Kugghjul med bollar inuti det stora hjulet<br \/>\n* &#8211; P\u00e5 svansen finns en motorslinga och en p\u00e4rlkastare<br \/>\n* &#8211; Produkten \u00e4r tillverkad av h\u00f6gkvalitativt lackerat tr\u00e4 och m\u00e5lad med giftfria f\u00e4rger.* &#8211; Denna br\u00e4da f\u00f6ljer Montessori-principerna<\/p>\n<p>Leksaken utvecklar:<\/p>\n<p>* &#8211; Motoriska f\u00e4rdigheter<br \/>\n* &#8211; Hand-\u00f6ga-koordination<br \/>\n* &#8211; Kreativitet<br \/>\n* &#8211; Sj\u00e4lvst\u00e4ndighet och noggrannhet<\/p>\n","protected":false},"excerpt":{"rendered":"<p>Den f\u00e4rgglada Triceratops Manipulative Board fr\u00e5n Viga Toys \u00e4r en multifunktionell v\u00e4ggleksak i tr\u00e4 som ger barn timmar av lek och l\u00e4rande. Br\u00e4det \u00e4r en leksak som flera barn kan leka med samtidigt. Det har aktiviteter som kugghjul, en motorisk \u00f6vningsslinga med en p\u00e4rlkastare, en glidande labyrint med \u00e4gg som kan \u00f6ppnas, ett xylofon, en [&hellip;]<\/p>\n","protected":false},"featured_media":0,"comment_status":"open","ping_status":"closed","template":"","meta":[],"product_brand":[],"product_cat":[33],"product_tag":[],"class_list":{"0":"post-17775","1":"product","2":"type-product","3":"status-publish","5":"product_cat-okategoriserad","7":"first","8":"instock","9":"shipping-taxable","10":"purchasable","11":"product-type-simple"},"_links":{"self":[{"href":"https:\/\/nordicmart.andreevmaster.com\/sv\/wp-json\/wp\/v2\/product\/17775","targetHints":{"allow":["GET"]}}],"collection":[{"href":"https:\/\/nordicmart.andreevmaster.com\/sv\/wp-json\/wp\/v2\/product"}],"about":[{"href":"https:\/\/nordicmart.andreevmaster.com\/sv\/wp-json\/wp\/v2\/types\/product"}],"replies":[{"embeddable":true,"href":"https:\/\/nordicmart.andreevmaster.com\/sv\/wp-json\/wp\/v2\/comments?post=17775"}],"wp:attachment":[{"href":"https:\/\/nordicmart.andreevmaster.com\/sv\/wp-json\/wp\/v2\/media?parent=17775"}],"wp:term":[{"taxonomy":"product_brand","embeddable":true,"href":"https:\/\/nordicmart.andreevmaster.com\/sv\/wp-json\/wp\/v2\/product_brand?post=17775"},{"taxonomy":"product_cat","embeddable":true,"href":"https:\/\/nordicmart.andreevmaster.com\/sv\/wp-json\/wp\/v2\/product_cat?post=17775"},{"taxonomy":"product_tag","embeddable":true,"href":"https:\/\/nordicmart.andreevmaster.com\/sv\/wp-json\/wp\/v2\/product_tag?post=17775"}],"curies":[{"name":"wp","href":"https:\/\/api.w.org\/{rel}","templated":true}]}}