{"id":17774,"date":"2026-02-27T00:36:35","date_gmt":"2026-02-27T00:36:35","guid":{"rendered":"https:\/\/nordicmart.andreevmaster.com\/product\/viga-2-i-1-skotbord-och-dockbad-i-tra\/"},"modified":"2026-02-27T08:25:51","modified_gmt":"2026-02-27T08:25:51","slug":"viga-2-i-1-skotbord-och-dockbad-i-tra","status":"publish","type":"product","link":"https:\/\/nordicmart.andreevmaster.com\/sv\/produkt\/viga-2-i-1-skotbord-och-dockbad-i-tra\/","title":{"rendered":"VIGA 2-i-1 sk\u00f6tbord och dockbad i tr\u00e4"},"content":{"rendered":"<p>Det 2-i-1-sk\u00f6tbordet i tr\u00e4 fr\u00e5n Viga \u00e4r en unik presentid\u00e9 till ett barn, som kombinerar funktionerna hos ett sk\u00f6tbord och ett babybadkar. Sk\u00f6tbordet har en bekv\u00e4m, plan yta p\u00e5 den \u00f6vre skivan, perfekt f\u00f6r lek. F\u00f6r att b\u00f6rja leka med sk\u00f6tbordet l\u00e4gger du bara ett lakan och en mjuk kudde p\u00e5 den \u00f6vre panelen. Hyllan under sk\u00f6tbordet \u00e4r ett praktiskt st\u00e4lle att f\u00f6rvara tillbeh\u00f6r p\u00e5, och p\u00e5 den finns en tygkorg som ger extra utrymme f\u00f6r s\u00e4ker f\u00f6rvaring av saker. N\u00e4r du anv\u00e4nder det som badkar tar du bort den \u00f6vre br\u00e4dan och installerar kranen och duschhuvudet. Den solida tr\u00e4konstruktionen garanterar s\u00e4kerhet och stabilitet under lek. Dessutom \u00e4r f\u00e4rgerna matchade s\u00e5 att leksaken passar in i alla rum. Viga 2-i-1-sk\u00f6tbord i tr\u00e4 \u00e4r inte bara en praktisk m\u00f6bel, utan ocks\u00e5 en utm\u00e4rkt leksak som utvecklar barns fantasi och omsorgsfullhet. <\/p>\n<p>Egenskaper: <\/p>\n<p>* &#8211; Leksak f\u00f6r barn fr\u00e5n 3 \u00e5r<br \/>\n* &#8211; 2-i-1-sk\u00f6tbord och badkar<br \/>\n* &#8211; Extra hylla med korg f\u00f6r f\u00f6rvaring av tillbeh\u00f6r<br \/>\n* &#8211; S\u00f6t gul anka ing\u00e5r i setet<br \/>\n* &#8211; Passar dockor upp till 43 cm l\u00e5nga<br \/>\n* &#8211; Perfekt f\u00f6r rollspel<br \/>\n* &#8211; Inte bara en leksak, utan ocks\u00e5 ett verktyg f\u00f6r att utveckla k\u00e4rlek och omsorg genom att ta hand om en docka.<\/p>\n<p>Produktstorlek: 50 x 30 x 54,5 (cm)<\/p>\n","protected":false},"excerpt":{"rendered":"<p>Det 2-i-1-sk\u00f6tbordet i tr\u00e4 fr\u00e5n Viga \u00e4r en unik presentid\u00e9 till ett barn, som kombinerar funktionerna hos ett sk\u00f6tbord och ett babybadkar. Sk\u00f6tbordet har en bekv\u00e4m, plan yta p\u00e5 den \u00f6vre skivan, perfekt f\u00f6r lek. F\u00f6r att b\u00f6rja leka med sk\u00f6tbordet l\u00e4gger du bara ett lakan och en mjuk kudde p\u00e5 den \u00f6vre panelen. Hyllan [&hellip;]<\/p>\n","protected":false},"featured_media":0,"comment_status":"open","ping_status":"closed","template":"","meta":[],"product_brand":[],"product_cat":[33],"product_tag":[],"class_list":{"0":"post-17774","1":"product","2":"type-product","3":"status-publish","5":"product_cat-okategoriserad","7":"first","8":"instock","9":"shipping-taxable","10":"purchasable","11":"product-type-simple"},"_links":{"self":[{"href":"https:\/\/nordicmart.andreevmaster.com\/sv\/wp-json\/wp\/v2\/product\/17774","targetHints":{"allow":["GET"]}}],"collection":[{"href":"https:\/\/nordicmart.andreevmaster.com\/sv\/wp-json\/wp\/v2\/product"}],"about":[{"href":"https:\/\/nordicmart.andreevmaster.com\/sv\/wp-json\/wp\/v2\/types\/product"}],"replies":[{"embeddable":true,"href":"https:\/\/nordicmart.andreevmaster.com\/sv\/wp-json\/wp\/v2\/comments?post=17774"}],"wp:attachment":[{"href":"https:\/\/nordicmart.andreevmaster.com\/sv\/wp-json\/wp\/v2\/media?parent=17774"}],"wp:term":[{"taxonomy":"product_brand","embeddable":true,"href":"https:\/\/nordicmart.andreevmaster.com\/sv\/wp-json\/wp\/v2\/product_brand?post=17774"},{"taxonomy":"product_cat","embeddable":true,"href":"https:\/\/nordicmart.andreevmaster.com\/sv\/wp-json\/wp\/v2\/product_cat?post=17774"},{"taxonomy":"product_tag","embeddable":true,"href":"https:\/\/nordicmart.andreevmaster.com\/sv\/wp-json\/wp\/v2\/product_tag?post=17774"}],"curies":[{"name":"wp","href":"https:\/\/api.w.org\/{rel}","templated":true}]}}