{"id":17773,"date":"2026-02-27T00:36:35","date_gmt":"2026-02-27T00:36:35","guid":{"rendered":"https:\/\/nordicmart.andreevmaster.com\/product\/viga-trabaserad-musikbrada-med-12-slagverk\/"},"modified":"2026-02-27T08:25:51","modified_gmt":"2026-02-27T08:25:51","slug":"viga-trabaserad-musikbrada-med-12-slagverk","status":"publish","type":"product","link":"https:\/\/nordicmart.andreevmaster.com\/sv\/produkt\/viga-trabaserad-musikbrada-med-12-slagverk\/","title":{"rendered":"VIGA Tr\u00e4baserad musikbr\u00e4da med 12 slagverk"},"content":{"rendered":"<p>Musikbr\u00e4dan fr\u00e5n Viga \u00e4r ett unikt tillskott till alla utbildningsrum. Den l\u00e5ter barn fritt experimentera med 12 olika instrument, vilket fr\u00e4mjar utvecklingen av auditiva och musikaliska f\u00f6rm\u00e5gor. Instrumenten som h\u00e4nger p\u00e5 br\u00e4det \u00e4r l\u00e4ttillg\u00e4ngliga f\u00f6r barn, vilket uppmuntrar till aktivt deltagande i musikundervisningen och stimulerar en omfattande utveckling. <\/p>\n<p>Egenskaper: <\/p>\n<p>* &#8211; leksak f\u00f6r barn fr\u00e5n 3 \u00e5r<br \/>\n* &#8211; det perfekta tillskottet till alla utbildningsrum<br \/>\n* &#8211; inneh\u00e5ller 12 olika instrument: xylofon, trumma, triangel och andra slagverk<br \/>\n* &#8211; uppmuntrar utvecklingen av musikundervisning<br \/>\n* &#8211; l\u00e4tt att montera<br \/>\n* &#8211; tillverkad av h\u00f6gkvalitativt tr\u00e4<\/p>\n<p>Leksaken utvecklar:<\/p>\n<p>* &#8211; finmotorik<br \/>\n* &#8211; kreativitet<br \/>\n* &#8211; fantasi<br \/>\n* &#8211; musikaliska f\u00f6rm\u00e5gor<br \/>\n* &#8211; motorisk koordination<\/p>\n","protected":false},"excerpt":{"rendered":"<p>Musikbr\u00e4dan fr\u00e5n Viga \u00e4r ett unikt tillskott till alla utbildningsrum. Den l\u00e5ter barn fritt experimentera med 12 olika instrument, vilket fr\u00e4mjar utvecklingen av auditiva och musikaliska f\u00f6rm\u00e5gor. Instrumenten som h\u00e4nger p\u00e5 br\u00e4det \u00e4r l\u00e4ttillg\u00e4ngliga f\u00f6r barn, vilket uppmuntrar till aktivt deltagande i musikundervisningen och stimulerar en omfattande utveckling. Egenskaper: * &#8211; leksak f\u00f6r barn fr\u00e5n [&hellip;]<\/p>\n","protected":false},"featured_media":0,"comment_status":"open","ping_status":"closed","template":"","meta":[],"product_brand":[],"product_cat":[33],"product_tag":[],"class_list":{"0":"post-17773","1":"product","2":"type-product","3":"status-publish","5":"product_cat-okategoriserad","7":"first","8":"instock","9":"shipping-taxable","10":"purchasable","11":"product-type-simple"},"_links":{"self":[{"href":"https:\/\/nordicmart.andreevmaster.com\/sv\/wp-json\/wp\/v2\/product\/17773","targetHints":{"allow":["GET"]}}],"collection":[{"href":"https:\/\/nordicmart.andreevmaster.com\/sv\/wp-json\/wp\/v2\/product"}],"about":[{"href":"https:\/\/nordicmart.andreevmaster.com\/sv\/wp-json\/wp\/v2\/types\/product"}],"replies":[{"embeddable":true,"href":"https:\/\/nordicmart.andreevmaster.com\/sv\/wp-json\/wp\/v2\/comments?post=17773"}],"wp:attachment":[{"href":"https:\/\/nordicmart.andreevmaster.com\/sv\/wp-json\/wp\/v2\/media?parent=17773"}],"wp:term":[{"taxonomy":"product_brand","embeddable":true,"href":"https:\/\/nordicmart.andreevmaster.com\/sv\/wp-json\/wp\/v2\/product_brand?post=17773"},{"taxonomy":"product_cat","embeddable":true,"href":"https:\/\/nordicmart.andreevmaster.com\/sv\/wp-json\/wp\/v2\/product_cat?post=17773"},{"taxonomy":"product_tag","embeddable":true,"href":"https:\/\/nordicmart.andreevmaster.com\/sv\/wp-json\/wp\/v2\/product_tag?post=17773"}],"curies":[{"name":"wp","href":"https:\/\/api.w.org\/{rel}","templated":true}]}}