{"id":17772,"date":"2026-02-27T00:36:34","date_gmt":"2026-02-27T00:36:34","guid":{"rendered":"https:\/\/nordicmart.andreevmaster.com\/product\/viga-traleksak-for-sensorisk-manipulation-edu-train\/"},"modified":"2026-02-27T08:25:51","modified_gmt":"2026-02-27T08:25:51","slug":"viga-traleksak-for-sensorisk-manipulation-edu-train","status":"publish","type":"product","link":"https:\/\/nordicmart.andreevmaster.com\/sv\/produkt\/viga-traleksak-for-sensorisk-manipulation-edu-train\/","title":{"rendered":"VIGA Tr\u00e4leksak f\u00f6r sensorisk manipulation EDU Train"},"content":{"rendered":"<p>Det f\u00e4rgglada leksakst\u00e5get fr\u00e5n Viga Toys \u00e4r ett multifunktionellt leksakst\u00e5g i tr\u00e4 som ger barn timmar av lek och l\u00e4rande. Leksaken best\u00e5r av tre separata delar: ett r\u00f6tt lok med kugghjul, ett kvarnhjul och en spegel; en bl\u00e5 vagn med cymbaler, en motorslinga och en p\u00e4rlkastare; och en gr\u00f6n vagn med ett interaktivt skjutbart t\u00e5g och roterande block som f\u00f6rest\u00e4ller k\u00e4nda platser. Varje del erbjuder en m\u00e4ngd attraktioner som stimulerar de sm\u00e5 barnens sinnen och f\u00e4rdigheter, samtidigt som de f\u00e5r massor av roligt. <\/p>\n<p>Egenskaper: <\/p>\n<p>* &#8211; Leksak f\u00f6r barn fr\u00e5n 3 \u00e5r<br \/>\n* &#8211; Den sensoriska och manipulerbara tr\u00e4skivan i form av ett t\u00e5g \u00e4r i\u00f6gonfallande och uppmuntrar till lek.<br \/>\n* &#8211; R\u00f6d lokomotiv med kugghjul, kvarnhjul och spegel.* &#8211; Bl\u00e5 vagn med cymbaler, motorslinga och p\u00e4rlkastare. * &#8211; Gr\u00f6n vagn med ett interaktivt skjutbart t\u00e5g och roterande block som f\u00f6rest\u00e4ller k\u00e4nda platser. * &#8211; Produkten \u00e4r tillverkad av h\u00f6gkvalitativt lackerat tr\u00e4 och m\u00e5lad med giftfria f\u00e4rger. * &#8211; Denna tavla f\u00f6ljer Montessori-principerna.<\/p>\n<p>Leksaken utvecklar:<\/p>\n<p>* &#8211; Motorik<br \/>\n* &#8211; Hand-\u00f6ga-koordination<br \/>\n* &#8211; Kreativitet<br \/>\n* &#8211; Sj\u00e4lvst\u00e4ndighet och noggrannhet<\/p>\n","protected":false},"excerpt":{"rendered":"<p>Det f\u00e4rgglada leksakst\u00e5get fr\u00e5n Viga Toys \u00e4r ett multifunktionellt leksakst\u00e5g i tr\u00e4 som ger barn timmar av lek och l\u00e4rande. Leksaken best\u00e5r av tre separata delar: ett r\u00f6tt lok med kugghjul, ett kvarnhjul och en spegel; en bl\u00e5 vagn med cymbaler, en motorslinga och en p\u00e4rlkastare; och en gr\u00f6n vagn med ett interaktivt skjutbart t\u00e5g [&hellip;]<\/p>\n","protected":false},"featured_media":0,"comment_status":"open","ping_status":"closed","template":"","meta":[],"product_brand":[],"product_cat":[33],"product_tag":[],"class_list":{"0":"post-17772","1":"product","2":"type-product","3":"status-publish","5":"product_cat-okategoriserad","7":"first","8":"instock","9":"shipping-taxable","10":"purchasable","11":"product-type-simple"},"_links":{"self":[{"href":"https:\/\/nordicmart.andreevmaster.com\/sv\/wp-json\/wp\/v2\/product\/17772","targetHints":{"allow":["GET"]}}],"collection":[{"href":"https:\/\/nordicmart.andreevmaster.com\/sv\/wp-json\/wp\/v2\/product"}],"about":[{"href":"https:\/\/nordicmart.andreevmaster.com\/sv\/wp-json\/wp\/v2\/types\/product"}],"replies":[{"embeddable":true,"href":"https:\/\/nordicmart.andreevmaster.com\/sv\/wp-json\/wp\/v2\/comments?post=17772"}],"wp:attachment":[{"href":"https:\/\/nordicmart.andreevmaster.com\/sv\/wp-json\/wp\/v2\/media?parent=17772"}],"wp:term":[{"taxonomy":"product_brand","embeddable":true,"href":"https:\/\/nordicmart.andreevmaster.com\/sv\/wp-json\/wp\/v2\/product_brand?post=17772"},{"taxonomy":"product_cat","embeddable":true,"href":"https:\/\/nordicmart.andreevmaster.com\/sv\/wp-json\/wp\/v2\/product_cat?post=17772"},{"taxonomy":"product_tag","embeddable":true,"href":"https:\/\/nordicmart.andreevmaster.com\/sv\/wp-json\/wp\/v2\/product_tag?post=17772"}],"curies":[{"name":"wp","href":"https:\/\/api.w.org\/{rel}","templated":true}]}}