{"id":17771,"date":"2026-02-27T00:36:34","date_gmt":"2026-02-27T00:36:34","guid":{"rendered":"https:\/\/nordicmart.andreevmaster.com\/product\/viga-brandman-set-kostym-hjalm-walkie-talkies-2-st-tillbehor-megafon-ficklampa\/"},"modified":"2026-02-27T08:25:50","modified_gmt":"2026-02-27T08:25:50","slug":"viga-brandman-set-kostym-hjalm-walkie-talkies-2-st-tillbehor-megafon-ficklampa","status":"publish","type":"product","link":"https:\/\/nordicmart.andreevmaster.com\/sv\/produkt\/viga-brandman-set-kostym-hjalm-walkie-talkies-2-st-tillbehor-megafon-ficklampa\/","title":{"rendered":"VIGA Brandman-set Kostym Hj\u00e4lm Walkie-Talkies 2 st Tillbeh\u00f6r Megafon Ficklampa"},"content":{"rendered":"<p>Brandman kostym och tillbeh\u00f6r set fr\u00e5n VIGA \u00e4r den perfekta presenten f\u00f6r barn som dr\u00f6mmer om att bli brandm\u00e4n. Setet inneh\u00e5ller 2 reflexv\u00e4star, 2 r\u00f6da hj\u00e4lmar, 2 walkie-talkies i tr\u00e4, en megafon och en ficklampa. V\u00e4starna har fickor och f\u00e4sts med kardborreband.<\/p>\n<p>Egenskaper:<\/p>\n<p>* &#8211; set f\u00f6r barn fr\u00e5n 3 \u00e5r<br \/>\n* &#8211; set f\u00f6r tv\u00e5 barn<br \/>\n* &#8211; inneh\u00e5ller 2 v\u00e4star, 2 brandmanshj\u00e4lmar, 2 walkie-talkies i tr\u00e4, en megafon och en ficklampa<br \/>\n* &#8211; v\u00e4starna f\u00e4sts med kardborreband och har fickor f\u00f6r f\u00f6rvaring av tillbeh\u00f6r<br \/>\n* &#8211; h\u00f6gkvalitativt utf\u00f6rande av setets komponenter<\/p>\n","protected":false},"excerpt":{"rendered":"<p>Brandman kostym och tillbeh\u00f6r set fr\u00e5n VIGA \u00e4r den perfekta presenten f\u00f6r barn som dr\u00f6mmer om att bli brandm\u00e4n. Setet inneh\u00e5ller 2 reflexv\u00e4star, 2 r\u00f6da hj\u00e4lmar, 2 walkie-talkies i tr\u00e4, en megafon och en ficklampa. V\u00e4starna har fickor och f\u00e4sts med kardborreband. Egenskaper: * &#8211; set f\u00f6r barn fr\u00e5n 3 \u00e5r * &#8211; set f\u00f6r [&hellip;]<\/p>\n","protected":false},"featured_media":0,"comment_status":"open","ping_status":"closed","template":"","meta":[],"product_brand":[],"product_cat":[33],"product_tag":[],"class_list":{"0":"post-17771","1":"product","2":"type-product","3":"status-publish","5":"product_cat-okategoriserad","7":"first","8":"instock","9":"shipping-taxable","10":"purchasable","11":"product-type-simple"},"_links":{"self":[{"href":"https:\/\/nordicmart.andreevmaster.com\/sv\/wp-json\/wp\/v2\/product\/17771","targetHints":{"allow":["GET"]}}],"collection":[{"href":"https:\/\/nordicmart.andreevmaster.com\/sv\/wp-json\/wp\/v2\/product"}],"about":[{"href":"https:\/\/nordicmart.andreevmaster.com\/sv\/wp-json\/wp\/v2\/types\/product"}],"replies":[{"embeddable":true,"href":"https:\/\/nordicmart.andreevmaster.com\/sv\/wp-json\/wp\/v2\/comments?post=17771"}],"wp:attachment":[{"href":"https:\/\/nordicmart.andreevmaster.com\/sv\/wp-json\/wp\/v2\/media?parent=17771"}],"wp:term":[{"taxonomy":"product_brand","embeddable":true,"href":"https:\/\/nordicmart.andreevmaster.com\/sv\/wp-json\/wp\/v2\/product_brand?post=17771"},{"taxonomy":"product_cat","embeddable":true,"href":"https:\/\/nordicmart.andreevmaster.com\/sv\/wp-json\/wp\/v2\/product_cat?post=17771"},{"taxonomy":"product_tag","embeddable":true,"href":"https:\/\/nordicmart.andreevmaster.com\/sv\/wp-json\/wp\/v2\/product_tag?post=17771"}],"curies":[{"name":"wp","href":"https:\/\/api.w.org\/{rel}","templated":true}]}}