{"id":17770,"date":"2026-02-27T00:36:34","date_gmt":"2026-02-27T00:36:34","guid":{"rendered":"https:\/\/nordicmart.andreevmaster.com\/product\/viga-stor-brandbil-i-tra-montessori-lekplats\/"},"modified":"2026-02-27T08:25:50","modified_gmt":"2026-02-27T08:25:50","slug":"viga-stor-brandbil-i-tra-montessori-lekplats","status":"publish","type":"product","link":"https:\/\/nordicmart.andreevmaster.com\/sv\/produkt\/viga-stor-brandbil-i-tra-montessori-lekplats\/","title":{"rendered":"VIGA Stor brandbil i tr\u00e4 Montessori-lekplats"},"content":{"rendered":"<p>Den stora brandbilen i tr\u00e4 fr\u00e5n VIGA \u00e4r en leksak som ger barn en rik upplevelse av brandbek\u00e4mpningens v\u00e4rld. Det \u00e4r ocks\u00e5 en stor inomhuslekplats d\u00e4r barn kan hitta p\u00e5 m\u00e5nga lekar tillsammans. Barnen kan leka modiga brandm\u00e4n, sl\u00e4cka br\u00e4nder, r\u00e4dda uppstoppade djur eller navigera genom en komplex r\u00e4ddningslabyrint. Denna interaktiva leksak uppmuntrar aktivt l\u00e4rande samtidigt som den utvecklar motoriska f\u00e4rdigheter, logiskt t\u00e4nkande och sociala f\u00e4rdigheter. Tack vare den l\u00e4r sig sm\u00e5 hj\u00e4ltar hur viktigt det \u00e4r att t\u00e4nka och agera snabbt i n\u00f6dsituationer, samt hur v\u00e4rdefullt det \u00e4r att ha en plan och arbeta tillsammans som ett team. <\/p>\n<p>Funktioner: <\/p>\n<p>* &#8211; Stor inomhuslekplats<br \/>\n* &#8211; Utrustningen inspirerar till nya lekscenarier<br \/>\n* &#8211; Barnen kan ansluta brandslangen till brandbilen eller till en brandpost<br \/>\n* &#8211; F\u00f6rarhytt med r\u00f6rligt ratt, v\u00e4xelspak och sirenknapp<br \/>\n* &#8211; Kakelplattor med brands\u00e4kerhetsunderlag<br \/>\n* &#8211; Stor tavla med labyrint f\u00f6r att flytta tr\u00e4figurer<br \/>\n* &#8211; F\u00f6rvaringsutrymme h\u00e5ller tillbeh\u00f6ren ordnade<br \/>\n* &#8211; Engagerar barn i en m\u00e4ngd olika lekscenarier<\/p>\n<p>Leksaken utvecklar:<\/p>\n<p>* &#8211; motoriska f\u00e4rdigheter<br \/>\n* &#8211; sociala f\u00e4rdigheter<br \/>\n* &#8211; logiskt t\u00e4nkande<br \/>\n* &#8211; fantasi och kreativitet<\/p>\n<p>### Setet levereras med ett gratis tillbeh\u00f6rsset som visas p\u00e5 bilden (kod 44713): 2 brandmansdr\u00e4kter, 2 walkie-talkies, en ficklampa och en megafon.&lt;center&gt;&lt;iframe width=&#8221;467&#8243; height=&#8221;831&#8243; src=&#8221;https:\/\/www.youtube.com\/embed\/-zJ3ar8et5o&#8221; title=&#8221;VIGA Stor tr\u00e4brandbil Montessori-lekplats&#8221; frameborder=&#8221;0&#8243; allow=&#8221;accelerometer; autoplay; clipboard-write; encrypted-media; gyroscope; picture-in-picture; web-share&#8221; referrerpolicy=&#8221;strict-origin-when-cross-origin&#8221; allowfullscreen&gt;&lt;\/iframe&gt;&lt;\/center&gt;<\/p>\n","protected":false},"excerpt":{"rendered":"<p>Den stora brandbilen i tr\u00e4 fr\u00e5n VIGA \u00e4r en leksak som ger barn en rik upplevelse av brandbek\u00e4mpningens v\u00e4rld. Det \u00e4r ocks\u00e5 en stor inomhuslekplats d\u00e4r barn kan hitta p\u00e5 m\u00e5nga lekar tillsammans. Barnen kan leka modiga brandm\u00e4n, sl\u00e4cka br\u00e4nder, r\u00e4dda uppstoppade djur eller navigera genom en komplex r\u00e4ddningslabyrint. Denna interaktiva leksak uppmuntrar aktivt l\u00e4rande [&hellip;]<\/p>\n","protected":false},"featured_media":0,"comment_status":"open","ping_status":"closed","template":"","meta":[],"product_brand":[],"product_cat":[33],"product_tag":[],"class_list":{"0":"post-17770","1":"product","2":"type-product","3":"status-publish","5":"product_cat-okategoriserad","7":"first","8":"instock","9":"shipping-taxable","10":"purchasable","11":"product-type-simple"},"_links":{"self":[{"href":"https:\/\/nordicmart.andreevmaster.com\/sv\/wp-json\/wp\/v2\/product\/17770","targetHints":{"allow":["GET"]}}],"collection":[{"href":"https:\/\/nordicmart.andreevmaster.com\/sv\/wp-json\/wp\/v2\/product"}],"about":[{"href":"https:\/\/nordicmart.andreevmaster.com\/sv\/wp-json\/wp\/v2\/types\/product"}],"replies":[{"embeddable":true,"href":"https:\/\/nordicmart.andreevmaster.com\/sv\/wp-json\/wp\/v2\/comments?post=17770"}],"wp:attachment":[{"href":"https:\/\/nordicmart.andreevmaster.com\/sv\/wp-json\/wp\/v2\/media?parent=17770"}],"wp:term":[{"taxonomy":"product_brand","embeddable":true,"href":"https:\/\/nordicmart.andreevmaster.com\/sv\/wp-json\/wp\/v2\/product_brand?post=17770"},{"taxonomy":"product_cat","embeddable":true,"href":"https:\/\/nordicmart.andreevmaster.com\/sv\/wp-json\/wp\/v2\/product_cat?post=17770"},{"taxonomy":"product_tag","embeddable":true,"href":"https:\/\/nordicmart.andreevmaster.com\/sv\/wp-json\/wp\/v2\/product_tag?post=17770"}],"curies":[{"name":"wp","href":"https:\/\/api.w.org\/{rel}","templated":true}]}}