{"id":17769,"date":"2026-02-27T00:36:33","date_gmt":"2026-02-27T00:36:33","guid":{"rendered":"https:\/\/nordicmart.andreevmaster.com\/product\/viga-naturlig-montessori-gunghast-i-tra\/"},"modified":"2026-02-27T08:25:50","modified_gmt":"2026-02-27T08:25:50","slug":"viga-naturlig-montessori-gunghast-i-tra","status":"publish","type":"product","link":"https:\/\/nordicmart.andreevmaster.com\/sv\/produkt\/viga-naturlig-montessori-gunghast-i-tra\/","title":{"rendered":"VIGA Naturlig Montessori-gungh\u00e4st i tr\u00e4"},"content":{"rendered":"<p>En gungh\u00e4st och gunga fr\u00e5n VIGA som kommer att dra in dem i en virvelvind av kul och f\u00e5 dem att g\u00f6ra av med sin o\u00e4ndliga energi! Gungh\u00e4stens design och funktionalitet \u00e4r helt i linje med Montessori-filosofin. Gungstolen anv\u00e4nds f\u00f6r balanslek och st\u00f6der utvecklingen av motoriska f\u00e4rdigheter. Tillsammans med en kl\u00e4ttertriangel och en tr\u00e4skjutbana kan den bli en del av en lekplats hemma. Egenskaper:<\/p>\n<p>* &#8211; leksak f\u00f6r barn fr\u00e5n 18 m\u00e5nader<br \/>\n* &#8211; produkt tillverkad av tr\u00e4<br \/>\n* &#8211; multifunktionell anv\u00e4ndning, kan anv\u00e4ndas som gungstol eller gunga<br \/>\n* &#8211; produkt m\u00e5lad med ljusa, giftfria f\u00e4rger<br \/>\n* &#8211; gungstolen st\u00f6der barnets motoriska utveckling<br \/>\n* &#8211; kan kombineras med en tr\u00e4kl\u00e4tterst\u00e4llning (44709) och en kl\u00e4ttertriangel (44708)<\/p>\n<p>Leken utvecklar:<\/p>\n<p>* &#8211; grovmotorik<br \/>\n* &#8211; hand-\u00f6ga-koordination<br \/>\n* &#8211; balanssinne<\/p>\n","protected":false},"excerpt":{"rendered":"<p>En gungh\u00e4st och gunga fr\u00e5n VIGA som kommer att dra in dem i en virvelvind av kul och f\u00e5 dem att g\u00f6ra av med sin o\u00e4ndliga energi! Gungh\u00e4stens design och funktionalitet \u00e4r helt i linje med Montessori-filosofin. Gungstolen anv\u00e4nds f\u00f6r balanslek och st\u00f6der utvecklingen av motoriska f\u00e4rdigheter. Tillsammans med en kl\u00e4ttertriangel och en tr\u00e4skjutbana kan [&hellip;]<\/p>\n","protected":false},"featured_media":0,"comment_status":"open","ping_status":"closed","template":"","meta":[],"product_brand":[],"product_cat":[33],"product_tag":[],"class_list":{"0":"post-17769","1":"product","2":"type-product","3":"status-publish","5":"product_cat-okategoriserad","7":"first","8":"instock","9":"shipping-taxable","10":"purchasable","11":"product-type-simple"},"_links":{"self":[{"href":"https:\/\/nordicmart.andreevmaster.com\/sv\/wp-json\/wp\/v2\/product\/17769","targetHints":{"allow":["GET"]}}],"collection":[{"href":"https:\/\/nordicmart.andreevmaster.com\/sv\/wp-json\/wp\/v2\/product"}],"about":[{"href":"https:\/\/nordicmart.andreevmaster.com\/sv\/wp-json\/wp\/v2\/types\/product"}],"replies":[{"embeddable":true,"href":"https:\/\/nordicmart.andreevmaster.com\/sv\/wp-json\/wp\/v2\/comments?post=17769"}],"wp:attachment":[{"href":"https:\/\/nordicmart.andreevmaster.com\/sv\/wp-json\/wp\/v2\/media?parent=17769"}],"wp:term":[{"taxonomy":"product_brand","embeddable":true,"href":"https:\/\/nordicmart.andreevmaster.com\/sv\/wp-json\/wp\/v2\/product_brand?post=17769"},{"taxonomy":"product_cat","embeddable":true,"href":"https:\/\/nordicmart.andreevmaster.com\/sv\/wp-json\/wp\/v2\/product_cat?post=17769"},{"taxonomy":"product_tag","embeddable":true,"href":"https:\/\/nordicmart.andreevmaster.com\/sv\/wp-json\/wp\/v2\/product_tag?post=17769"}],"curies":[{"name":"wp","href":"https:\/\/api.w.org\/{rel}","templated":true}]}}