{"id":17768,"date":"2026-02-27T00:36:33","date_gmt":"2026-02-27T00:36:33","guid":{"rendered":"https:\/\/nordicmart.andreevmaster.com\/product\/viga-tra-pikler-stege-montessori-klattertriangel\/"},"modified":"2026-02-27T08:25:50","modified_gmt":"2026-02-27T08:25:50","slug":"viga-tra-pikler-stege-montessori-klattertriangel","status":"publish","type":"product","link":"https:\/\/nordicmart.andreevmaster.com\/sv\/produkt\/viga-tra-pikler-stege-montessori-klattertriangel\/","title":{"rendered":"VIGA Tr\u00e4 Pikler-stege Montessori kl\u00e4ttertriangel"},"content":{"rendered":"<p>Pikler-kl\u00e4ttertriangeln \u00e4r ett oumb\u00e4rligt inslag i en hemmag\u00e5rd baserad p\u00e5 Montessori-filosofin. N\u00e4r barnet kl\u00e4ttrar tr\u00e4nar det sin grovmotorik, balanssinne och kroppskoordination. Kl\u00e4ttring p\u00e5 stegen b\u00f6r \u00f6vervakas av en vuxen. P\u00e5 ena sidan finns en klassisk stege att kl\u00e4ttra p\u00e5, medan den andra sidan har en v\u00e4gg med olika kl\u00e4tterh\u00e5l. En tr\u00e4skjutbana (44709) kan k\u00f6pas separat och v\u00e4ndas f\u00f6r att fungera som en extra v\u00e4gg eller anv\u00e4ndas f\u00f6r att koppla ihop kl\u00e4ttertriangeln med gungbr\u00e4dan (44708).<br \/>\nEgenskaper:<br \/>\n* &#8211; leksak f\u00f6r barn fr\u00e5n 18 m\u00e5nader<br \/>\n* &#8211; perfekt f\u00f6r din lekplats hemma<br \/>\n* &#8211; ena sidan har en klassisk stege, medan den andra har en v\u00e4gg med kl\u00e4tterh\u00e5l<br \/>\n* &#8211; sm\u00e5 barn b\u00f6r kl\u00e4ttra p\u00e5 stegen under uppsikt av en vuxen<br \/>\n* &#8211; solid konstruktion, s\u00e4ker f\u00f6r barn<br \/>\n* &#8211; kan kombineras med en tr\u00e4skjutbana och gungbr\u00e4da<\/p>\n<p>Leksaken utvecklar:<\/p>\n<p>* &#8211; grovmotorik<br \/>\n* &#8211; motorisk koordination<br \/>\n* &#8211; balanssinne<\/p>\n","protected":false},"excerpt":{"rendered":"<p>Pikler-kl\u00e4ttertriangeln \u00e4r ett oumb\u00e4rligt inslag i en hemmag\u00e5rd baserad p\u00e5 Montessori-filosofin. N\u00e4r barnet kl\u00e4ttrar tr\u00e4nar det sin grovmotorik, balanssinne och kroppskoordination. Kl\u00e4ttring p\u00e5 stegen b\u00f6r \u00f6vervakas av en vuxen. P\u00e5 ena sidan finns en klassisk stege att kl\u00e4ttra p\u00e5, medan den andra sidan har en v\u00e4gg med olika kl\u00e4tterh\u00e5l. En tr\u00e4skjutbana (44709) kan k\u00f6pas separat [&hellip;]<\/p>\n","protected":false},"featured_media":0,"comment_status":"open","ping_status":"closed","template":"","meta":[],"product_brand":[],"product_cat":[33],"product_tag":[],"class_list":{"0":"post-17768","1":"product","2":"type-product","3":"status-publish","5":"product_cat-okategoriserad","7":"first","8":"instock","9":"shipping-taxable","10":"purchasable","11":"product-type-simple"},"_links":{"self":[{"href":"https:\/\/nordicmart.andreevmaster.com\/sv\/wp-json\/wp\/v2\/product\/17768","targetHints":{"allow":["GET"]}}],"collection":[{"href":"https:\/\/nordicmart.andreevmaster.com\/sv\/wp-json\/wp\/v2\/product"}],"about":[{"href":"https:\/\/nordicmart.andreevmaster.com\/sv\/wp-json\/wp\/v2\/types\/product"}],"replies":[{"embeddable":true,"href":"https:\/\/nordicmart.andreevmaster.com\/sv\/wp-json\/wp\/v2\/comments?post=17768"}],"wp:attachment":[{"href":"https:\/\/nordicmart.andreevmaster.com\/sv\/wp-json\/wp\/v2\/media?parent=17768"}],"wp:term":[{"taxonomy":"product_brand","embeddable":true,"href":"https:\/\/nordicmart.andreevmaster.com\/sv\/wp-json\/wp\/v2\/product_brand?post=17768"},{"taxonomy":"product_cat","embeddable":true,"href":"https:\/\/nordicmart.andreevmaster.com\/sv\/wp-json\/wp\/v2\/product_cat?post=17768"},{"taxonomy":"product_tag","embeddable":true,"href":"https:\/\/nordicmart.andreevmaster.com\/sv\/wp-json\/wp\/v2\/product_tag?post=17768"}],"curies":[{"name":"wp","href":"https:\/\/api.w.org\/{rel}","templated":true}]}}