{"id":17767,"date":"2026-02-27T00:36:33","date_gmt":"2026-02-27T00:36:33","guid":{"rendered":"https:\/\/nordicmart.andreevmaster.com\/product\/viga-tradockvagn\/"},"modified":"2026-02-27T08:25:50","modified_gmt":"2026-02-27T08:25:50","slug":"viga-tradockvagn","status":"publish","type":"product","link":"https:\/\/nordicmart.andreevmaster.com\/sv\/produkt\/viga-tradockvagn\/","title":{"rendered":"VIGA Tr\u00e4dockvagn"},"content":{"rendered":"<p>Dockvagnen fr\u00e5n VIGA \u00e4r tillverkad av massivt boktr\u00e4, med stora plasthjul och gummibelagda, halkfria d\u00e4ck. Den \u00e4r avsedd f\u00f6r dockor upp till 38 cm stora.<\/p>\n<p>Egenskaper:<\/p>\n<p>* &#8211; leksak f\u00f6r barn fr\u00e5n 18 m\u00e5nader<br \/>\n* &#8211; tillverkad av massivt boktr\u00e4<br \/>\n* &#8211; stora plasthjul med gummerade, halkfria d\u00e4ck<br \/>\n* &#8211; l\u00e4mplig f\u00f6r dockor upp till 38 cm l\u00e5nga<\/p>\n<p>Leksaken utvecklar:<\/p>\n<p>* &#8211; fantasi<br \/>\n* &#8211; grovmotorik<br \/>\n* &#8211; sociala f\u00e4rdigheter<\/p>\n","protected":false},"excerpt":{"rendered":"<p>Dockvagnen fr\u00e5n VIGA \u00e4r tillverkad av massivt boktr\u00e4, med stora plasthjul och gummibelagda, halkfria d\u00e4ck. Den \u00e4r avsedd f\u00f6r dockor upp till 38 cm stora. Egenskaper: * &#8211; leksak f\u00f6r barn fr\u00e5n 18 m\u00e5nader * &#8211; tillverkad av massivt boktr\u00e4 * &#8211; stora plasthjul med gummerade, halkfria d\u00e4ck * &#8211; l\u00e4mplig f\u00f6r dockor upp till [&hellip;]<\/p>\n","protected":false},"featured_media":0,"comment_status":"open","ping_status":"closed","template":"","meta":[],"product_brand":[],"product_cat":[33],"product_tag":[],"class_list":{"0":"post-17767","1":"product","2":"type-product","3":"status-publish","5":"product_cat-okategoriserad","7":"first","8":"instock","9":"shipping-taxable","10":"purchasable","11":"product-type-simple"},"_links":{"self":[{"href":"https:\/\/nordicmart.andreevmaster.com\/sv\/wp-json\/wp\/v2\/product\/17767","targetHints":{"allow":["GET"]}}],"collection":[{"href":"https:\/\/nordicmart.andreevmaster.com\/sv\/wp-json\/wp\/v2\/product"}],"about":[{"href":"https:\/\/nordicmart.andreevmaster.com\/sv\/wp-json\/wp\/v2\/types\/product"}],"replies":[{"embeddable":true,"href":"https:\/\/nordicmart.andreevmaster.com\/sv\/wp-json\/wp\/v2\/comments?post=17767"}],"wp:attachment":[{"href":"https:\/\/nordicmart.andreevmaster.com\/sv\/wp-json\/wp\/v2\/media?parent=17767"}],"wp:term":[{"taxonomy":"product_brand","embeddable":true,"href":"https:\/\/nordicmart.andreevmaster.com\/sv\/wp-json\/wp\/v2\/product_brand?post=17767"},{"taxonomy":"product_cat","embeddable":true,"href":"https:\/\/nordicmart.andreevmaster.com\/sv\/wp-json\/wp\/v2\/product_cat?post=17767"},{"taxonomy":"product_tag","embeddable":true,"href":"https:\/\/nordicmart.andreevmaster.com\/sv\/wp-json\/wp\/v2\/product_tag?post=17767"}],"curies":[{"name":"wp","href":"https:\/\/api.w.org\/{rel}","templated":true}]}}