{"id":17766,"date":"2026-02-27T00:36:33","date_gmt":"2026-02-27T00:36:33","guid":{"rendered":"https:\/\/nordicmart.andreevmaster.com\/product\/viga-traleksak-for-barn-att-skjuta-pa-krokodil-12-i-1\/"},"modified":"2026-02-27T08:25:49","modified_gmt":"2026-02-27T08:25:49","slug":"viga-traleksak-for-barn-att-skjuta-pa-krokodil-12-i-1","status":"publish","type":"product","link":"https:\/\/nordicmart.andreevmaster.com\/sv\/produkt\/viga-traleksak-for-barn-att-skjuta-pa-krokodil-12-i-1\/","title":{"rendered":"VIGA Tr\u00e4leksak f\u00f6r barn att skjuta p\u00e5, krokodil 12-i-1"},"content":{"rendered":"<p>Den tr\u00e4leksaken Crocodile Walker fr\u00e5n VIGA erbjuder en hel rad sp\u00e4nnande aktiviteter f\u00f6r ditt barn: en djurlabyrint, xylofon, kugghjul, formsorterare, kulram och mycket mer. Den robusta konstruktionen ger stabilt st\u00f6d s\u00e5 att ditt barn tryggt kan b\u00f6rja l\u00e4ra sig att g\u00e5 och hj\u00e4lper dem att h\u00e5lla balansen. Genom att delta i aktiviteterna som ing\u00e5r i denna g\u00e5stol kommer ditt barn att kunna utveckla sina manuella f\u00e4rdigheter, hand-\u00f6ga-koordination och logik, samt b\u00f6rja l\u00e4ra sig former, f\u00e4rger och siffror. Den har plats f\u00f6r ditt barns favoritleksaker.<\/p>\n<p>Funktioner:<\/p>\n<p>* &#8211; leksak f\u00f6r barn fr\u00e5n 12 m\u00e5nader,<br \/>\n* &#8211; hj\u00e4lper barn att l\u00e4ra sig g\u00e5,<br \/>\n* &#8211; inneh\u00e5ller ett brett utbud av aktiviteter:<br \/>\n* &#8211; kulram f\u00f6r tidig inl\u00e4rning av siffror,<br \/>\n* &#8211; roterande block med siffror och bilder som representerar dem,<br \/>\n* &#8211; en labyrint med djur,<br \/>\n* &#8211; xylofon f\u00f6r att l\u00e4ra sig musik,<br \/>\n* &#8211; kugghjul att vrida p\u00e5,<br \/>\n* &#8211; pussel p\u00e5 pinnar,<br \/>\n* &#8211; en krokodil med en kloss p\u00e5 ena sidan som kan flyttas l\u00e4ngs en angiven bana,<br \/>\n* &#8211; formsorterare,<br \/>\n* &#8211; en roterande, resonansplatta,<br \/>\n* &#8211; gong,<br \/>\n* &#8211; motorloop med 5 p\u00e4rlor.* &#8211; kulram f\u00f6r tidig inl\u00e4rning av siffror,<br \/>\n* &#8211; roterande block med siffror och bilder som representerar dem,<br \/>\n* &#8211; en labyrint med djur,<br \/>\n* &#8211; ett xylofon f\u00f6r att l\u00e4ra sig musik,<br \/>\n* &#8211; kugghjul att vrida p\u00e5,<br \/>\n* &#8211; pussel p\u00e5 pinnar,* &#8211; en krokodil med en kloss p\u00e5 ena sidan som kan flyttas l\u00e4ngs en angiven bana,<br \/>\n* &#8211; formsorterare,<br \/>\n* &#8211; en roterande, resonansplatta,<br \/>\n* &#8211; gong,<br \/>\n* &#8211; motorslinga med 5 p\u00e4rlor.<\/p>\n<p>Leksaken utvecklar:<\/p>\n<p>* &#8211; grovmotorik,<br \/>\n* &#8211; finmotorik (manuell fingerf\u00e4rdighet),<br \/>\n* &#8211; logiskt t\u00e4nkande,<br \/>\n* &#8211; fantasi,<br \/>\n* &#8211; hand-\u00f6ga-koordination,<br \/>\n* &#8211; stimulerar h\u00f6rselsinnet,<br \/>\n* &#8211; introducerar f\u00e4rger, former och siffror.<\/p>\n<p>VIGA TOYS \u00e4r vackra, v\u00e4l designade och s\u00e4kra tr\u00e4leksaker. \u00d6ver 20 \u00e5rs erfarenhet garanterar kvalitet och utm\u00e4rkt design. Sortimentet av tr\u00e4leksaker omfattar: k\u00f6k, tillbeh\u00f6r, g\u00e5stolar, cyklar, pedagogiska leksaker, musikleksaker, sn\u00f6rleksaker, skicklighetsleksaker, platta klossar, rumsliga klossar, t\u00e5g och t\u00e5gsatser, lekstugor och teatrar, pussel, spel, minileksaker, skolmaterial och mycket mer.<\/p>\n","protected":false},"excerpt":{"rendered":"<p>Den tr\u00e4leksaken Crocodile Walker fr\u00e5n VIGA erbjuder en hel rad sp\u00e4nnande aktiviteter f\u00f6r ditt barn: en djurlabyrint, xylofon, kugghjul, formsorterare, kulram och mycket mer. Den robusta konstruktionen ger stabilt st\u00f6d s\u00e5 att ditt barn tryggt kan b\u00f6rja l\u00e4ra sig att g\u00e5 och hj\u00e4lper dem att h\u00e5lla balansen. Genom att delta i aktiviteterna som ing\u00e5r i [&hellip;]<\/p>\n","protected":false},"featured_media":0,"comment_status":"open","ping_status":"closed","template":"","meta":[],"product_brand":[],"product_cat":[33],"product_tag":[],"class_list":{"0":"post-17766","1":"product","2":"type-product","3":"status-publish","5":"product_cat-okategoriserad","7":"first","8":"instock","9":"shipping-taxable","10":"purchasable","11":"product-type-simple"},"_links":{"self":[{"href":"https:\/\/nordicmart.andreevmaster.com\/sv\/wp-json\/wp\/v2\/product\/17766","targetHints":{"allow":["GET"]}}],"collection":[{"href":"https:\/\/nordicmart.andreevmaster.com\/sv\/wp-json\/wp\/v2\/product"}],"about":[{"href":"https:\/\/nordicmart.andreevmaster.com\/sv\/wp-json\/wp\/v2\/types\/product"}],"replies":[{"embeddable":true,"href":"https:\/\/nordicmart.andreevmaster.com\/sv\/wp-json\/wp\/v2\/comments?post=17766"}],"wp:attachment":[{"href":"https:\/\/nordicmart.andreevmaster.com\/sv\/wp-json\/wp\/v2\/media?parent=17766"}],"wp:term":[{"taxonomy":"product_brand","embeddable":true,"href":"https:\/\/nordicmart.andreevmaster.com\/sv\/wp-json\/wp\/v2\/product_brand?post=17766"},{"taxonomy":"product_cat","embeddable":true,"href":"https:\/\/nordicmart.andreevmaster.com\/sv\/wp-json\/wp\/v2\/product_cat?post=17766"},{"taxonomy":"product_tag","embeddable":true,"href":"https:\/\/nordicmart.andreevmaster.com\/sv\/wp-json\/wp\/v2\/product_tag?post=17766"}],"curies":[{"name":"wp","href":"https:\/\/api.w.org\/{rel}","templated":true}]}}