{"id":17765,"date":"2026-02-27T00:36:32","date_gmt":"2026-02-27T00:36:32","guid":{"rendered":"https:\/\/nordicmart.andreevmaster.com\/product\/viga-polarb-pedagogiskt-aktivitetsbord-pyramidcymbaler-sensorisk-montessori\/"},"modified":"2026-02-27T08:25:49","modified_gmt":"2026-02-27T08:25:49","slug":"viga-polarb-pedagogiskt-aktivitetsbord-pyramidcymbaler-sensorisk-montessori","status":"publish","type":"product","link":"https:\/\/nordicmart.andreevmaster.com\/sv\/produkt\/viga-polarb-pedagogiskt-aktivitetsbord-pyramidcymbaler-sensorisk-montessori\/","title":{"rendered":"VIGA PolarB Pedagogiskt aktivitetsbord Pyramidcymbaler Sensorisk Montessori"},"content":{"rendered":"<p>Det pedagogiska tr\u00e4bordet fr\u00e5n Viga \u00e4r en av de ledande leksakerna som kommer att tj\u00e4na dig l\u00e4nge och ge ditt barn m\u00e5nga \u00e5r av intressant och kreativt n\u00f6je. Bordet \u00e4r tillr\u00e4ckligt stort f\u00f6r att flera barn ska kunna leka samtidigt. Det f\u00e4rgglada pedagogiska bordet \u00e4r vackert att se p\u00e5 och uppmuntrar till lek. Bordet \u00e4r utrustat med kugghjul, cymbaler, en klocka, pyramider, ett t\u00e5gsp\u00e5r och pussel. Hela bordet \u00e4r lackerat och m\u00e5lat med barns\u00e4ker f\u00e4rg i livfulla f\u00e4rger som kommer att tillfredsst\u00e4lla alla anv\u00e4ndare och ge dem massor av roligt.<\/p>\n<p>Egenskaper:<\/p>\n<p>* &#8211; fr\u00e5n 18 m\u00e5naders \u00e5lder,<br \/>\n* &#8211; leksak tillverkad av tr\u00e4,<br \/>\n* &#8211; ett brett utbud av aktiviteter garanterar l\u00e5ngvarig lekgl\u00e4dje,<br \/>\n* &#8211; m\u00e5lad med giftfria f\u00e4rger,<br \/>\n* &#8211; utvecklar motoriska f\u00e4rdigheter genom lek.<\/p>\n<p>Leksak:<\/p>\n<p>* &#8211; fr\u00e4mjar utvecklingen av manuella f\u00e4rdigheter,<br \/>\n* &#8211; tr\u00e4nar precisionen i finger- och handr\u00f6relser,<br \/>\n* &#8211; stimulerar kreativitet och fantasi,<br \/>\n* &#8211; l\u00e4r ut f\u00e4rg- och formigenk\u00e4nning.<\/p>\n","protected":false},"excerpt":{"rendered":"<p>Det pedagogiska tr\u00e4bordet fr\u00e5n Viga \u00e4r en av de ledande leksakerna som kommer att tj\u00e4na dig l\u00e4nge och ge ditt barn m\u00e5nga \u00e5r av intressant och kreativt n\u00f6je. Bordet \u00e4r tillr\u00e4ckligt stort f\u00f6r att flera barn ska kunna leka samtidigt. Det f\u00e4rgglada pedagogiska bordet \u00e4r vackert att se p\u00e5 och uppmuntrar till lek. Bordet \u00e4r [&hellip;]<\/p>\n","protected":false},"featured_media":0,"comment_status":"open","ping_status":"closed","template":"","meta":[],"product_brand":[],"product_cat":[33],"product_tag":[],"class_list":{"0":"post-17765","1":"product","2":"type-product","3":"status-publish","5":"product_cat-okategoriserad","7":"first","8":"instock","9":"shipping-taxable","10":"purchasable","11":"product-type-simple"},"_links":{"self":[{"href":"https:\/\/nordicmart.andreevmaster.com\/sv\/wp-json\/wp\/v2\/product\/17765","targetHints":{"allow":["GET"]}}],"collection":[{"href":"https:\/\/nordicmart.andreevmaster.com\/sv\/wp-json\/wp\/v2\/product"}],"about":[{"href":"https:\/\/nordicmart.andreevmaster.com\/sv\/wp-json\/wp\/v2\/types\/product"}],"replies":[{"embeddable":true,"href":"https:\/\/nordicmart.andreevmaster.com\/sv\/wp-json\/wp\/v2\/comments?post=17765"}],"wp:attachment":[{"href":"https:\/\/nordicmart.andreevmaster.com\/sv\/wp-json\/wp\/v2\/media?parent=17765"}],"wp:term":[{"taxonomy":"product_brand","embeddable":true,"href":"https:\/\/nordicmart.andreevmaster.com\/sv\/wp-json\/wp\/v2\/product_brand?post=17765"},{"taxonomy":"product_cat","embeddable":true,"href":"https:\/\/nordicmart.andreevmaster.com\/sv\/wp-json\/wp\/v2\/product_cat?post=17765"},{"taxonomy":"product_tag","embeddable":true,"href":"https:\/\/nordicmart.andreevmaster.com\/sv\/wp-json\/wp\/v2\/product_tag?post=17765"}],"curies":[{"name":"wp","href":"https:\/\/api.w.org\/{rel}","templated":true}]}}