{"id":17764,"date":"2026-02-27T00:36:32","date_gmt":"2026-02-27T00:36:32","guid":{"rendered":"https:\/\/nordicmart.andreevmaster.com\/product\/viga-stor-tragrill-for-barn-47-tillbehor\/"},"modified":"2026-02-27T08:25:49","modified_gmt":"2026-02-27T08:25:49","slug":"viga-stor-tragrill-for-barn-47-tillbehor","status":"publish","type":"product","link":"https:\/\/nordicmart.andreevmaster.com\/sv\/produkt\/viga-stor-tragrill-for-barn-47-tillbehor\/","title":{"rendered":"VIGA Stor tr\u00e4grill f\u00f6r barn + 47 tillbeh\u00f6r"},"content":{"rendered":"<p>Tr\u00e4grillen fr\u00e5n VIGA \u00e4r precis som en riktig grill! Setet inneh\u00e5ller 47 tillbeh\u00f6r, s\u00e5som burkar med kryddor, ketchup, senap, t\u00e5ng, bestick etc. Ljudeffekter bidrar till realismen. Barnen kan g\u00f6ra kebab, sm\u00f6rg\u00e5sar och hamburgare. Det avtagbara locket skyddar den \u201dheta\u201d grillen efter grillningen, och hjulen och det praktiska handtaget g\u00f6r att du kan flytta grillen var som helst i tr\u00e4dg\u00e5rden eller huset. Ditt barn kan leka vuxen och \u00f6vervaka familjens grillning.<\/p>\n<p>Egenskaper:<\/p>\n<p>* &#8211; grill tillverkad av h\u00f6gkvalitativt tr\u00e4,<br \/>\n* &#8211; grillknappar som kan vridas och avger ljud,<br \/>\n* &#8211; liten hylla f\u00f6r f\u00f6rvaring av kryddor och tillbeh\u00f6r,<br \/>\n* &#8211; utdragbar grillrist,<br \/>\n* &#8211; stor hylla under grillristen,<br \/>\n* &#8211; set med grilltillbeh\u00f6r,* &#8211; set med gr\u00f6nsaker och k\u00f6tt f\u00f6r grillning,<br \/>\n* &#8211; h\u00f6gsta kvalitet \u2013 omsorg om detaljer,<br \/>\n* &#8211; stor storlek \u2013 passar \u00e4ven \u00e4ldre barn.<\/p>\n<p>Satsen inneh\u00e5ller:<\/p>\n<p>* &#8211; gr\u00f6nsaker,<br \/>\n* &#8211; k\u00f6tt,<br \/>\n* &#8211; bestick,<br \/>\n* &#8211; t\u00e5ng,<br \/>\n* &#8211; kryddor,<br \/>\n* &#8211; tallrikar,<br \/>\n* &#8211; kol,<br \/>\n* &#8211; grill p\u00e5 hjul,<br \/>\n* &#8211; grillspett.<\/p>\n<p>Leksaken utvecklar:<\/p>\n<p>* &#8211; hand-\u00f6ga-koordination,<br \/>\n* &#8211; motorik,<br \/>\n* &#8211; fantasi,<br \/>\n* &#8211; kreativitet,<br \/>\n* &#8211; m\u00f6jligheter till rollspel.<\/p>\n","protected":false},"excerpt":{"rendered":"<p>Tr\u00e4grillen fr\u00e5n VIGA \u00e4r precis som en riktig grill! Setet inneh\u00e5ller 47 tillbeh\u00f6r, s\u00e5som burkar med kryddor, ketchup, senap, t\u00e5ng, bestick etc. Ljudeffekter bidrar till realismen. Barnen kan g\u00f6ra kebab, sm\u00f6rg\u00e5sar och hamburgare. Det avtagbara locket skyddar den \u201dheta\u201d grillen efter grillningen, och hjulen och det praktiska handtaget g\u00f6r att du kan flytta grillen var [&hellip;]<\/p>\n","protected":false},"featured_media":0,"comment_status":"open","ping_status":"closed","template":"","meta":[],"product_brand":[],"product_cat":[33],"product_tag":[],"class_list":{"0":"post-17764","1":"product","2":"type-product","3":"status-publish","5":"product_cat-okategoriserad","7":"first","8":"instock","9":"shipping-taxable","10":"purchasable","11":"product-type-simple"},"_links":{"self":[{"href":"https:\/\/nordicmart.andreevmaster.com\/sv\/wp-json\/wp\/v2\/product\/17764","targetHints":{"allow":["GET"]}}],"collection":[{"href":"https:\/\/nordicmart.andreevmaster.com\/sv\/wp-json\/wp\/v2\/product"}],"about":[{"href":"https:\/\/nordicmart.andreevmaster.com\/sv\/wp-json\/wp\/v2\/types\/product"}],"replies":[{"embeddable":true,"href":"https:\/\/nordicmart.andreevmaster.com\/sv\/wp-json\/wp\/v2\/comments?post=17764"}],"wp:attachment":[{"href":"https:\/\/nordicmart.andreevmaster.com\/sv\/wp-json\/wp\/v2\/media?parent=17764"}],"wp:term":[{"taxonomy":"product_brand","embeddable":true,"href":"https:\/\/nordicmart.andreevmaster.com\/sv\/wp-json\/wp\/v2\/product_brand?post=17764"},{"taxonomy":"product_cat","embeddable":true,"href":"https:\/\/nordicmart.andreevmaster.com\/sv\/wp-json\/wp\/v2\/product_cat?post=17764"},{"taxonomy":"product_tag","embeddable":true,"href":"https:\/\/nordicmart.andreevmaster.com\/sv\/wp-json\/wp\/v2\/product_tag?post=17764"}],"curies":[{"name":"wp","href":"https:\/\/api.w.org\/{rel}","templated":true}]}}