{"id":17763,"date":"2026-02-27T00:36:32","date_gmt":"2026-02-27T00:36:32","guid":{"rendered":"https:\/\/nordicmart.andreevmaster.com\/product\/viga-trabrada-for-sensorisk-manipulation-edu-rainbow-fsc-certifierad\/"},"modified":"2026-02-27T08:25:49","modified_gmt":"2026-02-27T08:25:49","slug":"viga-trabrada-for-sensorisk-manipulation-edu-rainbow-fsc-certifierad","status":"publish","type":"product","link":"https:\/\/nordicmart.andreevmaster.com\/sv\/produkt\/viga-trabrada-for-sensorisk-manipulation-edu-rainbow-fsc-certifierad\/","title":{"rendered":"VIGA Tr\u00e4br\u00e4da f\u00f6r sensorisk manipulation EDU Rainbow FSC-certifierad"},"content":{"rendered":"<p>Rainbow Sensory-Manipulative Board fr\u00e5n Viga Toys \u00e4r en multifunktionell v\u00e4ggleksak i tr\u00e4 som ger barn timmar av lekgl\u00e4dje. Bland de olika aktiviteterna finns 12 aktiviteter: roterande kugghjul, en v\u00e4derbr\u00e4da, en rullande skiva, blockmatchning, ett xylofon, konkava och konvexa speglar, en gonggong och en p\u00e4rlv\u00e4v. V\u00e4derbr\u00e4dan har specialdesignats f\u00f6r att matcha regnb\u00e5gstemat. Panelen med \u00e5rstidernas v\u00e4xlingar kan utforskas i samband med v\u00e4derf\u00f6r\u00e4ndringar och temperaturvariationer. Delad i 5 delar f\u00f6r enkel transport och montering. Alla 5 delarna \u00e4r lika stora, s\u00e5 de kan monteras i valfri ordning. Den b\u00f6jda designen uppmuntrar barn av olika l\u00e4ngd att leka tillsammans och l\u00e4ra sig grundl\u00e4ggande begrepp om f\u00e4rger, former, ljud och v\u00e4der. Leksaken \u00e4r utformad f\u00f6r att stimulera sinnena och st\u00f6dja utvecklingen av barnets motoriska f\u00e4rdigheter. Det \u00e4r en utm\u00e4rkt \u00f6vning f\u00f6r sm\u00e5 fingrar. Leksaken l\u00e4r ocks\u00e5 ut logiskt t\u00e4nkande och t\u00e5lamod. Ett perfekt tillskott till tidiga l\u00e4randemilj\u00f6er och barnomsorg. <\/p>\n<p>Egenskaper: <\/p>\n<p>* &#8211; en sensorisk och manipulativ tr\u00e4skiva i form av en regnb\u00e5ge som lockar blicken och uppmuntrar till lek,<br \/>\n* &#8211; skivan har 12 aktiviteter: roterande kugghjul, en v\u00e4derskiva, en rullande skiva, blockmatchning, ett xylofon, konkava och konvexa speglar, en gonggong och en p\u00e4rlv\u00e4v,* &#8211; den b\u00f6jda designen uppmuntrar barn av olika l\u00e4ngd att leka tillsammans,<br \/>\n* &#8211; uppdelad i 5 lika stora delar,<br \/>\n* &#8211; leksaken \u00e4r FSC-certifierad och f\u00f6ljer Montessori-principerna,<br \/>\n* &#8211; produkten \u00e4r tillverkad av lackerat tr\u00e4 och m\u00e5lad med giftfria f\u00e4rger.<\/p>\n<p>Leksaken utvecklar:<\/p>\n<p>* &#8211; logiskt t\u00e4nkande,<br \/>\n* &#8211; motorik,<br \/>\n* &#8211; hand-\u00f6ga-koordination,<br \/>\n* &#8211; kreativitet,<br \/>\n* &#8211; sj\u00e4lvst\u00e4ndighet,<br \/>\n* &#8211; t\u00e5lamod,<br \/>\n* &#8211; noggrannhet.<\/p>\n","protected":false},"excerpt":{"rendered":"<p>Rainbow Sensory-Manipulative Board fr\u00e5n Viga Toys \u00e4r en multifunktionell v\u00e4ggleksak i tr\u00e4 som ger barn timmar av lekgl\u00e4dje. Bland de olika aktiviteterna finns 12 aktiviteter: roterande kugghjul, en v\u00e4derbr\u00e4da, en rullande skiva, blockmatchning, ett xylofon, konkava och konvexa speglar, en gonggong och en p\u00e4rlv\u00e4v. V\u00e4derbr\u00e4dan har specialdesignats f\u00f6r att matcha regnb\u00e5gstemat. Panelen med \u00e5rstidernas v\u00e4xlingar [&hellip;]<\/p>\n","protected":false},"featured_media":0,"comment_status":"open","ping_status":"closed","template":"","meta":[],"product_brand":[],"product_cat":[33],"product_tag":[],"class_list":{"0":"post-17763","1":"product","2":"type-product","3":"status-publish","5":"product_cat-okategoriserad","7":"first","8":"instock","9":"shipping-taxable","10":"purchasable","11":"product-type-simple"},"_links":{"self":[{"href":"https:\/\/nordicmart.andreevmaster.com\/sv\/wp-json\/wp\/v2\/product\/17763","targetHints":{"allow":["GET"]}}],"collection":[{"href":"https:\/\/nordicmart.andreevmaster.com\/sv\/wp-json\/wp\/v2\/product"}],"about":[{"href":"https:\/\/nordicmart.andreevmaster.com\/sv\/wp-json\/wp\/v2\/types\/product"}],"replies":[{"embeddable":true,"href":"https:\/\/nordicmart.andreevmaster.com\/sv\/wp-json\/wp\/v2\/comments?post=17763"}],"wp:attachment":[{"href":"https:\/\/nordicmart.andreevmaster.com\/sv\/wp-json\/wp\/v2\/media?parent=17763"}],"wp:term":[{"taxonomy":"product_brand","embeddable":true,"href":"https:\/\/nordicmart.andreevmaster.com\/sv\/wp-json\/wp\/v2\/product_brand?post=17763"},{"taxonomy":"product_cat","embeddable":true,"href":"https:\/\/nordicmart.andreevmaster.com\/sv\/wp-json\/wp\/v2\/product_cat?post=17763"},{"taxonomy":"product_tag","embeddable":true,"href":"https:\/\/nordicmart.andreevmaster.com\/sv\/wp-json\/wp\/v2\/product_tag?post=17763"}],"curies":[{"name":"wp","href":"https:\/\/api.w.org\/{rel}","templated":true}]}}