{"id":17762,"date":"2026-02-27T00:36:31","date_gmt":"2026-02-27T00:36:31","guid":{"rendered":"https:\/\/nordicmart.andreevmaster.com\/product\/viga-vaggtavla-med-hjul-for-att-visa-kanslor-fsc-montessori-certifikat\/"},"modified":"2026-02-27T08:25:48","modified_gmt":"2026-02-27T08:25:48","slug":"viga-vaggtavla-med-hjul-for-att-visa-kanslor-fsc-montessori-certifikat","status":"publish","type":"product","link":"https:\/\/nordicmart.andreevmaster.com\/sv\/produkt\/viga-vaggtavla-med-hjul-for-att-visa-kanslor-fsc-montessori-certifikat\/","title":{"rendered":"VIGA V\u00e4ggtavla med hjul f\u00f6r att visa k\u00e4nslor FSC Montessori-certifikat"},"content":{"rendered":"<p>En interaktiv leksak fr\u00e5n Viga tillverkad av tr\u00e4. Tavlan visar 12 barn med olika ansiktsuttryck och aktiviteter. Snurra p\u00e5 hjulet och v\u00e4nta tills det stannar. Den r\u00f6da pilen pekar p\u00e5 det barn som ska imiteras. Spelet hj\u00e4lper barn att uppt\u00e4cka olika k\u00e4nslor och kroppsr\u00f6relser och l\u00e4r dem observation och snabb reaktionsf\u00f6rm\u00e5ga. Perfekt f\u00f6r anv\u00e4ndning i skolor och andra institutioner. <\/p>\n<p>Egenskaper: <\/p>\n<p>* &#8211; f\u00f6r barn fr\u00e5n 18 m\u00e5nader,<br \/>\n* &#8211; tillverkad av h\u00f6gkvalitativt tr\u00e4,<br \/>\n* &#8211; m\u00e5lad med giftfria f\u00e4rger.<\/p>\n<p>Leksaken utvecklar:<\/p>\n<p>* &#8211; logiskt t\u00e4nkande,<br \/>\n* &#8211; fantasi,<br \/>\n* &#8211; hand-\u00f6ga-koordination,<br \/>\n* &#8211; manuella f\u00e4rdigheter.<\/p>\n","protected":false},"excerpt":{"rendered":"<p>En interaktiv leksak fr\u00e5n Viga tillverkad av tr\u00e4. Tavlan visar 12 barn med olika ansiktsuttryck och aktiviteter. Snurra p\u00e5 hjulet och v\u00e4nta tills det stannar. Den r\u00f6da pilen pekar p\u00e5 det barn som ska imiteras. Spelet hj\u00e4lper barn att uppt\u00e4cka olika k\u00e4nslor och kroppsr\u00f6relser och l\u00e4r dem observation och snabb reaktionsf\u00f6rm\u00e5ga. Perfekt f\u00f6r anv\u00e4ndning i [&hellip;]<\/p>\n","protected":false},"featured_media":0,"comment_status":"open","ping_status":"closed","template":"","meta":[],"product_brand":[],"product_cat":[33],"product_tag":[],"class_list":{"0":"post-17762","1":"product","2":"type-product","3":"status-publish","5":"product_cat-okategoriserad","7":"first","8":"instock","9":"shipping-taxable","10":"purchasable","11":"product-type-simple"},"_links":{"self":[{"href":"https:\/\/nordicmart.andreevmaster.com\/sv\/wp-json\/wp\/v2\/product\/17762","targetHints":{"allow":["GET"]}}],"collection":[{"href":"https:\/\/nordicmart.andreevmaster.com\/sv\/wp-json\/wp\/v2\/product"}],"about":[{"href":"https:\/\/nordicmart.andreevmaster.com\/sv\/wp-json\/wp\/v2\/types\/product"}],"replies":[{"embeddable":true,"href":"https:\/\/nordicmart.andreevmaster.com\/sv\/wp-json\/wp\/v2\/comments?post=17762"}],"wp:attachment":[{"href":"https:\/\/nordicmart.andreevmaster.com\/sv\/wp-json\/wp\/v2\/media?parent=17762"}],"wp:term":[{"taxonomy":"product_brand","embeddable":true,"href":"https:\/\/nordicmart.andreevmaster.com\/sv\/wp-json\/wp\/v2\/product_brand?post=17762"},{"taxonomy":"product_cat","embeddable":true,"href":"https:\/\/nordicmart.andreevmaster.com\/sv\/wp-json\/wp\/v2\/product_cat?post=17762"},{"taxonomy":"product_tag","embeddable":true,"href":"https:\/\/nordicmart.andreevmaster.com\/sv\/wp-json\/wp\/v2\/product_tag?post=17762"}],"curies":[{"name":"wp","href":"https:\/\/api.w.org\/{rel}","templated":true}]}}