{"id":17761,"date":"2026-02-27T00:36:31","date_gmt":"2026-02-27T00:36:31","guid":{"rendered":"https:\/\/nordicmart.andreevmaster.com\/product\/viga-trabalansbrada\/"},"modified":"2026-02-27T08:25:48","modified_gmt":"2026-02-27T08:25:48","slug":"viga-trabalansbrada","status":"publish","type":"product","link":"https:\/\/nordicmart.andreevmaster.com\/sv\/produkt\/viga-trabalansbrada\/","title":{"rendered":"VIGA Tr\u00e4balansbr\u00e4da"},"content":{"rendered":"<p>Viga balansbr\u00e4da \u00e4r ett multifunktionellt leksak som st\u00f6der utvecklingen av motorik, balans och kreativitet hos barn fr\u00e5n 3 \u00e5r. Basen \u00e4r tillverkad av h\u00f6gkvalitativt tr\u00e4 och t\u00e4ckt med filt, vilket \u00f6kar komforten och skyddar golvet fr\u00e5n repor. Rundade kanter garanterar s\u00e4kerhet \u00e4ven under intensiv lek. Tack vare sin m\u00e5ngsidighet kan br\u00e4dan anv\u00e4ndas b\u00e5de f\u00f6r fysisk tr\u00e4ning och kreativ lek.<\/p>\n<p>\u2705 Setet inneh\u00e5ller:<\/p>\n<p>\u2714\ufe0f Balansbr\u00e4da i tr\u00e4 med filt \u2714\ufe0f Sn\u00f6re f\u00f6r ytterligare aktiviteter \u2714\ufe0f Instruktionskort med f\u00f6rslag p\u00e5 \u00f6vningar och lekar<\/p>\n<p>\u2705 Egenskaper:<\/p>\n<p>\u2714\ufe0f Leksak f\u00f6r barn fr\u00e5n 3 \u00e5r \u2714\ufe0f Barnets uppgift \u00e4r att balansera p\u00e5 br\u00e4dan och h\u00e5lla balansen. \u2714\ufe0f S\u00e4ker material, gediget hantverk \u2714\ufe0f M\u00e5ngsidig anv\u00e4ndning \u2714\ufe0f Bekv\u00e4m filtyta \u2714\ufe0f L\u00e4tt att f\u00f6rvara<\/p>\n<p>\u2705 Leksaken utvecklar:<\/p>\n<p>\u2714\ufe0f Grovmotorik \u2714\ufe0f Sensorisk stimulering \u2714\ufe0f Kreativitet<\/p>\n","protected":false},"excerpt":{"rendered":"<p>Viga balansbr\u00e4da \u00e4r ett multifunktionellt leksak som st\u00f6der utvecklingen av motorik, balans och kreativitet hos barn fr\u00e5n 3 \u00e5r. Basen \u00e4r tillverkad av h\u00f6gkvalitativt tr\u00e4 och t\u00e4ckt med filt, vilket \u00f6kar komforten och skyddar golvet fr\u00e5n repor. Rundade kanter garanterar s\u00e4kerhet \u00e4ven under intensiv lek. Tack vare sin m\u00e5ngsidighet kan br\u00e4dan anv\u00e4ndas b\u00e5de f\u00f6r fysisk [&hellip;]<\/p>\n","protected":false},"featured_media":0,"comment_status":"open","ping_status":"closed","template":"","meta":[],"product_brand":[],"product_cat":[33],"product_tag":[],"class_list":{"0":"post-17761","1":"product","2":"type-product","3":"status-publish","5":"product_cat-okategoriserad","7":"first","8":"instock","9":"shipping-taxable","10":"purchasable","11":"product-type-simple"},"_links":{"self":[{"href":"https:\/\/nordicmart.andreevmaster.com\/sv\/wp-json\/wp\/v2\/product\/17761","targetHints":{"allow":["GET"]}}],"collection":[{"href":"https:\/\/nordicmart.andreevmaster.com\/sv\/wp-json\/wp\/v2\/product"}],"about":[{"href":"https:\/\/nordicmart.andreevmaster.com\/sv\/wp-json\/wp\/v2\/types\/product"}],"replies":[{"embeddable":true,"href":"https:\/\/nordicmart.andreevmaster.com\/sv\/wp-json\/wp\/v2\/comments?post=17761"}],"wp:attachment":[{"href":"https:\/\/nordicmart.andreevmaster.com\/sv\/wp-json\/wp\/v2\/media?parent=17761"}],"wp:term":[{"taxonomy":"product_brand","embeddable":true,"href":"https:\/\/nordicmart.andreevmaster.com\/sv\/wp-json\/wp\/v2\/product_brand?post=17761"},{"taxonomy":"product_cat","embeddable":true,"href":"https:\/\/nordicmart.andreevmaster.com\/sv\/wp-json\/wp\/v2\/product_cat?post=17761"},{"taxonomy":"product_tag","embeddable":true,"href":"https:\/\/nordicmart.andreevmaster.com\/sv\/wp-json\/wp\/v2\/product_tag?post=17761"}],"curies":[{"name":"wp","href":"https:\/\/api.w.org\/{rel}","templated":true}]}}