{"id":17760,"date":"2026-02-27T00:36:31","date_gmt":"2026-02-27T00:36:31","guid":{"rendered":"https:\/\/nordicmart.andreevmaster.com\/product\/viga-stort-dockhus-i-tra\/"},"modified":"2026-02-27T08:25:48","modified_gmt":"2026-02-27T08:25:48","slug":"viga-stort-dockhus-i-tra","status":"publish","type":"product","link":"https:\/\/nordicmart.andreevmaster.com\/sv\/produkt\/viga-stort-dockhus-i-tra\/","title":{"rendered":"VIGA Stort dockhus i tr\u00e4"},"content":{"rendered":"<p>Ett dockhus i tr\u00e4 \u00e4r den perfekta leksaken f\u00f6r flickor. Huset har m\u00e5nga rum, s\u00e5 varje flicka kan leka vilken roll som helst med sina sm\u00e5 dockor, figurer eller nallebj\u00f6rnar.<br \/>\nEgenskaper:<br \/>\n* &#8211; stort tr\u00e4hus &#8211; helt \u00f6ppet p\u00e5 ena sidan,<br \/>\n* &#8211; huset har 3 v\u00e5ningar med 5 olika rum: k\u00f6k, vardagsrum, badrum, sovrum och balkong,<br \/>\n* &#8211; setet inneh\u00e5ller olika m\u00f6bler &#8211; allt du beh\u00f6ver f\u00f6r att leka,* &#8211; v\u00e5ra leksaker kan transporteras fr\u00e5n bottenv\u00e5ningen till f\u00f6rsta v\u00e5ningen med hissen (det finns en vit knapp p\u00e5 h\u00f6ger sida av huset f\u00f6r att man\u00f6vrera hissen),<br \/>\n* &#8211; p\u00e5 \u00f6versta v\u00e5ningen kan v\u00e5ra dockor g\u00e5 direkt fr\u00e5n sovrummet ut p\u00e5 terrassen,<br \/>\n* &#8211; setet inneh\u00e5ller inte dockor\/figurer.<\/p>\n<p>Leksaken utvecklar:<\/p>\n<p>* &#8211; fantasi,<br \/>\n* &#8211; kreativitet,<br \/>\n* &#8211; logiskt t\u00e4nkande,<br \/>\n* &#8211; samarbete,<br \/>\n* &#8211; delaktighet,<br \/>\n* &#8211; rollspel.<\/p>\n","protected":false},"excerpt":{"rendered":"<p>Ett dockhus i tr\u00e4 \u00e4r den perfekta leksaken f\u00f6r flickor. Huset har m\u00e5nga rum, s\u00e5 varje flicka kan leka vilken roll som helst med sina sm\u00e5 dockor, figurer eller nallebj\u00f6rnar. Egenskaper: * &#8211; stort tr\u00e4hus &#8211; helt \u00f6ppet p\u00e5 ena sidan, * &#8211; huset har 3 v\u00e5ningar med 5 olika rum: k\u00f6k, vardagsrum, badrum, sovrum [&hellip;]<\/p>\n","protected":false},"featured_media":0,"comment_status":"open","ping_status":"closed","template":"","meta":[],"product_brand":[],"product_cat":[33],"product_tag":[],"class_list":{"0":"post-17760","1":"product","2":"type-product","3":"status-publish","5":"product_cat-okategoriserad","7":"first","8":"instock","9":"shipping-taxable","10":"purchasable","11":"product-type-simple"},"_links":{"self":[{"href":"https:\/\/nordicmart.andreevmaster.com\/sv\/wp-json\/wp\/v2\/product\/17760","targetHints":{"allow":["GET"]}}],"collection":[{"href":"https:\/\/nordicmart.andreevmaster.com\/sv\/wp-json\/wp\/v2\/product"}],"about":[{"href":"https:\/\/nordicmart.andreevmaster.com\/sv\/wp-json\/wp\/v2\/types\/product"}],"replies":[{"embeddable":true,"href":"https:\/\/nordicmart.andreevmaster.com\/sv\/wp-json\/wp\/v2\/comments?post=17760"}],"wp:attachment":[{"href":"https:\/\/nordicmart.andreevmaster.com\/sv\/wp-json\/wp\/v2\/media?parent=17760"}],"wp:term":[{"taxonomy":"product_brand","embeddable":true,"href":"https:\/\/nordicmart.andreevmaster.com\/sv\/wp-json\/wp\/v2\/product_brand?post=17760"},{"taxonomy":"product_cat","embeddable":true,"href":"https:\/\/nordicmart.andreevmaster.com\/sv\/wp-json\/wp\/v2\/product_cat?post=17760"},{"taxonomy":"product_tag","embeddable":true,"href":"https:\/\/nordicmart.andreevmaster.com\/sv\/wp-json\/wp\/v2\/product_tag?post=17760"}],"curies":[{"name":"wp","href":"https:\/\/api.w.org\/{rel}","templated":true}]}}