{"id":17759,"date":"2026-02-27T00:36:31","date_gmt":"2026-02-27T00:36:31","guid":{"rendered":"https:\/\/nordicmart.andreevmaster.com\/product\/viga-trabrada-med-larv-fsc-certifierad-montessori\/"},"modified":"2026-02-27T08:25:48","modified_gmt":"2026-02-27T08:25:48","slug":"viga-trabrada-med-larv-fsc-certifierad-montessori","status":"publish","type":"product","link":"https:\/\/nordicmart.andreevmaster.com\/sv\/produkt\/viga-trabrada-med-larv-fsc-certifierad-montessori\/","title":{"rendered":"VIGA Tr\u00e4br\u00e4da med larv FSC-certifierad Montessori"},"content":{"rendered":"<p>En multifunktionell v\u00e4ggbr\u00e4da med en charmig bild av en larv. Setet best\u00e5r av 5 br\u00e4dor med olika funktioner. Tavlorna \u00e4r mycket l\u00e4tta att montera och demontera, samt att transportera. Tavlan med bilden av en larv \u00e4r en leksak som flera barn kan leka med samtidigt. De kan inte bara leka f\u00f6r skojs skull, utan ocks\u00e5 l\u00e4ra sig mycket. Den hj\u00e4lper dem att l\u00e4ra sig f\u00e4rger, ljud och grafik. Den utvecklar ocks\u00e5 hand-\u00f6ga-koordination och sociala f\u00e4rdigheter.  En briljant kombination av leksaker f\u00f6r skolor, f\u00f6rskolor, l\u00e4rcentra och offentliga platser. Produkten \u00e4r avsedd f\u00f6r barn \u00f6ver 18 m\u00e5nader. <\/p>\n<p>Egenskaper: <\/p>\n<p>* &#8211; en v\u00e4ggtavla best\u00e5ende av 5 larvformade delar,<br \/>\n* &#8211; varje del \u00e4r en helt annan leksak som l\u00e4r genom lek,<br \/>\n* &#8211; larvens huvud har en metall\u00f6gla med tr\u00e4p\u00e4rlor som barnet kan flytta l\u00e4ngs labyrinten p\u00e5 vilket s\u00e4tt de vill,* &#8211; den andra tavlan har hjul med olika m\u00f6nster som, n\u00e4r de roteras, visar barnet fantastiska visuella effekter beroende p\u00e5 hur snabbt hjulet snurras,<br \/>\n* &#8211; p\u00e5 den tredje tavlan kan barnet l\u00e4ra sig vilka f\u00e4rger som skapas genom att blanda de tre prim\u00e4rf\u00e4rgerna: r\u00f6tt, gult och bl\u00e5tt,<br \/>\n* &#8211; den fj\u00e4rde tavlan har fem typer av l\u00e5s. Efter att ha \u00f6ppnat varje l\u00e5s kan barnet l\u00e4ra sig om fem olika material (EVA, kardborreband, spegel, filt, wellpapp).<br \/>\n* &#8211; Den sista br\u00e4dan ser vid f\u00f6rsta anblicken ut som en enkel utrustning. Barnen kan sj\u00e4lva kombinera olika redskapskonstruktioner.<br \/>\n* &#8211; Br\u00e4dan \u00e4r mycket l\u00e4tt att montera, demontera och transportera.<br \/>\n* &#8211; Den \u00e4r tillverkad av lackerat tr\u00e4.<br \/>\n* &#8211; Den \u00e4r m\u00e5lad med giftfria f\u00e4rger i livfulla f\u00e4rger.<\/p>\n<p>Leksak:<\/p>\n<p>* &#8211; utvecklar logiskt t\u00e4nkande,<br \/>\n* &#8211; hj\u00e4lper till att l\u00e4ra sig f\u00e4rger,<br \/>\n* &#8211; hj\u00e4lper till att l\u00e4ra sig siffror,<br \/>\n* &#8211; utvecklar barns motoriska f\u00e4rdigheter,<br \/>\n* &#8211; st\u00f6der sensoriska f\u00e4rdigheter,<br \/>\n* &#8211; utvecklar hand-\u00f6ga-koordination,<br \/>\n* &#8211; l\u00e4r ut lagarbete,<br \/>\n* &#8211; fr\u00e4mjar delningsf\u00e4rdigheter.<\/p>\n<p>Ekoleksaker \u00e4r designade f\u00f6r de yngsta barnen och \u00e4r tillverkade av helt naturliga, biologiskt nedbrytbara och allergiv\u00e4nliga material, vilket g\u00f6r dem 100 % s\u00e4kra och ofarliga, inte bara f\u00f6r milj\u00f6n utan ocks\u00e5 f\u00f6r ditt barn.<\/p>\n","protected":false},"excerpt":{"rendered":"<p>En multifunktionell v\u00e4ggbr\u00e4da med en charmig bild av en larv. Setet best\u00e5r av 5 br\u00e4dor med olika funktioner. Tavlorna \u00e4r mycket l\u00e4tta att montera och demontera, samt att transportera. Tavlan med bilden av en larv \u00e4r en leksak som flera barn kan leka med samtidigt. De kan inte bara leka f\u00f6r skojs skull, utan ocks\u00e5 [&hellip;]<\/p>\n","protected":false},"featured_media":0,"comment_status":"open","ping_status":"closed","template":"","meta":[],"product_brand":[],"product_cat":[33],"product_tag":[],"class_list":{"0":"post-17759","1":"product","2":"type-product","3":"status-publish","5":"product_cat-okategoriserad","7":"first","8":"instock","9":"shipping-taxable","10":"purchasable","11":"product-type-simple"},"_links":{"self":[{"href":"https:\/\/nordicmart.andreevmaster.com\/sv\/wp-json\/wp\/v2\/product\/17759","targetHints":{"allow":["GET"]}}],"collection":[{"href":"https:\/\/nordicmart.andreevmaster.com\/sv\/wp-json\/wp\/v2\/product"}],"about":[{"href":"https:\/\/nordicmart.andreevmaster.com\/sv\/wp-json\/wp\/v2\/types\/product"}],"replies":[{"embeddable":true,"href":"https:\/\/nordicmart.andreevmaster.com\/sv\/wp-json\/wp\/v2\/comments?post=17759"}],"wp:attachment":[{"href":"https:\/\/nordicmart.andreevmaster.com\/sv\/wp-json\/wp\/v2\/media?parent=17759"}],"wp:term":[{"taxonomy":"product_brand","embeddable":true,"href":"https:\/\/nordicmart.andreevmaster.com\/sv\/wp-json\/wp\/v2\/product_brand?post=17759"},{"taxonomy":"product_cat","embeddable":true,"href":"https:\/\/nordicmart.andreevmaster.com\/sv\/wp-json\/wp\/v2\/product_cat?post=17759"},{"taxonomy":"product_tag","embeddable":true,"href":"https:\/\/nordicmart.andreevmaster.com\/sv\/wp-json\/wp\/v2\/product_tag?post=17759"}],"curies":[{"name":"wp","href":"https:\/\/api.w.org\/{rel}","templated":true}]}}