{"id":17758,"date":"2026-02-27T00:36:30","date_gmt":"2026-02-27T00:36:30","guid":{"rendered":"https:\/\/nordicmart.andreevmaster.com\/product\/viga-mobilbutik-glassbar-konditori-3-i-1\/"},"modified":"2026-02-27T08:25:48","modified_gmt":"2026-02-27T08:25:48","slug":"viga-mobilbutik-glassbar-konditori-3-i-1","status":"publish","type":"product","link":"https:\/\/nordicmart.andreevmaster.com\/sv\/produkt\/viga-mobilbutik-glassbar-konditori-3-i-1\/","title":{"rendered":"VIGA Mobilbutik Glassbar Konditori 3-i-1"},"content":{"rendered":"<p>3-i-1-butiken, konditoriet och glassbaren \u00e4r en perfekt present till sm\u00e5 konditorer. Setet \u00e4r idealiskt f\u00f6r barn som vill leka f\u00f6rs\u00e4ljare eller konditor. Tack vare denna leksak kommer ditt barn att k\u00e4nna sig som en professionell konditorif\u00f6rs\u00e4ljare. Leksaken levereras med m\u00e5nga sm\u00e5 tillbeh\u00f6r som klubbor, glass, v\u00e5fflor och toppings. Dessutom har butiken en tavla d\u00e4r barnen kan rita eller skriva priser eller dagens meny. Butiken har en hylla d\u00e4r olika f\u00f6rem\u00e5l kan f\u00f6rvaras. Hela leksaken \u00e4r m\u00e5lad med giftfria f\u00e4rger i mjuka f\u00e4rger som lockar barnens uppm\u00e4rksamhet.<\/p>\n<p>Egenskaper:<\/p>\n<p>* &#8211; setet kan anv\u00e4ndas som bageri, glassbar eller butik,<br \/>\n* &#8211; setet \u00e4r perfekt f\u00f6r rollspel som f\u00f6rs\u00e4ljare,<br \/>\n* &#8211; setet inneh\u00e5ller m\u00e5nga tillbeh\u00f6r \u2013 glass, klubbor, v\u00e5fflor, toppings,<br \/>\n* &#8211; en tavla f\u00f6r att skriva och m\u00e5la p\u00e5,<br \/>\n* &#8211; vagnen \u00e4r utrustad med en hylla,<br \/>\n* &#8211; hela setet \u00e4r m\u00e5lat med giftfria f\u00e4rger,<br \/>\n* &#8211; setet har en mjuk f\u00e4rgskala som lockar barnens uppm\u00e4rksamhet.<\/p>\n<p>Leksaken utvecklar:<\/p>\n<p>* &#8211; kreativitet,<br \/>\n* &#8211; fantasi,<br \/>\n* &#8211; rollspelsf\u00f6rm\u00e5ga,<br \/>\n* &#8211; kommunikation,<br \/>\n* &#8211; logiskt t\u00e4nkande.<\/p>\n<p>Viga \u00e4r ett varum\u00e4rke som registrerades 2003 men som redan finns i \u00f6ver 60 l\u00e4nder runt om i v\u00e4rlden. Deras innovativa id\u00e9er har f\u00e5tt erk\u00e4nnande i bland annat Europa, USA, Australien och Japan. F\u00f6retagets grundare uppm\u00e4rksammade forskningsresultat som pekade p\u00e5 ett samband mellan lek och inl\u00e4rning under de f\u00f6rsta \u00e5ren av barns utveckling. F\u00f6r att hj\u00e4lpa f\u00f6r\u00e4ldrar och utbildningsinstitutioner att uppfostra barn och r\u00e4dda dem fr\u00e5n den virtuella v\u00e4rlden, som kan f\u00f6rvr\u00e4nga verkligheten kraftigt, erbjuder tillverkaren ett innovativt sortiment av produkter tillverkade av naturmaterial som erh\u00e5llits genom milj\u00f6v\u00e4nliga produktionsprocesser. S\u00e4kerheten och kvaliteten p\u00e5 tr\u00e4produkter \u00e4r en prioritet f\u00f6r Vigi, och tillverkaren har s\u00e4kerst\u00e4llt att f\u00e4rgerna som anv\u00e4nds f\u00f6r att m\u00e5la leksakerna uppfyller s\u00e4kerhetsstandarderna EN71 och ASTM.<\/p>\n","protected":false},"excerpt":{"rendered":"<p>3-i-1-butiken, konditoriet och glassbaren \u00e4r en perfekt present till sm\u00e5 konditorer. Setet \u00e4r idealiskt f\u00f6r barn som vill leka f\u00f6rs\u00e4ljare eller konditor. Tack vare denna leksak kommer ditt barn att k\u00e4nna sig som en professionell konditorif\u00f6rs\u00e4ljare. Leksaken levereras med m\u00e5nga sm\u00e5 tillbeh\u00f6r som klubbor, glass, v\u00e5fflor och toppings. Dessutom har butiken en tavla d\u00e4r barnen [&hellip;]<\/p>\n","protected":false},"featured_media":0,"comment_status":"open","ping_status":"closed","template":"","meta":[],"product_brand":[],"product_cat":[33],"product_tag":[],"class_list":{"0":"post-17758","1":"product","2":"type-product","3":"status-publish","5":"product_cat-okategoriserad","7":"first","8":"instock","9":"shipping-taxable","10":"purchasable","11":"product-type-simple"},"_links":{"self":[{"href":"https:\/\/nordicmart.andreevmaster.com\/sv\/wp-json\/wp\/v2\/product\/17758","targetHints":{"allow":["GET"]}}],"collection":[{"href":"https:\/\/nordicmart.andreevmaster.com\/sv\/wp-json\/wp\/v2\/product"}],"about":[{"href":"https:\/\/nordicmart.andreevmaster.com\/sv\/wp-json\/wp\/v2\/types\/product"}],"replies":[{"embeddable":true,"href":"https:\/\/nordicmart.andreevmaster.com\/sv\/wp-json\/wp\/v2\/comments?post=17758"}],"wp:attachment":[{"href":"https:\/\/nordicmart.andreevmaster.com\/sv\/wp-json\/wp\/v2\/media?parent=17758"}],"wp:term":[{"taxonomy":"product_brand","embeddable":true,"href":"https:\/\/nordicmart.andreevmaster.com\/sv\/wp-json\/wp\/v2\/product_brand?post=17758"},{"taxonomy":"product_cat","embeddable":true,"href":"https:\/\/nordicmart.andreevmaster.com\/sv\/wp-json\/wp\/v2\/product_cat?post=17758"},{"taxonomy":"product_tag","embeddable":true,"href":"https:\/\/nordicmart.andreevmaster.com\/sv\/wp-json\/wp\/v2\/product_tag?post=17758"}],"curies":[{"name":"wp","href":"https:\/\/api.w.org\/{rel}","templated":true}]}}