{"id":17757,"date":"2026-02-27T00:36:30","date_gmt":"2026-02-27T00:36:30","guid":{"rendered":"https:\/\/nordicmart.andreevmaster.com\/product\/viga-multifunktionellt-medicinskt-center-i-tra\/"},"modified":"2026-02-27T08:25:47","modified_gmt":"2026-02-27T08:25:47","slug":"viga-multifunktionellt-medicinskt-center-i-tra","status":"publish","type":"product","link":"https:\/\/nordicmart.andreevmaster.com\/sv\/produkt\/viga-multifunktionellt-medicinskt-center-i-tra\/","title":{"rendered":"VIGA Multifunktionellt medicinskt center i tr\u00e4"},"content":{"rendered":"<p>Det multifunktionella medicinska centret fr\u00e5n det v\u00e4lk\u00e4nda och respekterade varum\u00e4rket Viga \u00e4r en underbar leksak som l\u00e5ter ditt barn l\u00e4ra sig mer om yrket som l\u00e4kare eller sjuksk\u00f6terska. Satsen inneh\u00e5ller en l\u00e4karmottagning, v\u00e4ntrum, ett handfat och en reception. Dessutom ing\u00e5r professionell medicinsk utrustning, s\u00e5som stetoskop, blodtrycksm\u00e4tare, reflexhammare, termometer, r\u00f6ntgenutrustning, sprutor, tabletter och pillerburkar. Genom lek kan vi f\u00f6rklara f\u00f6r barnen vad en l\u00e4kares arbete inneb\u00e4r, och vi kan leka att vi \u00e4r l\u00e4kare, sjuksk\u00f6terska eller patient. Det \u00e4r ett perfekt s\u00e4tt att bekanta barn med l\u00e4karbes\u00f6k, s\u00e4rskilt de som \u00e4r r\u00e4dda f\u00f6r att g\u00e5 till l\u00e4karen. Det \u00e4r en fantastisk produkt f\u00f6r sm\u00e5 barn som vill bli l\u00e4kare i framtiden. Leksaken \u00e4r idealisk f\u00f6r rollspel och hj\u00e4lper till att utveckla barns fantasi och sociala f\u00e4rdigheter. L\u00e4mplig f\u00f6r barn \u00f6ver 3 \u00e5r.<\/p>\n<p>Egenskaper:<\/p>\n<p>* &#8211; multifunktionellt medicinskt center i tr\u00e4,<br \/>\n* &#8211; setet inneh\u00e5ller en l\u00e4karmottagning, v\u00e4ntrum, handfat och reception,<br \/>\n* &#8211; professionell medicinsk utrustning ing\u00e5r ocks\u00e5, s\u00e5som: blodtrycksm\u00e4tare, stetoskop, termometer, reflexhammare (neurologisk), termometer, r\u00f6ntgenutrustning, sprutor, tabletter i f\u00f6rpackning, medicinflaskor,<br \/>\n* &#8211; leksaken kan minska barnets r\u00e4dsla f\u00f6r att g\u00e5 till l\u00e4karen,<br \/>\n* &#8211; hela leksaken \u00e4r tillverkad av lackerat tr\u00e4 och m\u00e5lad med giftfria f\u00e4rger i livfulla f\u00e4rger som kommer att tillfredsst\u00e4lla alla anv\u00e4ndare och ge dem mycket gl\u00e4dje.<\/p>\n<p>Leksaken utvecklar:<\/p>\n<p>* &#8211; barnets fantasi,<br \/>\n* &#8211; barnets kreativitet,<br \/>\n* &#8211; sociala f\u00e4rdigheter,<br \/>\n* &#8211; fin- och grovmotorik.<\/p>\n<p>Eko-leksaker \u00e4r designade f\u00f6r de yngsta barnen och \u00e4r tillverkade av helt naturliga, biologiskt nedbrytbara och allergiv\u00e4nliga material, vilket g\u00f6r dem 100 % s\u00e4kra och ofarliga, inte bara f\u00f6r milj\u00f6n utan ocks\u00e5 f\u00f6r ditt barn.<\/p>\n","protected":false},"excerpt":{"rendered":"<p>Det multifunktionella medicinska centret fr\u00e5n det v\u00e4lk\u00e4nda och respekterade varum\u00e4rket Viga \u00e4r en underbar leksak som l\u00e5ter ditt barn l\u00e4ra sig mer om yrket som l\u00e4kare eller sjuksk\u00f6terska. Satsen inneh\u00e5ller en l\u00e4karmottagning, v\u00e4ntrum, ett handfat och en reception. Dessutom ing\u00e5r professionell medicinsk utrustning, s\u00e5som stetoskop, blodtrycksm\u00e4tare, reflexhammare, termometer, r\u00f6ntgenutrustning, sprutor, tabletter och pillerburkar. Genom lek [&hellip;]<\/p>\n","protected":false},"featured_media":0,"comment_status":"open","ping_status":"closed","template":"","meta":[],"product_brand":[],"product_cat":[33],"product_tag":[],"class_list":{"0":"post-17757","1":"product","2":"type-product","3":"status-publish","5":"product_cat-okategoriserad","7":"first","8":"instock","9":"shipping-taxable","10":"purchasable","11":"product-type-simple"},"_links":{"self":[{"href":"https:\/\/nordicmart.andreevmaster.com\/sv\/wp-json\/wp\/v2\/product\/17757","targetHints":{"allow":["GET"]}}],"collection":[{"href":"https:\/\/nordicmart.andreevmaster.com\/sv\/wp-json\/wp\/v2\/product"}],"about":[{"href":"https:\/\/nordicmart.andreevmaster.com\/sv\/wp-json\/wp\/v2\/types\/product"}],"replies":[{"embeddable":true,"href":"https:\/\/nordicmart.andreevmaster.com\/sv\/wp-json\/wp\/v2\/comments?post=17757"}],"wp:attachment":[{"href":"https:\/\/nordicmart.andreevmaster.com\/sv\/wp-json\/wp\/v2\/media?parent=17757"}],"wp:term":[{"taxonomy":"product_brand","embeddable":true,"href":"https:\/\/nordicmart.andreevmaster.com\/sv\/wp-json\/wp\/v2\/product_brand?post=17757"},{"taxonomy":"product_cat","embeddable":true,"href":"https:\/\/nordicmart.andreevmaster.com\/sv\/wp-json\/wp\/v2\/product_cat?post=17757"},{"taxonomy":"product_tag","embeddable":true,"href":"https:\/\/nordicmart.andreevmaster.com\/sv\/wp-json\/wp\/v2\/product_tag?post=17757"}],"curies":[{"name":"wp","href":"https:\/\/api.w.org\/{rel}","templated":true}]}}