{"id":17756,"date":"2026-02-27T00:36:30","date_gmt":"2026-02-27T00:36:30","guid":{"rendered":"https:\/\/nordicmart.andreevmaster.com\/product\/viga-trafiske-spel-fsc\/"},"modified":"2026-02-27T08:25:47","modified_gmt":"2026-02-27T08:25:47","slug":"viga-trafiske-spel-fsc","status":"publish","type":"product","link":"https:\/\/nordicmart.andreevmaster.com\/sv\/produkt\/viga-trafiske-spel-fsc\/","title":{"rendered":"VIGA Tr\u00e4fiske-spel FSC"},"content":{"rendered":"<p>Barn \u00e4lskar att leka olika lekar och umg\u00e5s med sina f\u00f6r\u00e4ldrar och kompisar. Redan fr\u00e5n tidig \u00e5lder l\u00e4r de sig att t\u00e4vla, men det kommer mest naturligt n\u00e4r de leker. Fiskespelet finns nu i en ny version \u2013 ett tr\u00e4bord. <\/p>\n<p>Egenskaper: <\/p>\n<p>* &#8211; leksaken inneh\u00e5ller ett spelbord i tr\u00e4, 4 fiskesp\u00f6n och 40 fiskar,<br \/>\n* &#8211; fiskarna finns i fyra f\u00e4rger och har siffror skrivna p\u00e5 ryggen,<br \/>\n* &#8211; barn kan anordna fisket\u00e4vlingar och t\u00e4vla i sifferspel.<\/p>\n<p>Leksaken utvecklar:<\/p>\n<p>* &#8211; hand-\u00f6ga-koordination,<br \/>\n* &#8211; logiskt t\u00e4nkande,<br \/>\n* &#8211; sociala f\u00e4rdigheter,<br \/>\n* &#8211; motoriska f\u00e4rdigheter.<\/p>\n","protected":false},"excerpt":{"rendered":"<p>Barn \u00e4lskar att leka olika lekar och umg\u00e5s med sina f\u00f6r\u00e4ldrar och kompisar. Redan fr\u00e5n tidig \u00e5lder l\u00e4r de sig att t\u00e4vla, men det kommer mest naturligt n\u00e4r de leker. Fiskespelet finns nu i en ny version \u2013 ett tr\u00e4bord. Egenskaper: * &#8211; leksaken inneh\u00e5ller ett spelbord i tr\u00e4, 4 fiskesp\u00f6n och 40 fiskar, * [&hellip;]<\/p>\n","protected":false},"featured_media":0,"comment_status":"open","ping_status":"closed","template":"","meta":[],"product_brand":[],"product_cat":[33],"product_tag":[],"class_list":{"0":"post-17756","1":"product","2":"type-product","3":"status-publish","5":"product_cat-okategoriserad","7":"first","8":"instock","9":"shipping-taxable","10":"purchasable","11":"product-type-simple"},"_links":{"self":[{"href":"https:\/\/nordicmart.andreevmaster.com\/sv\/wp-json\/wp\/v2\/product\/17756","targetHints":{"allow":["GET"]}}],"collection":[{"href":"https:\/\/nordicmart.andreevmaster.com\/sv\/wp-json\/wp\/v2\/product"}],"about":[{"href":"https:\/\/nordicmart.andreevmaster.com\/sv\/wp-json\/wp\/v2\/types\/product"}],"replies":[{"embeddable":true,"href":"https:\/\/nordicmart.andreevmaster.com\/sv\/wp-json\/wp\/v2\/comments?post=17756"}],"wp:attachment":[{"href":"https:\/\/nordicmart.andreevmaster.com\/sv\/wp-json\/wp\/v2\/media?parent=17756"}],"wp:term":[{"taxonomy":"product_brand","embeddable":true,"href":"https:\/\/nordicmart.andreevmaster.com\/sv\/wp-json\/wp\/v2\/product_brand?post=17756"},{"taxonomy":"product_cat","embeddable":true,"href":"https:\/\/nordicmart.andreevmaster.com\/sv\/wp-json\/wp\/v2\/product_cat?post=17756"},{"taxonomy":"product_tag","embeddable":true,"href":"https:\/\/nordicmart.andreevmaster.com\/sv\/wp-json\/wp\/v2\/product_tag?post=17756"}],"curies":[{"name":"wp","href":"https:\/\/api.w.org\/{rel}","templated":true}]}}