{"id":17755,"date":"2026-02-27T00:36:30","date_gmt":"2026-02-27T00:36:30","guid":{"rendered":"https:\/\/nordicmart.andreevmaster.com\/product\/viga-trakassa-gra-och-vit\/"},"modified":"2026-02-27T08:25:47","modified_gmt":"2026-02-27T08:25:47","slug":"viga-trakassa-gra-och-vit","status":"publish","type":"product","link":"https:\/\/nordicmart.andreevmaster.com\/sv\/produkt\/viga-trakassa-gra-och-vit\/","title":{"rendered":"VIGA Tr\u00e4kassa, gr\u00e5 och vit"},"content":{"rendered":"<p>Kassakistan \u00e4r en fantastisk tr\u00e4leksak som l\u00e5ter barn leka m\u00e5nga olika situationer som kan uppst\u00e5 i en butik. Barnen kan leka kass\u00f6r eller kund och \u00f6va p\u00e5 sociala interaktioner och kommunikationsf\u00f6rm\u00e5ga tillsammans. Kontanter eller kort? Ber\u00e4kna det totala beloppet, ta emot pengarna och ge r\u00e4tt v\u00e4xel. Kassakistan inneh\u00e5ller sedlar, mynt och ett betalkort. Barnen kan l\u00e4ra sig medan de leker! Matematik, vetenskapernas drottning, kommer inte l\u00e4ngre att vara skr\u00e4mmande. <\/p>\n<p>Egenskaper: <\/p>\n<p>* &#8211; kassaapparaten har en display med en kulram,<br \/>\n* &#8211; setet inneh\u00e5ller sedlar, mynt och ett betalkort,<br \/>\n* &#8211; tack vare den utdragbara l\u00e5dan, skannern, knapparna och pappersrullen kommer ditt barn att k\u00e4nna att det anv\u00e4nder en riktig kassaapparat.<\/p>\n<p>Leksaken utvecklar:<\/p>\n<p>* &#8211; r\u00e4knef\u00f6rm\u00e5ga,<br \/>\n* &#8211; sociala f\u00e4rdigheter,<br \/>\n* &#8211; kommunikationsf\u00f6rm\u00e5ga,<br \/>\n* &#8211; logiskt t\u00e4nkande,<br \/>\n* &#8211; fantasi.<\/p>\n","protected":false},"excerpt":{"rendered":"<p>Kassakistan \u00e4r en fantastisk tr\u00e4leksak som l\u00e5ter barn leka m\u00e5nga olika situationer som kan uppst\u00e5 i en butik. Barnen kan leka kass\u00f6r eller kund och \u00f6va p\u00e5 sociala interaktioner och kommunikationsf\u00f6rm\u00e5ga tillsammans. Kontanter eller kort? Ber\u00e4kna det totala beloppet, ta emot pengarna och ge r\u00e4tt v\u00e4xel. Kassakistan inneh\u00e5ller sedlar, mynt och ett betalkort. Barnen kan [&hellip;]<\/p>\n","protected":false},"featured_media":0,"comment_status":"open","ping_status":"closed","template":"","meta":[],"product_brand":[],"product_cat":[33],"product_tag":[],"class_list":{"0":"post-17755","1":"product","2":"type-product","3":"status-publish","5":"product_cat-okategoriserad","7":"first","8":"instock","9":"shipping-taxable","10":"purchasable","11":"product-type-simple"},"_links":{"self":[{"href":"https:\/\/nordicmart.andreevmaster.com\/sv\/wp-json\/wp\/v2\/product\/17755","targetHints":{"allow":["GET"]}}],"collection":[{"href":"https:\/\/nordicmart.andreevmaster.com\/sv\/wp-json\/wp\/v2\/product"}],"about":[{"href":"https:\/\/nordicmart.andreevmaster.com\/sv\/wp-json\/wp\/v2\/types\/product"}],"replies":[{"embeddable":true,"href":"https:\/\/nordicmart.andreevmaster.com\/sv\/wp-json\/wp\/v2\/comments?post=17755"}],"wp:attachment":[{"href":"https:\/\/nordicmart.andreevmaster.com\/sv\/wp-json\/wp\/v2\/media?parent=17755"}],"wp:term":[{"taxonomy":"product_brand","embeddable":true,"href":"https:\/\/nordicmart.andreevmaster.com\/sv\/wp-json\/wp\/v2\/product_brand?post=17755"},{"taxonomy":"product_cat","embeddable":true,"href":"https:\/\/nordicmart.andreevmaster.com\/sv\/wp-json\/wp\/v2\/product_cat?post=17755"},{"taxonomy":"product_tag","embeddable":true,"href":"https:\/\/nordicmart.andreevmaster.com\/sv\/wp-json\/wp\/v2\/product_tag?post=17755"}],"curies":[{"name":"wp","href":"https:\/\/api.w.org\/{rel}","templated":true}]}}