{"id":17754,"date":"2026-02-27T00:36:29","date_gmt":"2026-02-27T00:36:29","guid":{"rendered":"https:\/\/nordicmart.andreevmaster.com\/product\/viga-traset-med-snacks-och-drycker-12-livsmedel\/"},"modified":"2026-02-27T08:25:47","modified_gmt":"2026-02-27T08:25:47","slug":"viga-traset-med-snacks-och-drycker-12-livsmedel","status":"publish","type":"product","link":"https:\/\/nordicmart.andreevmaster.com\/sv\/produkt\/viga-traset-med-snacks-och-drycker-12-livsmedel\/","title":{"rendered":"VIGA Tr\u00e4set med snacks och drycker, 12 livsmedel"},"content":{"rendered":"<p>Detta set med 12 livsmedel fr\u00e5n det v\u00e4lk\u00e4nda varum\u00e4rket Viga \u00e4r ett utm\u00e4rkt tillskott till ditt barns dagliga lek. Det ger variation till alla lekar hemma eller i aff\u00e4ren och l\u00e5ter ditt barn leka att det \u00e4r en riktig hemmafru. Att handla kommer inte l\u00e4ngre att vara ett problem, utan blir roligt f\u00f6r dina sm\u00e5. Din lilla kan imitera sin st\u00f6rsta f\u00f6rebild, sin mamma. Setet \u00e4r utformat med sm\u00e5 barns h\u00e4nder i \u00e5tanke, och avsaknaden av vassa kanter g\u00f6r det helt s\u00e4kert f\u00f6r barn. <\/p>\n<p>Leksaken \u00e4r tillverkad av h\u00f6gkvalitativt tr\u00e4, vilket garanterar dess h\u00e5llbarhet. Materialen och f\u00e4rgerna som anv\u00e4nds i tillverkningen av leksaken \u00e4r milj\u00f6v\u00e4nliga och helt s\u00e4kra.<\/p>\n<p>Egenskaper:<\/p>\n<p>* &#8211; setet inneh\u00e5ller 12 livsmedelsprodukter,<br \/>\n* &#8211; tillverkad av h\u00f6gkvalitativt material,<br \/>\n* &#8211; m\u00e5lad med giftfria f\u00e4rger som \u00e4r s\u00e4kra f\u00f6r barn. <\/p>\n<p>Leksaken utvecklar:<\/p>\n<p>* &#8211; motorik,<br \/>\n* &#8211; kreativitet,<br \/>\n* &#8211; fantasi.<\/p>\n","protected":false},"excerpt":{"rendered":"<p>Detta set med 12 livsmedel fr\u00e5n det v\u00e4lk\u00e4nda varum\u00e4rket Viga \u00e4r ett utm\u00e4rkt tillskott till ditt barns dagliga lek. Det ger variation till alla lekar hemma eller i aff\u00e4ren och l\u00e5ter ditt barn leka att det \u00e4r en riktig hemmafru. Att handla kommer inte l\u00e4ngre att vara ett problem, utan blir roligt f\u00f6r dina sm\u00e5. [&hellip;]<\/p>\n","protected":false},"featured_media":0,"comment_status":"open","ping_status":"closed","template":"","meta":[],"product_brand":[],"product_cat":[33],"product_tag":[],"class_list":{"0":"post-17754","1":"product","2":"type-product","3":"status-publish","5":"product_cat-okategoriserad","7":"first","8":"instock","9":"shipping-taxable","10":"purchasable","11":"product-type-simple"},"_links":{"self":[{"href":"https:\/\/nordicmart.andreevmaster.com\/sv\/wp-json\/wp\/v2\/product\/17754","targetHints":{"allow":["GET"]}}],"collection":[{"href":"https:\/\/nordicmart.andreevmaster.com\/sv\/wp-json\/wp\/v2\/product"}],"about":[{"href":"https:\/\/nordicmart.andreevmaster.com\/sv\/wp-json\/wp\/v2\/types\/product"}],"replies":[{"embeddable":true,"href":"https:\/\/nordicmart.andreevmaster.com\/sv\/wp-json\/wp\/v2\/comments?post=17754"}],"wp:attachment":[{"href":"https:\/\/nordicmart.andreevmaster.com\/sv\/wp-json\/wp\/v2\/media?parent=17754"}],"wp:term":[{"taxonomy":"product_brand","embeddable":true,"href":"https:\/\/nordicmart.andreevmaster.com\/sv\/wp-json\/wp\/v2\/product_brand?post=17754"},{"taxonomy":"product_cat","embeddable":true,"href":"https:\/\/nordicmart.andreevmaster.com\/sv\/wp-json\/wp\/v2\/product_cat?post=17754"},{"taxonomy":"product_tag","embeddable":true,"href":"https:\/\/nordicmart.andreevmaster.com\/sv\/wp-json\/wp\/v2\/product_tag?post=17754"}],"curies":[{"name":"wp","href":"https:\/\/api.w.org\/{rel}","templated":true}]}}