{"id":17753,"date":"2026-02-27T00:36:29","date_gmt":"2026-02-27T00:36:29","guid":{"rendered":"https:\/\/nordicmart.andreevmaster.com\/product\/viga-trafrukt-och-gronsaksset-med-10-lador\/"},"modified":"2026-02-27T08:25:46","modified_gmt":"2026-02-27T08:25:46","slug":"viga-trafrukt-och-gronsaksset-med-10-lador","status":"publish","type":"product","link":"https:\/\/nordicmart.andreevmaster.com\/sv\/produkt\/viga-trafrukt-och-gronsaksset-med-10-lador\/","title":{"rendered":"VIGA Tr\u00e4frukt- och gr\u00f6nsaksset med 10 l\u00e5dor"},"content":{"rendered":"<p>Tr\u00e4frukt och gr\u00f6nsaker i l\u00e5dor fr\u00e5n det v\u00e4lk\u00e4nda varum\u00e4rket Viga \u00e4r den perfekta produkten f\u00f6r ditt barn. De 10 vackra tr\u00e4l\u00e5dorna inneh\u00e5ller p\u00e4ron, apelsiner, kiwi, mor\u00f6tter, svamp, citroner, \u00e4pplen, vitl\u00f6k, auberginer och bananer. Detta \u00e4r en fantastisk produkt f\u00f6r att leka aff\u00e4r eller gr\u00f6nsakshandlare. Ditt barn spelar rollen som s\u00e4ljare och du k\u00f6per produkter av dem, och sedan byter ni roller! Under s\u00e5dana lekar l\u00e4r sig ditt barn grunderna i matematik genom att r\u00e4kna och grunderna i aff\u00e4rer. <\/p>\n<p>Leksaken \u00e4r tillverkad av h\u00f6gkvalitativt tr\u00e4, vilket garanterar dess h\u00e5llbarhet. Materialen och f\u00e4rgerna som anv\u00e4nds i tillverkningen av leksaken \u00e4r milj\u00f6v\u00e4nliga och helt s\u00e4kra.<\/p>\n<p>Egenskaper:<\/p>\n<p>* &#8211; setet inneh\u00e5ller 10 l\u00e5dor med 10 olika sorters frukt och gr\u00f6nsaker: p\u00e4ron, apelsiner, kiwi, mor\u00f6tter, svamp, citroner, \u00e4pplen, vitl\u00f6k, auberginer och bananer<br \/>\n* &#8211; tillverkad av h\u00f6gkvalitativt material,<br \/>\n* &#8211; m\u00e5lad med giftfria f\u00e4rger som \u00e4r s\u00e4kra f\u00f6r barn,<\/p>\n<p>Leksaken utvecklar:<\/p>\n<p>* &#8211; motoriska f\u00e4rdigheter,<br \/>\n* &#8211; logiskt t\u00e4nkande,<br \/>\n* &#8211; kreativitet,<br \/>\n* &#8211; fantasi.<\/p>\n","protected":false},"excerpt":{"rendered":"<p>Tr\u00e4frukt och gr\u00f6nsaker i l\u00e5dor fr\u00e5n det v\u00e4lk\u00e4nda varum\u00e4rket Viga \u00e4r den perfekta produkten f\u00f6r ditt barn. De 10 vackra tr\u00e4l\u00e5dorna inneh\u00e5ller p\u00e4ron, apelsiner, kiwi, mor\u00f6tter, svamp, citroner, \u00e4pplen, vitl\u00f6k, auberginer och bananer. Detta \u00e4r en fantastisk produkt f\u00f6r att leka aff\u00e4r eller gr\u00f6nsakshandlare. Ditt barn spelar rollen som s\u00e4ljare och du k\u00f6per produkter av [&hellip;]<\/p>\n","protected":false},"featured_media":0,"comment_status":"open","ping_status":"closed","template":"","meta":[],"product_brand":[],"product_cat":[33],"product_tag":[],"class_list":{"0":"post-17753","1":"product","2":"type-product","3":"status-publish","5":"product_cat-okategoriserad","7":"first","8":"instock","9":"shipping-taxable","10":"purchasable","11":"product-type-simple"},"_links":{"self":[{"href":"https:\/\/nordicmart.andreevmaster.com\/sv\/wp-json\/wp\/v2\/product\/17753","targetHints":{"allow":["GET"]}}],"collection":[{"href":"https:\/\/nordicmart.andreevmaster.com\/sv\/wp-json\/wp\/v2\/product"}],"about":[{"href":"https:\/\/nordicmart.andreevmaster.com\/sv\/wp-json\/wp\/v2\/types\/product"}],"replies":[{"embeddable":true,"href":"https:\/\/nordicmart.andreevmaster.com\/sv\/wp-json\/wp\/v2\/comments?post=17753"}],"wp:attachment":[{"href":"https:\/\/nordicmart.andreevmaster.com\/sv\/wp-json\/wp\/v2\/media?parent=17753"}],"wp:term":[{"taxonomy":"product_brand","embeddable":true,"href":"https:\/\/nordicmart.andreevmaster.com\/sv\/wp-json\/wp\/v2\/product_brand?post=17753"},{"taxonomy":"product_cat","embeddable":true,"href":"https:\/\/nordicmart.andreevmaster.com\/sv\/wp-json\/wp\/v2\/product_cat?post=17753"},{"taxonomy":"product_tag","embeddable":true,"href":"https:\/\/nordicmart.andreevmaster.com\/sv\/wp-json\/wp\/v2\/product_tag?post=17753"}],"curies":[{"name":"wp","href":"https:\/\/api.w.org\/{rel}","templated":true}]}}