{"id":17752,"date":"2026-02-27T00:36:29","date_gmt":"2026-02-27T00:36:29","guid":{"rendered":"https:\/\/nordicmart.andreevmaster.com\/product\/viga-trakyla-med-kritta\/"},"modified":"2026-02-27T08:25:46","modified_gmt":"2026-02-27T08:25:46","slug":"viga-trakyla-med-kritta","status":"publish","type":"product","link":"https:\/\/nordicmart.andreevmaster.com\/sv\/produkt\/viga-trakyla-med-kritta\/","title":{"rendered":"Viga Tr\u00e4kyla med kritta"},"content":{"rendered":"<p>F\u00f6rgyll ditt barns lekomr\u00e5de med ett charmigt Viga-kylsk\u00e5p i tr\u00e4. Denna realistiska leksak \u00e4r ett utm\u00e4rkt s\u00e4tt att utveckla fantasi och kreativitet medan barnet leker mamma, pappa, barn. Kylsk\u00e5pet har tv\u00e5 fack \u2013 en frys och ett kylsk\u00e5p \u2013 s\u00e5 att ditt barn kan f\u00f6rest\u00e4lla sig att f\u00f6rvara maten vid r\u00e4tt temperatur. Dessutom finns det en tavla p\u00e5 kylsk\u00e5psd\u00f6rren d\u00e4r ditt barn kan skriva ink\u00f6pslistor eller rita bilder.<br \/>\n\u2705 Egenskaper:<br \/>\n\u2714\ufe0f Leksak f\u00f6r barn fr\u00e5n 3 \u00e5r. \u2714\ufe0f Tillverkad av h\u00f6gkvalitativa, giftfria material som \u00e4r s\u00e4kra f\u00f6r barn. \u2714\ufe0f Kylsk\u00e5pet l\u00e5ter barn leka kock och utveckla sin kreativitet. \u2714\ufe0f Barn l\u00e4r sig om f\u00f6rvaring av mat. \u2714\ufe0f Kylsk\u00e5pet ser mycket attraktivt ut och blir en dekoration i alla barnk\u00f6k.<\/p>\n","protected":false},"excerpt":{"rendered":"<p>F\u00f6rgyll ditt barns lekomr\u00e5de med ett charmigt Viga-kylsk\u00e5p i tr\u00e4. Denna realistiska leksak \u00e4r ett utm\u00e4rkt s\u00e4tt att utveckla fantasi och kreativitet medan barnet leker mamma, pappa, barn. Kylsk\u00e5pet har tv\u00e5 fack \u2013 en frys och ett kylsk\u00e5p \u2013 s\u00e5 att ditt barn kan f\u00f6rest\u00e4lla sig att f\u00f6rvara maten vid r\u00e4tt temperatur. Dessutom finns det [&hellip;]<\/p>\n","protected":false},"featured_media":0,"comment_status":"open","ping_status":"closed","template":"","meta":[],"product_brand":[],"product_cat":[33],"product_tag":[],"class_list":{"0":"post-17752","1":"product","2":"type-product","3":"status-publish","5":"product_cat-okategoriserad","7":"first","8":"instock","9":"shipping-taxable","10":"purchasable","11":"product-type-simple"},"_links":{"self":[{"href":"https:\/\/nordicmart.andreevmaster.com\/sv\/wp-json\/wp\/v2\/product\/17752","targetHints":{"allow":["GET"]}}],"collection":[{"href":"https:\/\/nordicmart.andreevmaster.com\/sv\/wp-json\/wp\/v2\/product"}],"about":[{"href":"https:\/\/nordicmart.andreevmaster.com\/sv\/wp-json\/wp\/v2\/types\/product"}],"replies":[{"embeddable":true,"href":"https:\/\/nordicmart.andreevmaster.com\/sv\/wp-json\/wp\/v2\/comments?post=17752"}],"wp:attachment":[{"href":"https:\/\/nordicmart.andreevmaster.com\/sv\/wp-json\/wp\/v2\/media?parent=17752"}],"wp:term":[{"taxonomy":"product_brand","embeddable":true,"href":"https:\/\/nordicmart.andreevmaster.com\/sv\/wp-json\/wp\/v2\/product_brand?post=17752"},{"taxonomy":"product_cat","embeddable":true,"href":"https:\/\/nordicmart.andreevmaster.com\/sv\/wp-json\/wp\/v2\/product_cat?post=17752"},{"taxonomy":"product_tag","embeddable":true,"href":"https:\/\/nordicmart.andreevmaster.com\/sv\/wp-json\/wp\/v2\/product_tag?post=17752"}],"curies":[{"name":"wp","href":"https:\/\/api.w.org\/{rel}","templated":true}]}}