{"id":17751,"date":"2026-02-27T00:36:28","date_gmt":"2026-02-27T00:36:28","guid":{"rendered":"https:\/\/nordicmart.andreevmaster.com\/product\/viga-2-i-1-pedagogisk-tavla-med-magnetisk-montessori-varldskarta\/"},"modified":"2026-02-27T08:25:46","modified_gmt":"2026-02-27T08:25:46","slug":"viga-2-i-1-pedagogisk-tavla-med-magnetisk-montessori-varldskarta","status":"publish","type":"product","link":"https:\/\/nordicmart.andreevmaster.com\/sv\/produkt\/viga-2-i-1-pedagogisk-tavla-med-magnetisk-montessori-varldskarta\/","title":{"rendered":"Viga 2-i-1 pedagogisk tavla med magnetisk Montessori-v\u00e4rldskarta"},"content":{"rendered":"<p>Viga 2-i-1 pedagogisk tavla med magnetisk v\u00e4rldskarta, som ocks\u00e5 fungerar som ritbord, \u00e4r det perfekta leksaken f\u00f6r unga uppt\u00e4cktsresande som \u00e4r nyfikna p\u00e5 v\u00e4rlden! Denna vackert utformade tavla med magnetiska element kombinerar pedagogiskt v\u00e4rde med n\u00f6je. Placera tr\u00e4elementen \u2013 kontinenter, fartyg, flygplan, raketer och djur som lever p\u00e5 havets botten. Kartan \u00e4r m\u00e4rkt p\u00e5 engelska, vilket \u00e4r perfekt f\u00f6r att l\u00e4ra sig spr\u00e5ket.<\/p>\n<p>Egenskaper:<\/p>\n<p>* &#8211; ritbr\u00e4da,<br \/>\n* &#8211; magnetiska element,<br \/>\n* &#8211; karta p\u00e5 engelska,<br \/>\n* &#8211; inneh\u00e5ller 106 element,<br \/>\n* &#8211; har ett handtag f\u00f6r upph\u00e4ngning p\u00e5 v\u00e4ggen.<\/p>\n<p>Leksaken utvecklar:<\/p>\n<p>* &#8211; hand-\u00f6ga-koordination,<br \/>\n* &#8211; fantasi,<br \/>\n* &#8211; fingerf\u00e4rdighet,<br \/>\n* &#8211; kreativitet.<\/p>\n","protected":false},"excerpt":{"rendered":"<p>Viga 2-i-1 pedagogisk tavla med magnetisk v\u00e4rldskarta, som ocks\u00e5 fungerar som ritbord, \u00e4r det perfekta leksaken f\u00f6r unga uppt\u00e4cktsresande som \u00e4r nyfikna p\u00e5 v\u00e4rlden! Denna vackert utformade tavla med magnetiska element kombinerar pedagogiskt v\u00e4rde med n\u00f6je. Placera tr\u00e4elementen \u2013 kontinenter, fartyg, flygplan, raketer och djur som lever p\u00e5 havets botten. Kartan \u00e4r m\u00e4rkt p\u00e5 engelska, [&hellip;]<\/p>\n","protected":false},"featured_media":0,"comment_status":"open","ping_status":"closed","template":"","meta":[],"product_brand":[],"product_cat":[33],"product_tag":[],"class_list":{"0":"post-17751","1":"product","2":"type-product","3":"status-publish","5":"product_cat-okategoriserad","7":"first","8":"instock","9":"shipping-taxable","10":"purchasable","11":"product-type-simple"},"_links":{"self":[{"href":"https:\/\/nordicmart.andreevmaster.com\/sv\/wp-json\/wp\/v2\/product\/17751","targetHints":{"allow":["GET"]}}],"collection":[{"href":"https:\/\/nordicmart.andreevmaster.com\/sv\/wp-json\/wp\/v2\/product"}],"about":[{"href":"https:\/\/nordicmart.andreevmaster.com\/sv\/wp-json\/wp\/v2\/types\/product"}],"replies":[{"embeddable":true,"href":"https:\/\/nordicmart.andreevmaster.com\/sv\/wp-json\/wp\/v2\/comments?post=17751"}],"wp:attachment":[{"href":"https:\/\/nordicmart.andreevmaster.com\/sv\/wp-json\/wp\/v2\/media?parent=17751"}],"wp:term":[{"taxonomy":"product_brand","embeddable":true,"href":"https:\/\/nordicmart.andreevmaster.com\/sv\/wp-json\/wp\/v2\/product_brand?post=17751"},{"taxonomy":"product_cat","embeddable":true,"href":"https:\/\/nordicmart.andreevmaster.com\/sv\/wp-json\/wp\/v2\/product_cat?post=17751"},{"taxonomy":"product_tag","embeddable":true,"href":"https:\/\/nordicmart.andreevmaster.com\/sv\/wp-json\/wp\/v2\/product_tag?post=17751"}],"curies":[{"name":"wp","href":"https:\/\/api.w.org\/{rel}","templated":true}]}}