{"id":17750,"date":"2026-02-27T00:36:28","date_gmt":"2026-02-27T00:36:28","guid":{"rendered":"https:\/\/nordicmart.andreevmaster.com\/product\/viga-teater-och-livsmedelsbutik-2-i-1\/"},"modified":"2026-02-27T08:25:46","modified_gmt":"2026-02-27T08:25:46","slug":"viga-teater-och-livsmedelsbutik-2-i-1","status":"publish","type":"product","link":"https:\/\/nordicmart.andreevmaster.com\/sv\/produkt\/viga-teater-och-livsmedelsbutik-2-i-1\/","title":{"rendered":"VIGA Teater och livsmedelsbutik 2-i-1"},"content":{"rendered":"<p>Denna h\u00f6gkvalitativa leksak fr\u00e5n Viga Toys kombinerar en teater och en livsmedelsbutik. V\u00e4nd bara p\u00e5 leksaken s\u00e5 kan du ta p\u00e5 dig helt nya roller.<\/p>\n<p>Funktioner:<\/p>\n<p>* &#8211; teater och butik &#8211; 2-i-1,<br \/>\n* &#8211; n\u00e4r barnen leker teater kan du rulla upp rid\u00e5n och skriva titeln p\u00e5 sagan p\u00e5 tavlan,* &#8211; n\u00e4r barnen leker aff\u00e4r kan de skriva aff\u00e4rens namn och priser p\u00e5 tavlan,<br \/>\n* &#8211; aff\u00e4ren har hyllor f\u00f6r olika livsmedel &#8211; s\u00e4ljs separat.<\/p>\n<p>Leksaken utvecklar:<\/p>\n<p>* &#8211; fantasi,<br \/>\n* &#8211; kreativitet,<br \/>\n* &#8211; logiskt t\u00e4nkande,<br \/>\n* &#8211; sociala f\u00e4rdigheter,<br \/>\n* &#8211; rollspel.<\/p>\n","protected":false},"excerpt":{"rendered":"<p>Denna h\u00f6gkvalitativa leksak fr\u00e5n Viga Toys kombinerar en teater och en livsmedelsbutik. V\u00e4nd bara p\u00e5 leksaken s\u00e5 kan du ta p\u00e5 dig helt nya roller. Funktioner: * &#8211; teater och butik &#8211; 2-i-1, * &#8211; n\u00e4r barnen leker teater kan du rulla upp rid\u00e5n och skriva titeln p\u00e5 sagan p\u00e5 tavlan,* &#8211; n\u00e4r barnen leker [&hellip;]<\/p>\n","protected":false},"featured_media":0,"comment_status":"open","ping_status":"closed","template":"","meta":[],"product_brand":[],"product_cat":[33],"product_tag":[],"class_list":{"0":"post-17750","1":"product","2":"type-product","3":"status-publish","5":"product_cat-okategoriserad","7":"first","8":"instock","9":"shipping-taxable","10":"purchasable","11":"product-type-simple"},"_links":{"self":[{"href":"https:\/\/nordicmart.andreevmaster.com\/sv\/wp-json\/wp\/v2\/product\/17750","targetHints":{"allow":["GET"]}}],"collection":[{"href":"https:\/\/nordicmart.andreevmaster.com\/sv\/wp-json\/wp\/v2\/product"}],"about":[{"href":"https:\/\/nordicmart.andreevmaster.com\/sv\/wp-json\/wp\/v2\/types\/product"}],"replies":[{"embeddable":true,"href":"https:\/\/nordicmart.andreevmaster.com\/sv\/wp-json\/wp\/v2\/comments?post=17750"}],"wp:attachment":[{"href":"https:\/\/nordicmart.andreevmaster.com\/sv\/wp-json\/wp\/v2\/media?parent=17750"}],"wp:term":[{"taxonomy":"product_brand","embeddable":true,"href":"https:\/\/nordicmart.andreevmaster.com\/sv\/wp-json\/wp\/v2\/product_brand?post=17750"},{"taxonomy":"product_cat","embeddable":true,"href":"https:\/\/nordicmart.andreevmaster.com\/sv\/wp-json\/wp\/v2\/product_cat?post=17750"},{"taxonomy":"product_tag","embeddable":true,"href":"https:\/\/nordicmart.andreevmaster.com\/sv\/wp-json\/wp\/v2\/product_tag?post=17750"}],"curies":[{"name":"wp","href":"https:\/\/api.w.org\/{rel}","templated":true}]}}