{"id":17749,"date":"2026-02-27T00:36:28","date_gmt":"2026-02-27T00:36:28","guid":{"rendered":"https:\/\/nordicmart.andreevmaster.com\/product\/viga-polarb-traleksak-med-tre-hjul-brun-bjorn-mjuka-hjul\/"},"modified":"2026-02-27T08:25:46","modified_gmt":"2026-02-27T08:25:46","slug":"viga-polarb-traleksak-med-tre-hjul-brun-bjorn-mjuka-hjul","status":"publish","type":"product","link":"https:\/\/nordicmart.andreevmaster.com\/sv\/produkt\/viga-polarb-traleksak-med-tre-hjul-brun-bjorn-mjuka-hjul\/","title":{"rendered":"VIGA PolarB Tr\u00e4leksak med tre hjul, brun bj\u00f6rn, mjuka hjul"},"content":{"rendered":"<p>Trehjulig leksak av tr\u00e4 med brun bj\u00f6rn \u2013 s\u00e4ker och aktiv lek!<\/p>\n<p>Trehjulingen av tr\u00e4 fr\u00e5n VIGAs PolarB-serie \u00e4r ett robust och attraktivt fordon som \u00e4r utformat f\u00f6r de yngsta barnen. Den \u00e4r tillverkad av h\u00e5llbart tr\u00e4, har ett ratt i form av en s\u00f6t bj\u00f6rn och imponerar med sitt utseende och sin funktionalitet. Den har rattl\u00e5s, en extra skyddsplatta och fyra tysta EVA-hjul som \u00e4r perfekta f\u00f6r b\u00e5de inomhus- och utomhusbruk.### Egenskaper:<\/p>\n<p>\u2714\ufe0f Leksak f\u00f6r barn fr\u00e5n 12 m\u00e5nader<\/p>\n<p>\u2714\ufe0f Trehjulig design f\u00f6r \u00f6kad stabilitet<\/p>\n<p>\u2714\ufe0f S\u00e4ker rattl\u00e5sning f\u00f6rhindrar pl\u00f6tsliga sv\u00e4ngar<\/p>\n<p>\u2714\ufe0f Ryggst\u00f6d f\u00f6rhindrar att anv\u00e4ndaren glider bak\u00e5t<\/p>\n<p>\u2714\ufe0f EVA-hjul \u2013 tysta, h\u00e5llbara och repar inte golvet<\/p>\n<p>\u2714\ufe0f Naturlig design och v\u00e4nligt nalleutseende<\/p>\n<p>### Leksaken st\u00f6der utvecklingen av:<\/p>\n<p>\u2714\ufe0f Motorisk koordination och balans<\/p>\n<p>\u2714\ufe0f Grovmotorik<br \/>\n\u2714\ufe0f Motorisk koordination och balans<br \/>\n\u2714\ufe0f Sj\u00e4lvf\u00f6rtroende vid f\u00f6rsta f\u00f6rs\u00f6ken att \u00e5ka<\/p>\n","protected":false},"excerpt":{"rendered":"<p>Trehjulig leksak av tr\u00e4 med brun bj\u00f6rn \u2013 s\u00e4ker och aktiv lek! Trehjulingen av tr\u00e4 fr\u00e5n VIGAs PolarB-serie \u00e4r ett robust och attraktivt fordon som \u00e4r utformat f\u00f6r de yngsta barnen. Den \u00e4r tillverkad av h\u00e5llbart tr\u00e4, har ett ratt i form av en s\u00f6t bj\u00f6rn och imponerar med sitt utseende och sin funktionalitet. Den [&hellip;]<\/p>\n","protected":false},"featured_media":0,"comment_status":"open","ping_status":"closed","template":"","meta":[],"product_brand":[],"product_cat":[33],"product_tag":[],"class_list":{"0":"post-17749","1":"product","2":"type-product","3":"status-publish","5":"product_cat-okategoriserad","7":"first","8":"instock","9":"shipping-taxable","10":"purchasable","11":"product-type-simple"},"_links":{"self":[{"href":"https:\/\/nordicmart.andreevmaster.com\/sv\/wp-json\/wp\/v2\/product\/17749","targetHints":{"allow":["GET"]}}],"collection":[{"href":"https:\/\/nordicmart.andreevmaster.com\/sv\/wp-json\/wp\/v2\/product"}],"about":[{"href":"https:\/\/nordicmart.andreevmaster.com\/sv\/wp-json\/wp\/v2\/types\/product"}],"replies":[{"embeddable":true,"href":"https:\/\/nordicmart.andreevmaster.com\/sv\/wp-json\/wp\/v2\/comments?post=17749"}],"wp:attachment":[{"href":"https:\/\/nordicmart.andreevmaster.com\/sv\/wp-json\/wp\/v2\/media?parent=17749"}],"wp:term":[{"taxonomy":"product_brand","embeddable":true,"href":"https:\/\/nordicmart.andreevmaster.com\/sv\/wp-json\/wp\/v2\/product_brand?post=17749"},{"taxonomy":"product_cat","embeddable":true,"href":"https:\/\/nordicmart.andreevmaster.com\/sv\/wp-json\/wp\/v2\/product_cat?post=17749"},{"taxonomy":"product_tag","embeddable":true,"href":"https:\/\/nordicmart.andreevmaster.com\/sv\/wp-json\/wp\/v2\/product_tag?post=17749"}],"curies":[{"name":"wp","href":"https:\/\/api.w.org\/{rel}","templated":true}]}}