{"id":17748,"date":"2026-02-27T00:36:27","date_gmt":"2026-02-27T00:36:27","guid":{"rendered":"https:\/\/nordicmart.andreevmaster.com\/product\/viga-traleksak-med-byggklossar\/"},"modified":"2026-02-27T08:25:45","modified_gmt":"2026-02-27T08:25:45","slug":"viga-traleksak-med-byggklossar","status":"publish","type":"product","link":"https:\/\/nordicmart.andreevmaster.com\/sv\/produkt\/viga-traleksak-med-byggklossar\/","title":{"rendered":"Viga Tr\u00e4leksak med byggklossar"},"content":{"rendered":"<p>Uppt\u00e4ck gl\u00e4djen i de f\u00f6rsta stegen med v\u00e5r bed\u00e5rande krokodilformade dragleksak! Denna multifunktionella leksak \u00e4r den perfekta f\u00f6ljeslagaren f\u00f6r ditt barns utveckling. Den stabila konstruktionen och det bekv\u00e4ma handtaget ger s\u00e4kert st\u00f6d n\u00e4r barnet l\u00e4r sig att g\u00e5, och de f\u00e4rgglada klossarna inuti g\u00e5stolen uppmuntrar till kreativt lekande och utveckling av motoriska f\u00e4rdigheter.<\/p>\n<p>\u2705 Egenskaper:<\/p>\n<p>\u2714\ufe0f S\u00e4ker och stabil \u2013 den solida tr\u00e4konstruktionen ger s\u00e4kert st\u00f6d f\u00f6r sm\u00e5 f\u00f6tter. \u2714\ufe0f Bekv\u00e4mt handtag \u2013 perfekt anpassat f\u00f6r sm\u00e5 h\u00e4nder, hj\u00e4lper till att h\u00e5lla balansen. \u2714\ufe0f F\u00e4rgglada klossar ing\u00e5r \u2013 en m\u00e4ngd olika former och pastellf\u00e4rger uppmuntrar till kreativt lekande. \u2714\ufe0f Tysta gummihjul \u2013 s\u00e4kra f\u00f6r golv, garanterar en smidig och bekv\u00e4m \u00e5ktur. \u2714\ufe0f Bed\u00e5rande krokodildesign \u2013 pastellf\u00e4rger och en rolig form g\u00f6r att din lilla kommer att \u00e4lska den!<\/p>\n<p>\u2705 Leksaken utvecklar:<\/p>\n<p>\u2714\ufe0f Kreativitet \u2013 klossarna hj\u00e4lper barn att l\u00e4ra sig f\u00e4rger och former och utveckla sin motorik. \u2714\ufe0f St\u00f6djer inl\u00e4rningen av att g\u00e5 \u2013 hj\u00e4lper ditt barn att f\u00e5 sj\u00e4lvf\u00f6rtroende n\u00e4r det tar sina f\u00f6rsta steg. \u2714\ufe0f Multifunktionell \u2013 kan anv\u00e4ndas som g\u00e5stol, dragleksak och f\u00f6rvaringsl\u00e5da f\u00f6r leksaker och klossar. \u2714\ufe0f H\u00e5llbarhet och s\u00e4kerhet \u2013 tillverkad av naturligt, giftfritt tr\u00e4 som uppfyller de h\u00f6gsta standarderna.<\/p>\n","protected":false},"excerpt":{"rendered":"<p>Uppt\u00e4ck gl\u00e4djen i de f\u00f6rsta stegen med v\u00e5r bed\u00e5rande krokodilformade dragleksak! Denna multifunktionella leksak \u00e4r den perfekta f\u00f6ljeslagaren f\u00f6r ditt barns utveckling. Den stabila konstruktionen och det bekv\u00e4ma handtaget ger s\u00e4kert st\u00f6d n\u00e4r barnet l\u00e4r sig att g\u00e5, och de f\u00e4rgglada klossarna inuti g\u00e5stolen uppmuntrar till kreativt lekande och utveckling av motoriska f\u00e4rdigheter. \u2705 Egenskaper: [&hellip;]<\/p>\n","protected":false},"featured_media":0,"comment_status":"open","ping_status":"closed","template":"","meta":[],"product_brand":[],"product_cat":[33],"product_tag":[],"class_list":{"0":"post-17748","1":"product","2":"type-product","3":"status-publish","5":"product_cat-okategoriserad","7":"first","8":"instock","9":"shipping-taxable","10":"purchasable","11":"product-type-simple"},"_links":{"self":[{"href":"https:\/\/nordicmart.andreevmaster.com\/sv\/wp-json\/wp\/v2\/product\/17748","targetHints":{"allow":["GET"]}}],"collection":[{"href":"https:\/\/nordicmart.andreevmaster.com\/sv\/wp-json\/wp\/v2\/product"}],"about":[{"href":"https:\/\/nordicmart.andreevmaster.com\/sv\/wp-json\/wp\/v2\/types\/product"}],"replies":[{"embeddable":true,"href":"https:\/\/nordicmart.andreevmaster.com\/sv\/wp-json\/wp\/v2\/comments?post=17748"}],"wp:attachment":[{"href":"https:\/\/nordicmart.andreevmaster.com\/sv\/wp-json\/wp\/v2\/media?parent=17748"}],"wp:term":[{"taxonomy":"product_brand","embeddable":true,"href":"https:\/\/nordicmart.andreevmaster.com\/sv\/wp-json\/wp\/v2\/product_brand?post=17748"},{"taxonomy":"product_cat","embeddable":true,"href":"https:\/\/nordicmart.andreevmaster.com\/sv\/wp-json\/wp\/v2\/product_cat?post=17748"},{"taxonomy":"product_tag","embeddable":true,"href":"https:\/\/nordicmart.andreevmaster.com\/sv\/wp-json\/wp\/v2\/product_tag?post=17748"}],"curies":[{"name":"wp","href":"https:\/\/api.w.org\/{rel}","templated":true}]}}