{"id":17747,"date":"2026-02-27T00:36:27","date_gmt":"2026-02-27T00:36:27","guid":{"rendered":"https:\/\/nordicmart.andreevmaster.com\/product\/viga-pedagogiskt-leksaksset-fran-36-manader\/"},"modified":"2026-02-27T08:25:45","modified_gmt":"2026-02-27T08:25:45","slug":"viga-pedagogiskt-leksaksset-fran-36-manader","status":"publish","type":"product","link":"https:\/\/nordicmart.andreevmaster.com\/sv\/produkt\/viga-pedagogiskt-leksaksset-fran-36-manader\/","title":{"rendered":"VIGA Pedagogiskt leksaksset fr\u00e5n 36 m\u00e5nader"},"content":{"rendered":"<p>Free Spirits (36M+) \u00e4r ett set som \u00e4r utformat f\u00f6r barn som \u00e4r p\u00e5 v\u00e4g in i den sp\u00e4nnande fasen av att uppt\u00e4cka v\u00e4rlden. Vid tre \u00e5rs \u00e5lder b\u00f6rjar spr\u00e5ket utvecklas och nyfikenheten och sj\u00e4lvst\u00e4ndigheten v\u00e4xer. Leksakerna i denna serie erbjuder \u00f6ppna material och lekar som l\u00e5ter barnen utveckla sin fantasi, kreativitet och emotionella intelligens, samt f\u00f6rst\u00e5 v\u00e4rlden genom lek.<\/p>\n<p>Egenskaper<\/p>\n<p>* avsedd f\u00f6r barn \u00f6ver 36 m\u00e5nader<br \/>\n* f\u00f6rpackning: f\u00e4rgglad l\u00e5da<br \/>\n* st\u00f6der utvecklingen av sociala och emotionella f\u00e4rdigheter<br \/>\n* Stimulerar kreativitet och fantasi<br \/>\n* tillverkad av milj\u00f6v\u00e4nliga material<br \/>\n* utvecklar sensoriska och motoriska f\u00e4rdigheter<br \/>\n* fr\u00e4mjar sj\u00e4lvst\u00e4ndigt lekande och utforskande<br \/>\n* engagerar barn i en m\u00e4ngd olika aktiviteter<\/p>\n<p>Satsen inneh\u00e5ller<\/p>\n<p>* en k\u00e4nselbr\u00e4da \u2013 best\u00e5ende av 8 olika texturer, som ger sensorisk stimulans och l\u00e5ter barn identifiera sl\u00e4ta och grova ytor genom ber\u00f6ring<br \/>\n* cirkul\u00e4ra pussel \u2013 utvecklar kreativitet och logiskt t\u00e4nkande, uppmuntrar barn att skapa olika m\u00f6nster<br \/>\n* minimaze \u2013 kr\u00e4ver precisa r\u00f6relser och t\u00e5lamod, hj\u00e4lper barn att f\u00f6rb\u00e4ttra sin motorik n\u00e4r de f\u00f6rs\u00f6ker f\u00e5 alla st\u00e5lkulor i h\u00e5len<br \/>\n* minneslek \u2013 st\u00f6der kognitiv utveckling, koncentration, kreativitet och probleml\u00f6sningsf\u00f6rm\u00e5ga, med en medf\u00f6ljande bomullsp\u00e5se f\u00f6r enkel f\u00f6rvaring<br \/>\n* tr\u00e4bok (k\u00e4nslor) \u2013 introducerar barn till k\u00e4nslor, l\u00e4r dem om 8 grundl\u00e4ggande k\u00e4nslor: lugn, gl\u00e4dje, sorg, ilska, k\u00e4rlek, r\u00e4dsla, \u00f6verraskning och tr\u00f6tthet<br \/>\n* f\u00e4rgglada stenar \u2013 l\u00e5ter barnen leka kreativt genom att balansera och bygga, samt introducerar dem till fraktioner och f\u00e4rger<\/p>\n<p>Leksaken utvecklar<\/p>\n<p>* sociala f\u00e4rdigheter<br \/>\n* kreativitet och fantasi<br \/>\n* emotionell intelligens<br \/>\n* finmotorik<br \/>\n* koncentration och t\u00e5lamod<\/p>\n","protected":false},"excerpt":{"rendered":"<p>Free Spirits (36M+) \u00e4r ett set som \u00e4r utformat f\u00f6r barn som \u00e4r p\u00e5 v\u00e4g in i den sp\u00e4nnande fasen av att uppt\u00e4cka v\u00e4rlden. Vid tre \u00e5rs \u00e5lder b\u00f6rjar spr\u00e5ket utvecklas och nyfikenheten och sj\u00e4lvst\u00e4ndigheten v\u00e4xer. Leksakerna i denna serie erbjuder \u00f6ppna material och lekar som l\u00e5ter barnen utveckla sin fantasi, kreativitet och emotionella intelligens, [&hellip;]<\/p>\n","protected":false},"featured_media":0,"comment_status":"open","ping_status":"closed","template":"","meta":[],"product_brand":[],"product_cat":[33],"product_tag":[],"class_list":{"0":"post-17747","1":"product","2":"type-product","3":"status-publish","5":"product_cat-okategoriserad","7":"first","8":"instock","9":"shipping-taxable","10":"purchasable","11":"product-type-simple"},"_links":{"self":[{"href":"https:\/\/nordicmart.andreevmaster.com\/sv\/wp-json\/wp\/v2\/product\/17747","targetHints":{"allow":["GET"]}}],"collection":[{"href":"https:\/\/nordicmart.andreevmaster.com\/sv\/wp-json\/wp\/v2\/product"}],"about":[{"href":"https:\/\/nordicmart.andreevmaster.com\/sv\/wp-json\/wp\/v2\/types\/product"}],"replies":[{"embeddable":true,"href":"https:\/\/nordicmart.andreevmaster.com\/sv\/wp-json\/wp\/v2\/comments?post=17747"}],"wp:attachment":[{"href":"https:\/\/nordicmart.andreevmaster.com\/sv\/wp-json\/wp\/v2\/media?parent=17747"}],"wp:term":[{"taxonomy":"product_brand","embeddable":true,"href":"https:\/\/nordicmart.andreevmaster.com\/sv\/wp-json\/wp\/v2\/product_brand?post=17747"},{"taxonomy":"product_cat","embeddable":true,"href":"https:\/\/nordicmart.andreevmaster.com\/sv\/wp-json\/wp\/v2\/product_cat?post=17747"},{"taxonomy":"product_tag","embeddable":true,"href":"https:\/\/nordicmart.andreevmaster.com\/sv\/wp-json\/wp\/v2\/product_tag?post=17747"}],"curies":[{"name":"wp","href":"https:\/\/api.w.org\/{rel}","templated":true}]}}