{"id":17746,"date":"2026-02-27T00:36:27","date_gmt":"2026-02-27T00:36:27","guid":{"rendered":"https:\/\/nordicmart.andreevmaster.com\/product\/viga-pedagogiskt-leksaksset-fran-24-manader-till-36-manader\/"},"modified":"2026-02-27T08:25:45","modified_gmt":"2026-02-27T08:25:45","slug":"viga-pedagogiskt-leksaksset-fran-24-manader-till-36-manader","status":"publish","type":"product","link":"https:\/\/nordicmart.andreevmaster.com\/sv\/produkt\/viga-pedagogiskt-leksaksset-fran-24-manader-till-36-manader\/","title":{"rendered":"VIGA Pedagogiskt leksaksset Fr\u00e5n 24 m\u00e5nader till 36 m\u00e5nader"},"content":{"rendered":"<p>Little Thinkers (24-36M) \u00e4r ett pedagogiskt set som ger sm\u00e5barn nya kognitiva utmaningar inom rumsligt t\u00e4nkande och m\u00f6nsterigenk\u00e4nning. Tack vare leksakerna i setet kan barnen f\u00f6rb\u00e4ttra sin r\u00f6relseprecision, l\u00e4ra sig grunderna i geometri och utveckla sin probleml\u00f6sningsf\u00f6rm\u00e5ga. Perfekt f\u00f6r sm\u00e5 uppt\u00e4cktsresande som \u00e4r redo f\u00f6r mer avancerade uppgifter. <\/p>\n<p>Egenskaper<\/p>\n<p>* Utformat f\u00f6r barn i \u00e5ldern 24\u201336 m\u00e5nader<br \/>\n* St\u00f6djer utvecklingen av finmotorik, logiskt t\u00e4nkande och m\u00f6nsterigenk\u00e4nning<br \/>\n* Perfekt f\u00f6r att l\u00e4ra sig r\u00e4kna, sortera och k\u00e4nna igen former<br \/>\n* h\u00e5llbara tr\u00e4element med s\u00e4kra kanter<br \/>\n* praktisk l\u00e5da med handtag f\u00f6r f\u00f6rvaring och transport<\/p>\n<p>Satsen inneh\u00e5ller<\/p>\n<p>* pusselblock \u2013 l\u00e5ter barn \u00f6va p\u00e5 att matcha block och hitta m\u00f6nster, vilket utvecklar logiskt t\u00e4nkande och finmotorik<br \/>\n* magnetisk igelkottlabyrint \u2013 en leksak som st\u00f6der hand-\u00f6ga-koordination och precisa r\u00f6relser, s\u00e5 att barnet kan manipulera p\u00e4rlor med en magnetpenna<br \/>\n* tr\u00e4bok (fordon) \u2013 boken l\u00e4r barn om olika transportmedel, s\u00e5som cyklar, ballonger, flygplan och skolbussar<br \/>\n* fruktsk\u00e4rningsset \u2013 tr\u00e4frukt att sk\u00e4ra i, perfekt f\u00f6r att l\u00e4ra sig hand-\u00f6ga-koordination och utveckla sociala f\u00e4rdigheter genom rollspel<br \/>\n* sifferpussel \u2013 ett set f\u00f6r att l\u00e4ra sig r\u00e4kna fr\u00e5n 1 till 10 och utveckla f\u00f6rm\u00e5gan att ordna siffror i r\u00e4tt ordning och k\u00e4nna igen m\u00e4ngder<br \/>\n* geometriskt labyrintpussel \u2013 en leksak som l\u00e4r ut form- och f\u00e4rgigenk\u00e4nning och fr\u00e4mjar probleml\u00f6sningsf\u00f6rm\u00e5ga och rumslig f\u00f6rm\u00e5ga<\/p>\n<p>Leksaken utvecklar<\/p>\n<p>* finmotorik<br \/>\n* form- och f\u00e4rgigenk\u00e4nning<br \/>\n* probleml\u00f6sningsf\u00f6rm\u00e5ga<br \/>\n* hand-\u00f6ga-koordination<br \/>\n* r\u00e4knef\u00f6rm\u00e5ga<\/p>\n","protected":false},"excerpt":{"rendered":"<p>Little Thinkers (24-36M) \u00e4r ett pedagogiskt set som ger sm\u00e5barn nya kognitiva utmaningar inom rumsligt t\u00e4nkande och m\u00f6nsterigenk\u00e4nning. Tack vare leksakerna i setet kan barnen f\u00f6rb\u00e4ttra sin r\u00f6relseprecision, l\u00e4ra sig grunderna i geometri och utveckla sin probleml\u00f6sningsf\u00f6rm\u00e5ga. Perfekt f\u00f6r sm\u00e5 uppt\u00e4cktsresande som \u00e4r redo f\u00f6r mer avancerade uppgifter. Egenskaper * Utformat f\u00f6r barn i \u00e5ldern [&hellip;]<\/p>\n","protected":false},"featured_media":0,"comment_status":"open","ping_status":"closed","template":"","meta":[],"product_brand":[],"product_cat":[33],"product_tag":[],"class_list":{"0":"post-17746","1":"product","2":"type-product","3":"status-publish","5":"product_cat-okategoriserad","7":"first","8":"instock","9":"shipping-taxable","10":"purchasable","11":"product-type-simple"},"_links":{"self":[{"href":"https:\/\/nordicmart.andreevmaster.com\/sv\/wp-json\/wp\/v2\/product\/17746","targetHints":{"allow":["GET"]}}],"collection":[{"href":"https:\/\/nordicmart.andreevmaster.com\/sv\/wp-json\/wp\/v2\/product"}],"about":[{"href":"https:\/\/nordicmart.andreevmaster.com\/sv\/wp-json\/wp\/v2\/types\/product"}],"replies":[{"embeddable":true,"href":"https:\/\/nordicmart.andreevmaster.com\/sv\/wp-json\/wp\/v2\/comments?post=17746"}],"wp:attachment":[{"href":"https:\/\/nordicmart.andreevmaster.com\/sv\/wp-json\/wp\/v2\/media?parent=17746"}],"wp:term":[{"taxonomy":"product_brand","embeddable":true,"href":"https:\/\/nordicmart.andreevmaster.com\/sv\/wp-json\/wp\/v2\/product_brand?post=17746"},{"taxonomy":"product_cat","embeddable":true,"href":"https:\/\/nordicmart.andreevmaster.com\/sv\/wp-json\/wp\/v2\/product_cat?post=17746"},{"taxonomy":"product_tag","embeddable":true,"href":"https:\/\/nordicmart.andreevmaster.com\/sv\/wp-json\/wp\/v2\/product_tag?post=17746"}],"curies":[{"name":"wp","href":"https:\/\/api.w.org\/{rel}","templated":true}]}}